{"id":867,"date":"2024-02-15T22:42:58","date_gmt":"2024-02-15T22:42:58","guid":{"rendered":"https:\/\/respiro-zpp.ch\/?page_id=867"},"modified":"2024-02-15T22:44:03","modified_gmt":"2024-02-15T22:44:03","slug":"ensa-erste-hilfe-gespraeche-ueber-suizidgedanken","status":"publish","type":"page","link":"https:\/\/respiro-zpp.ch\/tr\/ensa-erste-hilfe-gespraeche-ueber-suizidgedanken\/","title":{"rendered":"ensa Erste-Hilfe-Gespr\u00e4che \u00fcber Suizidgedanken"},"content":{"rendered":"<div data-elementor-type=\"wp-page\" data-elementor-id=\"867\" class=\"elementor elementor-867\" data-elementor-post-type=\"page\">\n\t\t\t\t\t\t<section class=\"elementor-section elementor-top-section elementor-element elementor-element-28c116f2 elementor-reverse-tablet elementor-reverse-mobile elementor-section-boxed elementor-section-height-default elementor-section-height-default\" data-id=\"28c116f2\" data-element_type=\"section\">\n\t\t\t\t\t\t<div class=\"elementor-container elementor-column-gap-default\">\n\t\t\t\t\t<div class=\"elementor-column elementor-col-100 elementor-top-column elementor-element elementor-element-6c372b5e\" data-id=\"6c372b5e\" data-element_type=\"column\" data-settings=\"{&quot;background_background&quot;:&quot;classic&quot;}\">\n\t\t\t<div class=\"elementor-widget-wrap elementor-element-populated\">\n\t\t\t\t\t\t<div class=\"elementor-element elementor-element-e1b011a elementor-widget elementor-widget-heading\" data-id=\"e1b011a\" data-element_type=\"widget\" data-widget_type=\"heading.default\">\n\t\t\t\t<div class=\"elementor-widget-container\">\n\t\t\t\t\t<h2 class=\"elementor-heading-title elementor-size-default\">ensa Erste-Hilfe-Gespr\u00e4che <br>\u00fcber Suizidgedanken\n<\/h2>\t\t\t\t<\/div>\n\t\t\t\t<\/div>\n\t\t\t\t<div class=\"elementor-element elementor-element-289b4982 elementor-widget-divider--view-line elementor-widget elementor-widget-divider\" data-id=\"289b4982\" data-element_type=\"widget\" data-widget_type=\"divider.default\">\n\t\t\t\t<div class=\"elementor-widget-container\">\n\t\t\t\t\t\t\t<div class=\"elementor-divider\">\n\t\t\t<span class=\"elementor-divider-separator\">\n\t\t\t\t\t\t<\/span>\n\t\t<\/div>\n\t\t\t\t\t\t<\/div>\n\t\t\t\t<\/div>\n\t\t<div class=\"elementor-element elementor-element-b3410ee e-flex e-con-boxed e-con e-parent\" data-id=\"b3410ee\" data-element_type=\"container\">\n\t\t\t\t\t<div class=\"e-con-inner\">\n\t\t<div class=\"elementor-element elementor-element-d2f966b e-flex e-con-boxed e-con e-child\" data-id=\"d2f966b\" data-element_type=\"container\">\n\t\t\t\t\t<div class=\"e-con-inner\">\n\t\t\t\t<div class=\"elementor-element elementor-element-1630b7b elementor-widget elementor-widget-image\" data-id=\"1630b7b\" data-element_type=\"widget\" data-widget_type=\"image.default\">\n\t\t\t\t<div class=\"elementor-widget-container\">\n\t\t\t\t\t\t\t\t\t\t\t\t\t\t\t<img alt=\"\" fetchpriority=\"high\" decoding=\"async\" width=\"650\" height=\"1000\" src=\"https:\/\/respiro-zpp.ch\/wp-content\/uploads\/2024\/02\/Erste-Hilfe-Gespraeche-ueber-Suizidgedanken.webp\" class=\"attachment-large size-large wp-image-872\" srcset=\"https:\/\/respiro-zpp.ch\/wp-content\/uploads\/2024\/02\/Erste-Hilfe-Gespraeche-ueber-Suizidgedanken.webp 650w, https:\/\/respiro-zpp.ch\/wp-content\/uploads\/2024\/02\/Erste-Hilfe-Gespraeche-ueber-Suizidgedanken-195x300.webp 195w\" sizes=\"(max-width: 650px) 100vw, 650px\" \/>\t\t\t\t\t\t\t\t\t\t\t\t\t\t\t<\/div>\n\t\t\t\t<\/div>\n\t\t\t\t\t<\/div>\n\t\t\t\t<\/div>\n\t\t<div class=\"elementor-element elementor-element-db50af2 e-flex e-con-boxed e-con e-child\" data-id=\"db50af2\" data-element_type=\"container\">\n\t\t\t\t\t<div class=\"e-con-inner\">\n\t\t\t\t<div class=\"elementor-element elementor-element-4c4cde4 elementor-widget elementor-widget-text-editor\" data-id=\"4c4cde4\" data-element_type=\"widget\" data-widget_type=\"text-editor.default\">\n\t\t\t\t<div class=\"elementor-widget-container\">\n\t\t\t\t\t\t\t\t\t<p>Suizid ist in der Schweiz einer der h\u00e4ufigsten Gr\u00fcnde f\u00fcr fr\u00fchzeitige Sterblichkeit: Im Jahr 2017 starben 1043 Menschen durch Suizid \u2013 und die Zahl der Menschen, die einen Suizidversuch unternehmen oder an Suizid denken, liegt um einiges h\u00f6her.<\/p><p>Gleichzeitig sind suizidale Gedanken in unserer Gesellschaft mit einem grossen Tabu behaftet: Betroffene Menschen scheuen sich, offen \u00fcber ihre Gedanken zu reden und sind h\u00e4ufig von Schuldgef\u00fchlen geplagt. Und auch nahestehenden Personen haben oft Angst, das Thema Suizid anzusprechen, weil sie glauben, das k\u00f6nnte die Betroffenen erst recht dazu verleiten, sich das Leben zu nehmen. Oder sie wissen schlicht und einfach nicht, wie sie ihre Bef\u00fcrchtungen zur Sprache bringen k\u00f6nnen.<\/p><p>Dieser Kurs vermittelt Erste-Hilfe-Massnahmen, die alle lernen k\u00f6nnen, um Menschen in suizidalen Krisen beizustehen bis professionelle Unterst\u00fctzung \u00fcbernimmt.<\/p><p><strong>Unsere Kurse:<\/strong><\/p><p><strong>\u00a0<\/strong>In Planung<\/p>\t\t\t\t\t\t\t\t<\/div>\n\t\t\t\t<\/div>\n\t\t\t\t\t<\/div>\n\t\t\t\t<\/div>\n\t\t\t\t\t<\/div>\n\t\t\t\t<\/div>\n\t\t\t\t\t<\/div>\n\t\t<\/div>\n\t\t\t\t\t<\/div>\n\t\t<\/section>\n\t\t\t\t<\/div>","protected":false},"excerpt":{"rendered":"<p>ensa Erste-Hilfe-Gespr\u00e4che \u00fcber Suizidgedanken Suizid ist in der Schweiz einer der h\u00e4ufigsten Gr\u00fcnde f\u00fcr fr\u00fchzeitige Sterblichkeit: Im Jahr 2017 starben 1043 Menschen durch Suizid \u2013 und die Zahl der Menschen, die einen Suizidversuch unternehmen oder an Suizid denken, liegt um einiges h\u00f6her. Gleichzeitig sind suizidale Gedanken in unserer Gesellschaft mit einem grossen Tabu behaftet: Betroffene [&hellip;]<\/p>","protected":false},"author":2,"featured_media":0,"parent":0,"menu_order":0,"comment_status":"closed","ping_status":"closed","template":"","meta":{"_seopress_robots_primary_cat":"","_seopress_titles_title":"","_seopress_titles_desc":"","_seopress_robots_index":"","footnotes":""},"class_list":["post-867","page","type-page","status-publish","hentry"],"_links":{"self":[{"href":"https:\/\/respiro-zpp.ch\/tr\/wp-json\/wp\/v2\/pages\/867","targetHints":{"allow":["GET"]}}],"collection":[{"href":"https:\/\/respiro-zpp.ch\/tr\/wp-json\/wp\/v2\/pages"}],"about":[{"href":"https:\/\/respiro-zpp.ch\/tr\/wp-json\/wp\/v2\/types\/page"}],"author":[{"embeddable":true,"href":"https:\/\/respiro-zpp.ch\/tr\/wp-json\/wp\/v2\/users\/2"}],"replies":[{"embeddable":true,"href":"https:\/\/respiro-zpp.ch\/tr\/wp-json\/wp\/v2\/comments?post=867"}],"version-history":[{"count":0,"href":"https:\/\/respiro-zpp.ch\/tr\/wp-json\/wp\/v2\/pages\/867\/revisions"}],"wp:attachment":[{"href":"https:\/\/respiro-zpp.ch\/tr\/wp-json\/wp\/v2\/media?parent=867"}],"curies":[{"name":"wp","href":"https:\/\/api.w.org\/{rel}","templated":true}]}}