{"id":843,"date":"2024-02-15T22:36:18","date_gmt":"2024-02-15T22:36:18","guid":{"rendered":"https:\/\/respiro-zpp.ch\/?page_id=843"},"modified":"2024-06-05T10:08:10","modified_gmt":"2024-06-05T08:08:10","slug":"ensa-erste-hilfe-kurse-fokus-fuehrungskraefte","status":"publish","type":"page","link":"https:\/\/respiro-zpp.ch\/tr\/ensa-erste-hilfe-kurse-fokus-fuehrungskraefte\/","title":{"rendered":"ensa Erste-Hilfe-Kurse Fokus F\u00fchrungskr\u00e4fte"},"content":{"rendered":"<div data-elementor-type=\"wp-page\" data-elementor-id=\"843\" class=\"elementor elementor-843\" data-elementor-post-type=\"page\">\n\t\t\t\t\t\t<section class=\"elementor-section elementor-top-section elementor-element elementor-element-28c116f2 elementor-reverse-tablet elementor-reverse-mobile elementor-section-boxed elementor-section-height-default elementor-section-height-default\" data-id=\"28c116f2\" data-element_type=\"section\">\n\t\t\t\t\t\t<div class=\"elementor-container elementor-column-gap-default\">\n\t\t\t\t\t<div class=\"elementor-column elementor-col-100 elementor-top-column elementor-element elementor-element-6c372b5e\" data-id=\"6c372b5e\" data-element_type=\"column\" data-settings=\"{&quot;background_background&quot;:&quot;classic&quot;}\">\n\t\t\t<div class=\"elementor-widget-wrap elementor-element-populated\">\n\t\t\t\t\t\t<div class=\"elementor-element elementor-element-e1b011a elementor-widget elementor-widget-heading\" data-id=\"e1b011a\" data-element_type=\"widget\" data-widget_type=\"heading.default\">\n\t\t\t\t<div class=\"elementor-widget-container\">\n\t\t\t\t\t<h2 class=\"elementor-heading-title elementor-size-default\">ensa Erste-Hilfe-Kurse <br>Fokus F\u00fchrungskr\u00e4fte\n<\/h2>\t\t\t\t<\/div>\n\t\t\t\t<\/div>\n\t\t\t\t<div class=\"elementor-element elementor-element-289b4982 elementor-widget-divider--view-line elementor-widget elementor-widget-divider\" data-id=\"289b4982\" data-element_type=\"widget\" data-widget_type=\"divider.default\">\n\t\t\t\t<div class=\"elementor-widget-container\">\n\t\t\t\t\t\t\t<div class=\"elementor-divider\">\n\t\t\t<span class=\"elementor-divider-separator\">\n\t\t\t\t\t\t<\/span>\n\t\t<\/div>\n\t\t\t\t\t\t<\/div>\n\t\t\t\t<\/div>\n\t\t<div class=\"elementor-element elementor-element-b3410ee e-flex e-con-boxed e-con e-parent\" data-id=\"b3410ee\" data-element_type=\"container\">\n\t\t\t\t\t<div class=\"e-con-inner\">\n\t\t<div class=\"elementor-element elementor-element-d2f966b e-flex e-con-boxed e-con e-child\" data-id=\"d2f966b\" data-element_type=\"container\">\n\t\t\t\t\t<div class=\"e-con-inner\">\n\t\t\t\t<div class=\"elementor-element elementor-element-1630b7b elementor-widget elementor-widget-image\" data-id=\"1630b7b\" data-element_type=\"widget\" data-widget_type=\"image.default\">\n\t\t\t\t<div class=\"elementor-widget-container\">\n\t\t\t\t\t\t\t\t\t\t\t\t\t\t\t<img alt=\"\" fetchpriority=\"high\" decoding=\"async\" width=\"681\" height=\"1024\" src=\"https:\/\/respiro-zpp.ch\/wp-content\/uploads\/2024\/02\/Erste-Hilfe-Gespraeche-fuer-Fuehrungskraefte-681x1024.webp\" class=\"attachment-large size-large wp-image-845\" srcset=\"https:\/\/respiro-zpp.ch\/wp-content\/uploads\/2024\/02\/Erste-Hilfe-Gespraeche-fuer-Fuehrungskraefte-681x1024.webp 681w, https:\/\/respiro-zpp.ch\/wp-content\/uploads\/2024\/02\/Erste-Hilfe-Gespraeche-fuer-Fuehrungskraefte-200x300.webp 200w, https:\/\/respiro-zpp.ch\/wp-content\/uploads\/2024\/02\/Erste-Hilfe-Gespraeche-fuer-Fuehrungskraefte-768x1155.webp 768w, https:\/\/respiro-zpp.ch\/wp-content\/uploads\/2024\/02\/Erste-Hilfe-Gespraeche-fuer-Fuehrungskraefte.webp 798w\" sizes=\"(max-width: 681px) 100vw, 681px\" \/>\t\t\t\t\t\t\t\t\t\t\t\t\t\t\t<\/div>\n\t\t\t\t<\/div>\n\t\t\t\t\t<\/div>\n\t\t\t\t<\/div>\n\t\t<div class=\"elementor-element elementor-element-db50af2 e-flex e-con-boxed e-con e-child\" data-id=\"db50af2\" data-element_type=\"container\">\n\t\t\t\t\t<div class=\"e-con-inner\">\n\t\t\t\t<div class=\"elementor-element elementor-element-4c4cde4 elementor-widget elementor-widget-text-editor\" data-id=\"4c4cde4\" data-element_type=\"widget\" data-widget_type=\"text-editor.default\">\n\t\t\t\t<div class=\"elementor-widget-container\">\n\t\t\t\t\t\t\t\t\t<p>Psychische Schwierigkeiten und Krisen geh\u00f6ren auch zur Arbeitswelt dazu. Jeder zweite Mitarbeitende wird im Verlauf seines Arbeitslebens einmal Anzeichen einer psychischen Erkrankung zeigen. Wenn die psychische Gesundheit leidet, leidet bald auch die Arbeitsleistung \u2013 es kommt zu Ausf\u00e4llen oder gar Arbeitsplatzverlusten. Der Schweizer Wirtschaft ging 2020 rund 7,6 Mia Franken an Produktivit\u00e4tsverlusten durch die Auswirkungen psychischer Erkrankungen verloren.<\/p>\n<p>F\u00fchrungskr\u00e4fte k\u00f6nnen Anzeichen psychischer Schwierigkeiten im Anfangsstadium erkennen und fr\u00fchzeitig darauf reagieren. Je eher mit den Betroffenen das Gespr\u00e4ch gesucht wird, desto eher kann geholfen werden. Das Richtige zu tun hilft, menschliches Leid und hohe Folgekosten zu vermeiden.<\/p>\n<p>Erste-Hilfe-Gespr\u00e4che im Arbeitskontext sind herausfordernde Situationen f\u00fcr F\u00fchrungskr\u00e4fte. Im Kurs lernen Sie die Anzeichen psychischer Erkrankungen fr\u00fchzeitig wahrzunehmen und \u00fcben in mehreren Rollenspielen und Diskussionen das Erste-Hilfe-Gespr\u00e4ch mit Mitarbeitenden zu f\u00fchren.<\/p>\n<p><strong>Unsere Kurse:<\/strong><\/p>\n<p><strong>&nbsp;Auf Anfrage<\/strong><\/p>\t\t\t\t\t\t\t\t<\/div>\n\t\t\t\t<\/div>\n\t\t\t\t\t<\/div>\n\t\t\t\t<\/div>\n\t\t\t\t\t<\/div>\n\t\t\t\t<\/div>\n\t\t\t\t\t<\/div>\n\t\t<\/div>\n\t\t\t\t\t<\/div>\n\t\t<\/section>\n\t\t\t\t<\/div>","protected":false},"excerpt":{"rendered":"<p>ensa Erste-Hilfe-Kurse Fokus F\u00fchrungskr\u00e4fte Psychische Schwierigkeiten und Krisen geh\u00f6ren auch zur Arbeitswelt dazu. Jeder zweite Mitarbeitende wird im Verlauf seines Arbeitslebens einmal Anzeichen einer psychischen Erkrankung zeigen. Wenn die psychische Gesundheit leidet, leidet bald auch die Arbeitsleistung \u2013 es kommt zu Ausf\u00e4llen oder gar Arbeitsplatzverlusten. Der Schweizer Wirtschaft ging 2020 rund 7,6 Mia Franken an [&hellip;]<\/p>","protected":false},"author":2,"featured_media":0,"parent":0,"menu_order":0,"comment_status":"closed","ping_status":"closed","template":"","meta":{"_seopress_robots_primary_cat":"","_seopress_titles_title":"","_seopress_titles_desc":"","_seopress_robots_index":"","footnotes":""},"class_list":["post-843","page","type-page","status-publish","hentry"],"_links":{"self":[{"href":"https:\/\/respiro-zpp.ch\/tr\/wp-json\/wp\/v2\/pages\/843","targetHints":{"allow":["GET"]}}],"collection":[{"href":"https:\/\/respiro-zpp.ch\/tr\/wp-json\/wp\/v2\/pages"}],"about":[{"href":"https:\/\/respiro-zpp.ch\/tr\/wp-json\/wp\/v2\/types\/page"}],"author":[{"embeddable":true,"href":"https:\/\/respiro-zpp.ch\/tr\/wp-json\/wp\/v2\/users\/2"}],"replies":[{"embeddable":true,"href":"https:\/\/respiro-zpp.ch\/tr\/wp-json\/wp\/v2\/comments?post=843"}],"version-history":[{"count":0,"href":"https:\/\/respiro-zpp.ch\/tr\/wp-json\/wp\/v2\/pages\/843\/revisions"}],"wp:attachment":[{"href":"https:\/\/respiro-zpp.ch\/tr\/wp-json\/wp\/v2\/media?parent=843"}],"curies":[{"name":"wp","href":"https:\/\/api.w.org\/{rel}","templated":true}]}}