{"id":663,"date":"2024-02-15T20:44:02","date_gmt":"2024-02-15T20:44:02","guid":{"rendered":"https:\/\/respiro-zpp.ch\/?page_id=663"},"modified":"2025-02-27T21:42:30","modified_gmt":"2025-02-27T20:42:30","slug":"stellen","status":"publish","type":"page","link":"https:\/\/respiro-zpp.ch\/tr\/stellen\/","title":{"rendered":"Yer"},"content":{"rendered":"<div data-elementor-type=\"wp-page\" data-elementor-id=\"663\" class=\"elementor elementor-663\" data-elementor-post-type=\"page\">\n\t\t\t\t\t\t<section class=\"elementor-section elementor-top-section elementor-element elementor-element-734a1534 elementor-section-boxed elementor-section-height-default elementor-section-height-default\" data-id=\"734a1534\" data-element_type=\"section\" data-settings=\"{&quot;background_background&quot;:&quot;classic&quot;,&quot;shape_divider_bottom&quot;:&quot;opacity-tilt&quot;}\">\n\t\t\t\t\t\t\t<div class=\"elementor-background-overlay\"><\/div>\n\t\t\t\t\t\t<div class=\"elementor-shape elementor-shape-bottom\" aria-hidden=\"true\" data-negative=\"false\">\n\t\t\t<svg xmlns=\"http:\/\/www.w3.org\/2000\/svg\" viewbox=\"0 0 2600 131.1\" preserveaspectratio=\"none\">\n\t<path class=\"elementor-shape-fill\" d=\"M0 0L2600 0 2600 69.1 0 0z\"\/>\n\t<path class=\"elementor-shape-fill\" style=\"opacity:0.5\" d=\"M0 0L2600 0 2600 69.1 0 69.1z\"\/>\n\t<path class=\"elementor-shape-fill\" style=\"opacity:0.25\" d=\"M2600 0L0 0 0 130.1 2600 69.1z\"\/>\n<\/svg>\t\t<\/div>\n\t\t\t\t\t<div class=\"elementor-container elementor-column-gap-default\">\n\t\t\t\t\t<div class=\"elementor-column elementor-col-100 elementor-top-column elementor-element elementor-element-1583b3ad\" data-id=\"1583b3ad\" data-element_type=\"column\">\n\t\t\t<div class=\"elementor-widget-wrap elementor-element-populated\">\n\t\t\t\t\t\t<div class=\"elementor-element elementor-element-7ab5ce75 elementor-widget elementor-widget-heading\" data-id=\"7ab5ce75\" data-element_type=\"widget\" data-widget_type=\"heading.default\">\n\t\t\t\t<div class=\"elementor-widget-container\">\n\t\t\t\t\t<h2 class=\"elementor-heading-title elementor-size-default\">Yer<\/h2>\t\t\t\t<\/div>\n\t\t\t\t<\/div>\n\t\t\t\t<div class=\"elementor-element elementor-element-1d528a5 elementor-widget-tablet__width-initial elementor-widget elementor-widget-jkit_heading\" data-id=\"1d528a5\" data-element_type=\"widget\" data-widget_type=\"jkit_heading.default\">\n\t\t\t\t<div class=\"elementor-widget-container\">\n\t\t\t\t\t<div  class=\"jeg-elementor-kit jkit-heading  align- align-tablet- align-mobile- jeg_module___69e09d13e2e72\" ><div class=\"heading-section-title  display-inline-block\"><h2 class=\"heading-title\"><\/h2><\/div><div class=\"heading-section-description\"><p>Yeteneklerinizin de\u011fer g\u00f6rd\u00fc\u011f\u00fc ve potansiyelinizin beslendi\u011fi tatmin edici bir kariyer mi ar\u0131yorsunuz? Ba\u015fka yere bakmay\u0131n!<\/p><\/div><\/div>\t\t\t\t<\/div>\n\t\t\t\t<\/div>\n\t\t\t\t\t<\/div>\n\t\t<\/div>\n\t\t\t\t\t<\/div>\n\t\t<\/section>\n\t\t\t\t<section class=\"elementor-section elementor-top-section elementor-element elementor-element-f1d42f5 elementor-reverse-tablet elementor-reverse-mobile elementor-section-boxed elementor-section-height-default elementor-section-height-default\" data-id=\"f1d42f5\" data-element_type=\"section\" data-settings=\"{&quot;background_background&quot;:&quot;classic&quot;}\">\n\t\t\t\t\t\t<div class=\"elementor-container elementor-column-gap-default\">\n\t\t\t\t\t<div class=\"elementor-column elementor-col-100 elementor-top-column elementor-element elementor-element-7f1ed373\" data-id=\"7f1ed373\" data-element_type=\"column\" data-settings=\"{&quot;background_background&quot;:&quot;classic&quot;}\">\n\t\t\t<div class=\"elementor-widget-wrap elementor-element-populated\">\n\t\t\t\t\t\t<div class=\"elementor-element elementor-element-795d00f1 elementor-widget__width-initial elementor-widget elementor-widget-jkit_post_block\" data-id=\"795d00f1\" data-element_type=\"widget\" data-widget_type=\"jkit_post_block.default\">\n\t\t\t\t<div class=\"elementor-widget-container\">\n\t\t\t\t\t<div  class=\"jeg-elementor-kit jkit-postblock postblock- jkit-pagination-disable post-element jeg_module__1_69e09d13e8e4a\"  data-id=\"jeg_module__1_69e09d13e8e4a\" data-settings=\"{&quot;post_type&quot;:&quot;post&quot;,&quot;number_post&quot;:{&quot;unit&quot;:&quot;px&quot;,&quot;size&quot;:2,&quot;sizes&quot;:[]},&quot;post_offset&quot;:0,&quot;unique_content&quot;:&quot;disable&quot;,&quot;include_post&quot;:&quot;&quot;,&quot;exclude_post&quot;:&quot;&quot;,&quot;include_category&quot;:&quot;10&quot;,&quot;exclude_category&quot;:&quot;&quot;,&quot;include_author&quot;:&quot;&quot;,&quot;include_tag&quot;:&quot;&quot;,&quot;exclude_tag&quot;:&quot;&quot;,&quot;sort_by&quot;:&quot;latest&quot;,&quot;pagination_mode&quot;:&quot;disable&quot;,&quot;pagination_loadmore_text&quot;:&quot;Load More&quot;,&quot;pagination_loading_text&quot;:&quot;Loading...&quot;,&quot;pagination_number_post&quot;:{&quot;unit&quot;:&quot;px&quot;,&quot;size&quot;:3,&quot;sizes&quot;:[]},&quot;pagination_scroll_limit&quot;:0,&quot;pagination_icon&quot;:{&quot;value&quot;:&quot;&quot;,&quot;library&quot;:&quot;&quot;},&quot;pagination_icon_position&quot;:&quot;before&quot;,&quot;st_category_position&quot;:&quot;left&quot;,&quot;sg_content_postblock_type&quot;:&quot;&quot;,&quot;sg_content_element_order&quot;:&quot;title,excerpt,read&quot;,&quot;sg_content_breakpoint&quot;:&quot;tablet&quot;,&quot;sg_content_title_html_tag&quot;:&quot;h3&quot;,&quot;sg_content_category_enable&quot;:&quot;&quot;,&quot;sg_content_excerpt_enable&quot;:&quot;&quot;,&quot;sg_content_excerpt_length&quot;:{&quot;unit&quot;:&quot;px&quot;,&quot;size&quot;:&quot;18&quot;,&quot;sizes&quot;:[]},&quot;sg_content_excerpt_more&quot;:&quot;...&quot;,&quot;sg_content_readmore_enable&quot;:&quot;&quot;,&quot;sg_content_readmore_icon&quot;:{&quot;value&quot;:&quot;&quot;,&quot;library&quot;:&quot;&quot;},&quot;sg_content_readmore_icon_position&quot;:&quot;after&quot;,&quot;sg_content_readmore_text&quot;:&quot;Read More&quot;,&quot;sg_content_comment_enable&quot;:&quot;&quot;,&quot;sg_content_comment_icon&quot;:{&quot;value&quot;:&quot;fas fa-comment&quot;,&quot;library&quot;:&quot;fa-solid&quot;},&quot;sg_content_comment_icon_position&quot;:&quot;before&quot;,&quot;sg_content_meta_enable&quot;:&quot;&quot;,&quot;sg_content_meta_author_enable&quot;:&quot;yes&quot;,&quot;sg_content_meta_author_by_text&quot;:&quot;By &quot;,&quot;sg_content_meta_author_icon&quot;:{&quot;value&quot;:&quot;&quot;,&quot;library&quot;:&quot;&quot;},&quot;sg_content_meta_author_icon_position&quot;:&quot;before&quot;,&quot;sg_content_meta_date_enable&quot;:&quot;yes&quot;,&quot;sg_content_meta_date_type&quot;:&quot;published&quot;,&quot;sg_content_meta_date_format&quot;:&quot;default&quot;,&quot;sg_content_meta_date_format_custom&quot;:&quot;F j, Y&quot;,&quot;sg_content_meta_date_icon&quot;:{&quot;value&quot;:&quot;&quot;,&quot;library&quot;:&quot;&quot;},&quot;sg_content_meta_date_icon_position&quot;:&quot;before&quot;,&quot;sg_content_image_size_imagesize_size&quot;:&quot;full&quot;,&quot;paged&quot;:1,&quot;class&quot;:&quot;jkit_post_block&quot;}\"><div class=\"jkit-block-container\"><div class=\"jkit-posts jkit-ajax-flag\">\n            <article class=\"jkit-post post-1193 post type-post status-publish format-standard has-post-thumbnail hentry category-stellen\">\n                    <div class=\"jkit-thumb\"><a aria-label=\"Assistenz\u00e4rztInnen in Kinder- und Jugendpsychiatrie\" href=\"https:\/\/respiro-zpp.ch\/tr\/assistenzarztinnen-in-kinder-und-jugendpsychiatrie\/\"><div class=\"thumbnail-container\">\n            <img loading=\"lazy\" decoding=\"async\" width=\"1619\" height=\"1080\" src=\"https:\/\/respiro-zpp.ch\/wp-content\/uploads\/2024\/02\/looking-for-a-plant-lover-2023-11-27-05-15-36-utc-Buyuk.webp\" class=\"attachment-full size-full wp-post-image\" alt=\"\" srcset=\"https:\/\/respiro-zpp.ch\/wp-content\/uploads\/2024\/02\/looking-for-a-plant-lover-2023-11-27-05-15-36-utc-Buyuk.webp 1619w, https:\/\/respiro-zpp.ch\/wp-content\/uploads\/2024\/02\/looking-for-a-plant-lover-2023-11-27-05-15-36-utc-Buyuk-300x200.webp 300w, https:\/\/respiro-zpp.ch\/wp-content\/uploads\/2024\/02\/looking-for-a-plant-lover-2023-11-27-05-15-36-utc-Buyuk-1024x683.webp 1024w, https:\/\/respiro-zpp.ch\/wp-content\/uploads\/2024\/02\/looking-for-a-plant-lover-2023-11-27-05-15-36-utc-Buyuk-768x512.webp 768w, https:\/\/respiro-zpp.ch\/wp-content\/uploads\/2024\/02\/looking-for-a-plant-lover-2023-11-27-05-15-36-utc-Buyuk-1536x1025.webp 1536w\" sizes=\"auto, (max-width: 1619px) 100vw, 1619px\" \/>\n        <\/div><\/a><\/div>\n                    <div class=\"jkit-postblock-content\"><h3 class=\"jkit-post-title\">\n\t\t\t\t\t\t\t<a href=\"https:\/\/respiro-zpp.ch\/tr\/assistenzarztinnen-in-kinder-und-jugendpsychiatrie\/\">Assistenz\u00e4rztInnen in Kinder- und Jugendpsychiatrie<\/a>\n\t\t\t\t\t\t<\/h3><div class=\"jkit-post-meta-bottom\">\n\t\t\t\t\t\t\t\n\t\t\t\t\t\t<\/div><\/div>\n                <\/article><article class=\"jkit-post post-1163 post type-post status-publish format-standard has-post-thumbnail hentry category-stellen\">\n                    <div class=\"jkit-thumb\"><a aria-label=\"Fach\u00e4rztInnen in Kinder- und Jugendpsychiatrie\" href=\"https:\/\/respiro-zpp.ch\/tr\/facharztinnen-in-kinder-und-jugendpsychiatrie\/\"><div class=\"thumbnail-container\">\n            <img loading=\"lazy\" decoding=\"async\" width=\"1619\" height=\"1080\" src=\"https:\/\/respiro-zpp.ch\/wp-content\/uploads\/2024\/02\/looking-for-a-plant-lover-2023-11-27-05-15-36-utc-Buyuk.webp\" class=\"attachment-full size-full wp-post-image\" alt=\"\" srcset=\"https:\/\/respiro-zpp.ch\/wp-content\/uploads\/2024\/02\/looking-for-a-plant-lover-2023-11-27-05-15-36-utc-Buyuk.webp 1619w, https:\/\/respiro-zpp.ch\/wp-content\/uploads\/2024\/02\/looking-for-a-plant-lover-2023-11-27-05-15-36-utc-Buyuk-300x200.webp 300w, https:\/\/respiro-zpp.ch\/wp-content\/uploads\/2024\/02\/looking-for-a-plant-lover-2023-11-27-05-15-36-utc-Buyuk-1024x683.webp 1024w, https:\/\/respiro-zpp.ch\/wp-content\/uploads\/2024\/02\/looking-for-a-plant-lover-2023-11-27-05-15-36-utc-Buyuk-768x512.webp 768w, https:\/\/respiro-zpp.ch\/wp-content\/uploads\/2024\/02\/looking-for-a-plant-lover-2023-11-27-05-15-36-utc-Buyuk-1536x1025.webp 1536w\" sizes=\"auto, (max-width: 1619px) 100vw, 1619px\" \/>\n        <\/div><\/a><\/div>\n                    <div class=\"jkit-postblock-content\"><h3 class=\"jkit-post-title\">\n\t\t\t\t\t\t\t<a href=\"https:\/\/respiro-zpp.ch\/tr\/facharztinnen-in-kinder-und-jugendpsychiatrie\/\">Fach\u00e4rztInnen in Kinder- und Jugendpsychiatrie<\/a>\n\t\t\t\t\t\t<\/h3><div class=\"jkit-post-meta-bottom\">\n\t\t\t\t\t\t\t\n\t\t\t\t\t\t<\/div><\/div>\n                <\/article>\n        <\/div><\/div><\/div>\t\t\t\t<\/div>\n\t\t\t\t<\/div>\n\t\t\t\t\t<\/div>\n\t\t<\/div>\n\t\t\t\t\t<\/div>\n\t\t<\/section>\n\t\t\t\t<\/div>","protected":false},"excerpt":{"rendered":"<p>Stellen Suchen Sie nach einer erf\u00fcllenden Karriere, in der Ihre Talente gesch\u00e4tzt und Ihr Potenzial gef\u00f6rdert werden? Suchen Sie nicht weiter! edit post Assistenz\u00e4rztInnen in Kinder- und Jugendpsychiatrie edit post Fach\u00e4rztInnen in Kinder- und Jugendpsychiatrie<\/p>","protected":false},"author":2,"featured_media":0,"parent":0,"menu_order":0,"comment_status":"closed","ping_status":"closed","template":"elementor_header_footer","meta":{"_seopress_robots_primary_cat":"","_seopress_titles_title":"","_seopress_titles_desc":"","_seopress_robots_index":"","footnotes":""},"class_list":["post-663","page","type-page","status-publish","hentry"],"_links":{"self":[{"href":"https:\/\/respiro-zpp.ch\/tr\/wp-json\/wp\/v2\/pages\/663","targetHints":{"allow":["GET"]}}],"collection":[{"href":"https:\/\/respiro-zpp.ch\/tr\/wp-json\/wp\/v2\/pages"}],"about":[{"href":"https:\/\/respiro-zpp.ch\/tr\/wp-json\/wp\/v2\/types\/page"}],"author":[{"embeddable":true,"href":"https:\/\/respiro-zpp.ch\/tr\/wp-json\/wp\/v2\/users\/2"}],"replies":[{"embeddable":true,"href":"https:\/\/respiro-zpp.ch\/tr\/wp-json\/wp\/v2\/comments?post=663"}],"version-history":[{"count":8,"href":"https:\/\/respiro-zpp.ch\/tr\/wp-json\/wp\/v2\/pages\/663\/revisions"}],"predecessor-version":[{"id":2123,"href":"https:\/\/respiro-zpp.ch\/tr\/wp-json\/wp\/v2\/pages\/663\/revisions\/2123"}],"wp:attachment":[{"href":"https:\/\/respiro-zpp.ch\/tr\/wp-json\/wp\/v2\/media?parent=663"}],"curies":[{"name":"wp","href":"https:\/\/api.w.org\/{rel}","templated":true}]}}