{"id":569,"date":"2024-02-15T19:33:29","date_gmt":"2024-02-15T19:33:29","guid":{"rendered":"https:\/\/respiro-zpp.ch\/?page_id=569"},"modified":"2025-02-27T21:35:08","modified_gmt":"2025-02-27T20:35:08","slug":"weiterbildung","status":"publish","type":"page","link":"https:\/\/respiro-zpp.ch\/tr\/weiterbildung\/","title":{"rendered":"\u0130leri E\u011fitim"},"content":{"rendered":"<div data-elementor-type=\"wp-page\" data-elementor-id=\"569\" class=\"elementor elementor-569\" data-elementor-post-type=\"page\">\n\t\t\t\t\t\t<section class=\"elementor-section elementor-top-section elementor-element elementor-element-10daa334 elementor-section-height-full elementor-section-boxed elementor-section-height-default elementor-section-items-middle\" data-id=\"10daa334\" data-element_type=\"section\" data-settings=\"{&quot;background_background&quot;:&quot;classic&quot;}\">\n\t\t\t\t\t\t\t<div class=\"elementor-background-overlay\"><\/div>\n\t\t\t\t\t\t\t<div class=\"elementor-container elementor-column-gap-default\">\n\t\t\t\t\t<div class=\"elementor-column elementor-col-100 elementor-top-column elementor-element elementor-element-3929aecc\" data-id=\"3929aecc\" data-element_type=\"column\">\n\t\t\t<div class=\"elementor-widget-wrap elementor-element-populated\">\n\t\t\t\t\t\t<div class=\"elementor-element elementor-element-6eb5c932 elementor-widget elementor-widget-heading\" data-id=\"6eb5c932\" data-element_type=\"widget\" data-widget_type=\"heading.default\">\n\t\t\t\t<div class=\"elementor-widget-container\">\n\t\t\t\t\t<h2 class=\"elementor-heading-title elementor-size-default\">\u0130leri E\u011fitim<\/h2>\t\t\t\t<\/div>\n\t\t\t\t<\/div>\n\t\t\t\t<div class=\"elementor-element elementor-element-7f1fb59 elementor-widget-tablet__width-initial elementor-widget elementor-widget-jkit_heading\" data-id=\"7f1fb59\" data-element_type=\"widget\" data-widget_type=\"jkit_heading.default\">\n\t\t\t\t<div class=\"elementor-widget-container\">\n\t\t\t\t\t<div  class=\"jeg-elementor-kit jkit-heading  align- align-tablet- align-mobile- jeg_module___69e8f5e8accef\" ><div class=\"heading-section-title  display-inline-block\"><h2 class=\"heading-title\"><\/h2><\/div><div class=\"heading-section-description\"><p>Respiro Psikiyatri ve Psikoterapi Merkezi GmbH, ruh sa\u011fl\u0131\u011f\u0131 alan\u0131nda sertifikal\u0131 s\u00fcrekli e\u011fitim kurslar\u0131 sunmay\u0131 ama\u00e7lamaktad\u0131r. Ayr\u0131ca, transk\u00fclt\u00fcrel psikiyatriye odaklanarak, profesyonellere, y\u00f6neticilere, kamu g\u00f6revlilerine, \u00f6zel ki\u015filere, ebeveynlere ve genel olarak gen\u00e7lere \u00e7e\u015fitli alanlarda s\u00fcrekli e\u011fitim sa\u011flamay\u0131 ama\u00e7lamaktad\u0131r. Bu ama\u00e7la, Respiro ZPP GmbH hem \u00e7evrimi\u00e7i hem de \u015fahsen \u00e7e\u015fitli etkinlikler d\u00fczenlemeyi planlamaktad\u0131r.<\/p><\/div><\/div>\t\t\t\t<\/div>\n\t\t\t\t<\/div>\n\t\t\t\t\t<\/div>\n\t\t<\/div>\n\t\t\t\t\t<\/div>\n\t\t<\/section>\n\t\t\t\t<section class=\"elementor-section elementor-inner-section elementor-element elementor-element-2a9fa9b5 elementor-section-content-middle elementor-section-boxed elementor-section-height-default elementor-section-height-default\" data-id=\"2a9fa9b5\" data-element_type=\"section\" data-settings=\"{&quot;background_background&quot;:&quot;classic&quot;}\">\n\t\t\t\t\t\t\t<div class=\"elementor-background-overlay\"><\/div>\n\t\t\t\t\t\t\t<div class=\"elementor-container elementor-column-gap-no\">\n\t\t\t\t\t<div class=\"elementor-column elementor-col-100 elementor-inner-column elementor-element elementor-element-69635e69\" data-id=\"69635e69\" data-element_type=\"column\" data-settings=\"{&quot;background_background&quot;:&quot;classic&quot;}\">\n\t\t\t<div class=\"elementor-widget-wrap elementor-element-populated\">\n\t\t\t\t\t\t<div class=\"elementor-element elementor-element-69aa6f62 elementor-widget elementor-widget-heading\" data-id=\"69aa6f62\" data-element_type=\"widget\" data-widget_type=\"heading.default\">\n\t\t\t\t<div class=\"elementor-widget-container\">\n\t\t\t\t\t<h2 class=\"elementor-heading-title elementor-size-default\">Respiro ZPP'de ileri e\u011fitim<\/h2>\t\t\t\t<\/div>\n\t\t\t\t<\/div>\n\t\t\t\t<div class=\"elementor-element elementor-element-6f6b324c elementor-widget elementor-widget-text-editor\" data-id=\"6f6b324c\" data-element_type=\"widget\" data-widget_type=\"text-editor.default\">\n\t\t\t\t<div class=\"elementor-widget-container\">\n\t\t\t\t\t\t\t\t\t<p>Respiro Psikiyatri ve Psikoterapi Merkezi GmbH, ruh sa\u011fl\u0131\u011f\u0131 alan\u0131nda sertifikal\u0131 s\u00fcrekli e\u011fitim kurslar\u0131 sunmaktan gurur duymaktad\u0131r. Amac\u0131m\u0131z, \u00e7e\u015fitli alanlarda profesyonellere, y\u00f6neticilere, kamu g\u00f6revlilerine, \u00f6zel ki\u015filere ve genel olarak ebeveynlere ve gen\u00e7lere s\u00fcrekli e\u011fitim sa\u011flamakt\u0131r.<\/p>\t\t\t\t\t\t\t\t<\/div>\n\t\t\t\t<\/div>\n\t\t\t\t<div class=\"elementor-element elementor-element-5bfa9d4a elementor-widget-divider--view-line elementor-widget elementor-widget-divider\" data-id=\"5bfa9d4a\" data-element_type=\"widget\" data-widget_type=\"divider.default\">\n\t\t\t\t<div class=\"elementor-widget-container\">\n\t\t\t\t\t\t\t<div class=\"elementor-divider\">\n\t\t\t<span class=\"elementor-divider-separator\">\n\t\t\t\t\t\t<\/span>\n\t\t<\/div>\n\t\t\t\t\t\t<\/div>\n\t\t\t\t<\/div>\n\t\t\t\t<div class=\"elementor-element elementor-element-68ec28df elementor-widget elementor-widget-heading\" data-id=\"68ec28df\" data-element_type=\"widget\" data-widget_type=\"heading.default\">\n\t\t\t\t<div class=\"elementor-widget-container\">\n\t\t\t\t\t<h2 class=\"elementor-heading-title elementor-size-default\">Odak noktalar\u0131m\u0131z<\/h2>\t\t\t\t<\/div>\n\t\t\t\t<\/div>\n\t\t\t\t<div class=\"elementor-element elementor-element-6834d1d9 elementor-widget elementor-widget-text-editor\" data-id=\"6834d1d9\" data-element_type=\"widget\" data-widget_type=\"text-editor.default\">\n\t\t\t\t<div class=\"elementor-widget-container\">\n\t\t\t\t\t\t\t\t\t<div class=\"elementor-element elementor-element-841235a elementor-widget elementor-widget-text-editor\" data-id=\"841235a\" data-element_type=\"widget\" data-widget_type=\"text-editor.default\"><div class=\"elementor-widget-container\"><p>Odak noktam\u0131z transk\u00fclt\u00fcrel psikiyatridir. Zihinsel sa\u011fl\u0131ktaki k\u00fclt\u00fcrel farkl\u0131l\u0131klar\u0131n anla\u015f\u0131lmas\u0131n\u0131 te\u015fvik etmeyi ve farkl\u0131 k\u00fclt\u00fcrel ge\u00e7mi\u015flere sahip insanlarla \u00e7al\u0131\u015fma becerilerini geli\u015ftirmeyi ama\u00e7layan s\u00fcrekli e\u011fitim kurslar\u0131 sunuyoruz.<\/p><\/div><\/div>\t\t\t\t\t\t\t\t<\/div>\n\t\t\t\t<\/div>\n\t\t\t\t\t<\/div>\n\t\t<\/div>\n\t\t\t\t\t<\/div>\n\t\t<\/section>\n\t\t\t\t<section class=\"elementor-section elementor-inner-section elementor-element elementor-element-38615ca elementor-section-content-middle elementor-section-boxed elementor-section-height-default elementor-section-height-default\" data-id=\"38615ca\" data-element_type=\"section\" data-settings=\"{&quot;background_background&quot;:&quot;classic&quot;}\">\n\t\t\t\t\t\t\t<div class=\"elementor-background-overlay\"><\/div>\n\t\t\t\t\t\t\t<div class=\"elementor-container elementor-column-gap-no\">\n\t\t\t\t\t<div class=\"elementor-column elementor-col-100 elementor-inner-column elementor-element elementor-element-2001f24\" data-id=\"2001f24\" data-element_type=\"column\" data-settings=\"{&quot;background_background&quot;:&quot;classic&quot;}\">\n\t\t\t<div class=\"elementor-widget-wrap elementor-element-populated\">\n\t\t\t\t\t\t<div class=\"elementor-element elementor-element-42d355e elementor-widget elementor-widget-heading\" data-id=\"42d355e\" data-element_type=\"widget\" data-widget_type=\"heading.default\">\n\t\t\t\t<div class=\"elementor-widget-container\">\n\t\t\t\t\t<h2 class=\"elementor-heading-title elementor-size-default\">Etkinlik formatlar\u0131<\/h2>\t\t\t\t<\/div>\n\t\t\t\t<\/div>\n\t\t\t\t<div class=\"elementor-element elementor-element-7deb1f8 elementor-widget elementor-widget-text-editor\" data-id=\"7deb1f8\" data-element_type=\"widget\" data-widget_type=\"text-editor.default\">\n\t\t\t\t<div class=\"elementor-widget-container\">\n\t\t\t\t\t\t\t\t\t<p>S\u00fcrekli e\u011fitim kurslar\u0131m\u0131z\u0131 hem \u00e7evrimi\u00e7i hem de \u015fahsen sunuyoruz. \u00c7evrimi\u00e7i kurslar\u0131m\u0131z kat\u0131l\u0131mc\u0131lar\u0131n her yerden rahat\u00e7a kat\u0131lmalar\u0131na olanak tan\u0131rken, \u015fahsen kurslar\u0131m\u0131z daha ki\u015fisel etkile\u015fim ve daha derin \u00f6\u011frenme sa\u011flar.<\/p>\t\t\t\t\t\t\t\t<\/div>\n\t\t\t\t<\/div>\n\t\t\t\t<div class=\"elementor-element elementor-element-12a4c2f elementor-widget-divider--view-line elementor-widget elementor-widget-divider\" data-id=\"12a4c2f\" data-element_type=\"widget\" data-widget_type=\"divider.default\">\n\t\t\t\t<div class=\"elementor-widget-container\">\n\t\t\t\t\t\t\t<div class=\"elementor-divider\">\n\t\t\t<span class=\"elementor-divider-separator\">\n\t\t\t\t\t\t<\/span>\n\t\t<\/div>\n\t\t\t\t\t\t<\/div>\n\t\t\t\t<\/div>\n\t\t\t\t<div class=\"elementor-element elementor-element-2533fb6 elementor-widget elementor-widget-heading\" data-id=\"2533fb6\" data-element_type=\"widget\" data-widget_type=\"heading.default\">\n\t\t\t\t<div class=\"elementor-widget-container\">\n\t\t\t\t\t<h2 class=\"elementor-heading-title elementor-size-default\">Tekliflerimiz<\/h2>\t\t\t\t<\/div>\n\t\t\t\t<\/div>\n\t\t\t\t<div class=\"elementor-element elementor-element-993aab4 elementor-widget elementor-widget-text-editor\" data-id=\"993aab4\" data-element_type=\"widget\" data-widget_type=\"text-editor.default\">\n\t\t\t\t<div class=\"elementor-widget-container\">\n\t\t\t\t\t\t\t\t\t<div class=\"elementor-element elementor-element-841235a elementor-widget elementor-widget-text-editor\" data-id=\"841235a\" data-element_type=\"widget\" data-widget_type=\"text-editor.default\"><div class=\"elementor-widget-container\"><ul><li>Ruh sa\u011fl\u0131\u011f\u0131 alan\u0131nda sertifikal\u0131 s\u00fcrekli e\u011fitim<\/li><li>Transk\u00fclt\u00fcrel psikiyatri alan\u0131nda ileri e\u011fitim<\/li><li>Profesyoneller, y\u00f6neticiler ve kamu g\u00f6revlileri i\u00e7in at\u00f6lye \u00e7al\u0131\u015fmalar\u0131 ve seminerler<\/li><li>Ebeveynler ve gen\u00e7ler i\u00e7in bilgilendirme etkinlikleri<\/li><\/ul><\/div><\/div>\t\t\t\t\t\t\t\t<\/div>\n\t\t\t\t<\/div>\n\t\t\t\t\t<\/div>\n\t\t<\/div>\n\t\t\t\t\t<\/div>\n\t\t<\/section>\n\t\t<div class=\"elementor-element elementor-element-bea1170 e-flex e-con-boxed e-con e-parent\" data-id=\"bea1170\" data-element_type=\"container\" data-settings=\"{&quot;background_background&quot;:&quot;classic&quot;}\">\n\t\t\t\t\t<div class=\"e-con-inner\">\n\t\t\t\t<div class=\"elementor-element elementor-element-64e20e7 elementor-widget elementor-widget-heading\" data-id=\"64e20e7\" data-element_type=\"widget\" data-widget_type=\"heading.default\">\n\t\t\t\t<div class=\"elementor-widget-container\">\n\t\t\t\t\t<h2 class=\"elementor-heading-title elementor-size-default\">Partnerlerimiz<\/h2>\t\t\t\t<\/div>\n\t\t\t\t<\/div>\n\t\t\t\t\t<\/div>\n\t\t\t\t<\/div>\n\t\t\t\t<section class=\"elementor-section elementor-top-section elementor-element elementor-element-be83179 elementor-reverse-tablet elementor-reverse-mobile elementor-section-boxed elementor-section-height-default elementor-section-height-default\" data-id=\"be83179\" data-element_type=\"section\" data-settings=\"{&quot;background_background&quot;:&quot;classic&quot;}\">\n\t\t\t\t\t\t<div class=\"elementor-container elementor-column-gap-default\">\n\t\t\t\t\t<div class=\"elementor-column elementor-col-66 elementor-top-column elementor-element elementor-element-88cc9d2\" data-id=\"88cc9d2\" data-element_type=\"column\" data-settings=\"{&quot;background_background&quot;:&quot;classic&quot;}\">\n\t\t\t<div class=\"elementor-widget-wrap elementor-element-populated\">\n\t\t\t\t\t<div class=\"elementor-background-overlay\"><\/div>\n\t\t\t\t\t\t<div class=\"elementor-element elementor-element-8193079 elementor-widget elementor-widget-image\" data-id=\"8193079\" data-element_type=\"widget\" data-widget_type=\"image.default\">\n\t\t\t\t<div class=\"elementor-widget-container\">\n\t\t\t\t\t\t\t\t\t\t\t\t\t\t\t\t<a href=\"https:\/\/nothelfercoach.ch\/\">\n\t\t\t\t\t\t\t<img alt=\"\" fetchpriority=\"high\" decoding=\"async\" width=\"777\" height=\"198\" src=\"https:\/\/respiro-zpp.ch\/wp-content\/uploads\/2024\/02\/WhatsApp-Goersel-2023-08-28-saat-17.33.52-1.webp\" class=\"attachment-large size-large wp-image-585\" srcset=\"https:\/\/respiro-zpp.ch\/wp-content\/uploads\/2024\/02\/WhatsApp-Goersel-2023-08-28-saat-17.33.52-1.webp 777w, https:\/\/respiro-zpp.ch\/wp-content\/uploads\/2024\/02\/WhatsApp-Goersel-2023-08-28-saat-17.33.52-1-300x76.webp 300w, https:\/\/respiro-zpp.ch\/wp-content\/uploads\/2024\/02\/WhatsApp-Goersel-2023-08-28-saat-17.33.52-1-768x196.webp 768w\" sizes=\"(max-width: 777px) 100vw, 777px\" \/>\t\t\t\t\t\t\t\t<\/a>\n\t\t\t\t\t\t\t\t\t\t\t\t\t\t\t<\/div>\n\t\t\t\t<\/div>\n\t\t\t\t\t<\/div>\n\t\t<\/div>\n\t\t\t\t<div class=\"elementor-column elementor-col-33 elementor-top-column elementor-element elementor-element-a0550e1\" data-id=\"a0550e1\" data-element_type=\"column\">\n\t\t\t<div class=\"elementor-widget-wrap elementor-element-populated\">\n\t\t\t\t\t\t<div class=\"elementor-element elementor-element-c801186 elementor-widget elementor-widget-image\" data-id=\"c801186\" data-element_type=\"widget\" data-widget_type=\"image.default\">\n\t\t\t\t<div class=\"elementor-widget-container\">\n\t\t\t\t\t\t\t\t\t\t\t\t\t\t\t\t<a href=\"https:\/\/www.promentesana.ch\/\">\n\t\t\t\t\t\t\t<img alt=\"\" decoding=\"async\" width=\"777\" height=\"198\" src=\"https:\/\/respiro-zpp.ch\/wp-content\/uploads\/2024\/02\/WhatsApp-Goersel-2023-08-28-saat-17.33.52.webp\" class=\"attachment-large size-large wp-image-586\" srcset=\"https:\/\/respiro-zpp.ch\/wp-content\/uploads\/2024\/02\/WhatsApp-Goersel-2023-08-28-saat-17.33.52.webp 777w, https:\/\/respiro-zpp.ch\/wp-content\/uploads\/2024\/02\/WhatsApp-Goersel-2023-08-28-saat-17.33.52-300x76.webp 300w, https:\/\/respiro-zpp.ch\/wp-content\/uploads\/2024\/02\/WhatsApp-Goersel-2023-08-28-saat-17.33.52-768x196.webp 768w\" sizes=\"(max-width: 777px) 100vw, 777px\" \/>\t\t\t\t\t\t\t\t<\/a>\n\t\t\t\t\t\t\t\t\t\t\t\t\t\t\t<\/div>\n\t\t\t\t<\/div>\n\t\t\t\t\t<\/div>\n\t\t<\/div>\n\t\t\t\t\t<\/div>\n\t\t<\/section>\n\t\t\t\t<\/div>","protected":false},"excerpt":{"rendered":"<p>Weiterbildung Die Respiro Zentrum f\u00fcr Psychiatrie und Psychotherapie GmbH m\u00f6chte im Bereich der psychischen Gesundheit zertifizierte Weiterbildungen anbieten. Neben diesen m\u00f6chte sie mit ihrem Schwerpunkt der transkulturellen Psychiatrie Fachpersonen, F\u00fchrungspersonen, Beamte, Privatpersonen sowie auch Eltern und Jugendliche im Allgemeinen in diversen Punkten fortbilden. Hierzu will die Respiro ZPP GmbH diverse Veranstaltungen sowohl online, wie aber [&hellip;]<\/p>","protected":false},"author":2,"featured_media":0,"parent":0,"menu_order":0,"comment_status":"closed","ping_status":"closed","template":"","meta":{"_seopress_robots_primary_cat":"","_seopress_titles_title":"","_seopress_titles_desc":"","_seopress_robots_index":"","footnotes":""},"class_list":["post-569","page","type-page","status-publish","hentry"],"_links":{"self":[{"href":"https:\/\/respiro-zpp.ch\/tr\/wp-json\/wp\/v2\/pages\/569","targetHints":{"allow":["GET"]}}],"collection":[{"href":"https:\/\/respiro-zpp.ch\/tr\/wp-json\/wp\/v2\/pages"}],"about":[{"href":"https:\/\/respiro-zpp.ch\/tr\/wp-json\/wp\/v2\/types\/page"}],"author":[{"embeddable":true,"href":"https:\/\/respiro-zpp.ch\/tr\/wp-json\/wp\/v2\/users\/2"}],"replies":[{"embeddable":true,"href":"https:\/\/respiro-zpp.ch\/tr\/wp-json\/wp\/v2\/comments?post=569"}],"version-history":[{"count":6,"href":"https:\/\/respiro-zpp.ch\/tr\/wp-json\/wp\/v2\/pages\/569\/revisions"}],"predecessor-version":[{"id":2119,"href":"https:\/\/respiro-zpp.ch\/tr\/wp-json\/wp\/v2\/pages\/569\/revisions\/2119"}],"wp:attachment":[{"href":"https:\/\/respiro-zpp.ch\/tr\/wp-json\/wp\/v2\/media?parent=569"}],"curies":[{"name":"wp","href":"https:\/\/api.w.org\/{rel}","templated":true}]}}