{"id":2607,"date":"2025-04-16T23:56:10","date_gmt":"2025-04-16T21:56:10","guid":{"rendered":"https:\/\/respiro-zpp.ch\/?page_id=2607"},"modified":"2025-05-24T12:26:02","modified_gmt":"2025-05-24T10:26:02","slug":"somay-dalin","status":"publish","type":"page","link":"https:\/\/respiro-zpp.ch\/tr\/somay-dalin\/","title":{"rendered":"Somay Dalin"},"content":{"rendered":"<div data-elementor-type=\"wp-page\" data-elementor-id=\"2607\" class=\"elementor elementor-2607\" data-elementor-post-type=\"page\">\n\t\t\t\t\t\t<section class=\"elementor-section elementor-top-section elementor-element elementor-element-28c116f2 elementor-reverse-tablet elementor-reverse-mobile elementor-section-boxed elementor-section-height-default elementor-section-height-default\" data-id=\"28c116f2\" data-element_type=\"section\">\n\t\t\t\t\t\t<div class=\"elementor-container elementor-column-gap-default\">\n\t\t\t\t\t<div class=\"elementor-column elementor-col-100 elementor-top-column elementor-element elementor-element-6c372b5e\" data-id=\"6c372b5e\" data-element_type=\"column\" data-settings=\"{&quot;background_background&quot;:&quot;classic&quot;}\">\n\t\t\t<div class=\"elementor-widget-wrap elementor-element-populated\">\n\t\t\t\t\t\t<div class=\"elementor-element elementor-element-e1b011a elementor-widget elementor-widget-heading\" data-id=\"e1b011a\" data-element_type=\"widget\" data-widget_type=\"heading.default\">\n\t\t\t\t<div class=\"elementor-widget-container\">\n\t\t\t\t\t<h2 class=\"elementor-heading-title elementor-size-default\">Somay Dalin<\/h2>\t\t\t\t<\/div>\n\t\t\t\t<\/div>\n\t\t\t\t<div class=\"elementor-element elementor-element-51ffd67 elementor-widget elementor-widget-text-editor\" data-id=\"51ffd67\" data-element_type=\"widget\" data-widget_type=\"text-editor.default\">\n\t\t\t\t<div class=\"elementor-widget-container\">\n\t\t\t\t\t\t\t\t\t<p><a href=\"\/tr\/nesrin.gueven@respiro-zpp.ch\/\">somay.dalin@respiro-zpp.ch<\/a><\/p>\t\t\t\t\t\t\t\t<\/div>\n\t\t\t\t<\/div>\n\t\t<div class=\"elementor-element elementor-element-46d6c74 e-flex e-con-boxed e-con e-parent\" data-id=\"46d6c74\" data-element_type=\"container\">\n\t\t\t\t\t<div class=\"e-con-inner\">\n\t\t\t\t<div class=\"elementor-element elementor-element-124d7b57 elementor-widget__width-initial elementor-widget-mobile__width-initial elementor-widget elementor-widget-image\" data-id=\"124d7b57\" data-element_type=\"widget\" data-widget_type=\"image.default\">\n\t\t\t\t<div class=\"elementor-widget-container\">\n\t\t\t\t\t\t\t\t\t\t\t\t\t\t\t<img alt=\"\" fetchpriority=\"high\" decoding=\"async\" width=\"332\" height=\"444\" src=\"https:\/\/respiro-zpp.ch\/wp-content\/uploads\/2025\/04\/WhatsApp-Image-2025-04-16-at-21.59.23.jpeg\" class=\"attachment-large size-large wp-image-2609\" srcset=\"https:\/\/respiro-zpp.ch\/wp-content\/uploads\/2025\/04\/WhatsApp-Image-2025-04-16-at-21.59.23.jpeg 332w, https:\/\/respiro-zpp.ch\/wp-content\/uploads\/2025\/04\/WhatsApp-Image-2025-04-16-at-21.59.23-224x300.jpeg 224w\" sizes=\"(max-width: 332px) 100vw, 332px\" \/>\t\t\t\t\t\t\t\t\t\t\t\t\t\t\t<\/div>\n\t\t\t\t<\/div>\n\t\t<div class=\"elementor-element elementor-element-8430ac3 e-flex e-con-boxed e-con e-child\" data-id=\"8430ac3\" data-element_type=\"container\">\n\t\t\t\t\t<div class=\"e-con-inner\">\n\t\t\t\t<div class=\"elementor-element elementor-element-d7b2537 elementor-widget elementor-widget-text-editor\" data-id=\"d7b2537\" data-element_type=\"widget\" data-widget_type=\"text-editor.default\">\n\t\t\t\t<div class=\"elementor-widget-container\">\n\t\t\t\t\t\t\t\t\t<p><strong>Bir muayenehane y\u00f6neticisi olarak, randevunuzu planlaman\u0131zdan ger\u00e7ek ziyaretinize kadar iyi bak\u0131ld\u0131\u011f\u0131n\u0131z\u0131 hissetmeniz benim i\u00e7in \u00f6zellikle \u00f6nemlidir. Samimi bir atmosfer, net prosed\u00fcrler ve istekleriniz ve \u00f6nerileriniz i\u00e7in a\u00e7\u0131k bir kulak benim i\u00e7in olmazsa olmazd\u0131r. \u00c7\u00fcnk\u00fc yaln\u0131zca kendinizi rahat hissetti\u011finizde sa\u011fl\u0131\u011f\u0131n\u0131z i\u00e7in m\u00fcmk\u00fcn olan en iyi sonucu elde etmek i\u00e7in birlikte \u00e7al\u0131\u015fabiliriz.<\/strong><\/p>\t\t\t\t\t\t\t\t<\/div>\n\t\t\t\t<\/div>\n\t\t<div class=\"elementor-element elementor-element-59a67d5 e-con-full e-flex e-con e-child\" data-id=\"59a67d5\" data-element_type=\"container\">\n\t\t\t\t<div class=\"elementor-element elementor-element-59f3835 elementor-widget elementor-widget-text-editor\" data-id=\"59f3835\" data-element_type=\"widget\" data-widget_type=\"text-editor.default\">\n\t\t\t\t<div class=\"elementor-widget-container\">\n\t\t\t\t\t\t\t\t\t<table width=\"203\"><tbody><tr><td colspan=\"2\" width=\"203\"><h5>Diller<\/h5><\/td><\/tr><tr><td>\u00a0<\/td><td><strong>Almanca<\/strong><\/td><\/tr><tr><td>\u00a0<\/td><td><strong>\u0130ngilizce<\/strong><\/td><\/tr><tr><td>\u00a0<\/td><td><strong>T\u00fcrk\u00e7e<\/strong><\/td><\/tr><tr><td>\u00a0<\/td><td><strong>Frans\u0131zca<\/strong><\/td><\/tr><\/tbody><\/table>\t\t\t\t\t\t\t\t<\/div>\n\t\t\t\t<\/div>\n\t\t\t\t<\/div>\n\t\t\t\t\t<\/div>\n\t\t\t\t<\/div>\n\t\t\t\t\t<\/div>\n\t\t\t\t<\/div>\n\t\t\t\t\t<\/div>\n\t\t<\/div>\n\t\t\t\t\t<\/div>\n\t\t<\/section>\n\t\t\t\t<\/div>","protected":false},"excerpt":{"rendered":"<p>Somay Dalin somay.dalin@respiro-zpp.ch Als Praxismanagerin liegt mir besonders am Herzen, dass Sie sich bei uns gut aufgehoben f\u00fchlen \u2013 von der Terminvergabe bis zum Praxisbesuch. Ein freundliches Miteinander, klare Abl\u00e4ufe und ein offenes Ohr f\u00fcr Ihre W\u00fcnsche und Anregungen sind f\u00fcr mich selbstverst\u00e4ndlich. Denn: Nur wenn Sie sich wohlf\u00fchlen, k\u00f6nnen wir gemeinsam f\u00fcr Ihre Gesundheit [&hellip;]<\/p>","protected":false},"author":7,"featured_media":0,"parent":0,"menu_order":0,"comment_status":"closed","ping_status":"closed","template":"","meta":{"_seopress_robots_primary_cat":"","_seopress_titles_title":"","_seopress_titles_desc":"","_seopress_robots_index":"","footnotes":""},"class_list":["post-2607","page","type-page","status-publish","hentry"],"_links":{"self":[{"href":"https:\/\/respiro-zpp.ch\/tr\/wp-json\/wp\/v2\/pages\/2607","targetHints":{"allow":["GET"]}}],"collection":[{"href":"https:\/\/respiro-zpp.ch\/tr\/wp-json\/wp\/v2\/pages"}],"about":[{"href":"https:\/\/respiro-zpp.ch\/tr\/wp-json\/wp\/v2\/types\/page"}],"author":[{"embeddable":true,"href":"https:\/\/respiro-zpp.ch\/tr\/wp-json\/wp\/v2\/users\/7"}],"replies":[{"embeddable":true,"href":"https:\/\/respiro-zpp.ch\/tr\/wp-json\/wp\/v2\/comments?post=2607"}],"version-history":[{"count":11,"href":"https:\/\/respiro-zpp.ch\/tr\/wp-json\/wp\/v2\/pages\/2607\/revisions"}],"predecessor-version":[{"id":4045,"href":"https:\/\/respiro-zpp.ch\/tr\/wp-json\/wp\/v2\/pages\/2607\/revisions\/4045"}],"wp:attachment":[{"href":"https:\/\/respiro-zpp.ch\/tr\/wp-json\/wp\/v2\/media?parent=2607"}],"curies":[{"name":"wp","href":"https:\/\/api.w.org\/{rel}","templated":true}]}}