{"id":1809,"date":"2024-07-29T15:37:22","date_gmt":"2024-07-29T13:37:22","guid":{"rendered":"https:\/\/respiro-zpp.ch\/?page_id=1809"},"modified":"2024-07-29T17:36:48","modified_gmt":"2024-07-29T15:36:48","slug":"steffen-kirsten","status":"publish","type":"page","link":"https:\/\/respiro-zpp.ch\/tr\/steffen-kirsten\/","title":{"rendered":"Steffen Kirsten"},"content":{"rendered":"<div data-elementor-type=\"wp-page\" data-elementor-id=\"1809\" class=\"elementor elementor-1809\" data-elementor-post-type=\"page\">\n\t\t\t\t\t\t<section class=\"elementor-section elementor-top-section elementor-element elementor-element-28c116f2 elementor-reverse-tablet elementor-reverse-mobile elementor-section-boxed elementor-section-height-default elementor-section-height-default\" data-id=\"28c116f2\" data-element_type=\"section\">\n\t\t\t\t\t\t<div class=\"elementor-container elementor-column-gap-default\">\n\t\t\t\t\t<div class=\"elementor-column elementor-col-100 elementor-top-column elementor-element elementor-element-6c372b5e\" data-id=\"6c372b5e\" data-element_type=\"column\" data-settings=\"{&quot;background_background&quot;:&quot;classic&quot;}\">\n\t\t\t<div class=\"elementor-widget-wrap elementor-element-populated\">\n\t\t\t\t\t\t<div class=\"elementor-element elementor-element-e1b011a elementor-widget elementor-widget-heading\" data-id=\"e1b011a\" data-element_type=\"widget\" data-widget_type=\"heading.default\">\n\t\t\t\t<div class=\"elementor-widget-container\">\n\t\t\t\t\t<h2 class=\"elementor-heading-title elementor-size-default\">Steffen Kirsten<\/h2>\t\t\t\t<\/div>\n\t\t\t\t<\/div>\n\t\t\t\t<div class=\"elementor-element elementor-element-51ffd67 elementor-widget elementor-widget-text-editor\" data-id=\"51ffd67\" data-element_type=\"widget\" data-widget_type=\"text-editor.default\">\n\t\t\t\t<div class=\"elementor-widget-container\">\n\t\t\t\t\t\t\t\t\t<p><a href=\"mailto:kirsten.steffen@respiro-zpp.ch\">kirsten.steffen@respiro-zpp.ch<\/a><\/p><p>\u00a0<\/p>\t\t\t\t\t\t\t\t<\/div>\n\t\t\t\t<\/div>\n\t\t<div class=\"elementor-element elementor-element-46d6c74 e-flex e-con-boxed e-con e-parent\" data-id=\"46d6c74\" data-element_type=\"container\">\n\t\t\t\t\t<div class=\"e-con-inner\">\n\t\t\t\t<div class=\"elementor-element elementor-element-124d7b57 elementor-widget__width-initial elementor-widget-mobile__width-initial elementor-widget elementor-widget-image\" data-id=\"124d7b57\" data-element_type=\"widget\" data-widget_type=\"image.default\">\n\t\t\t\t<div class=\"elementor-widget-container\">\n\t\t\t\t\t\t\t\t\t\t\t\t\t\t\t<img alt=\"\" fetchpriority=\"high\" decoding=\"async\" width=\"620\" height=\"1024\" src=\"https:\/\/respiro-zpp.ch\/wp-content\/uploads\/2024\/02\/dikey-respiro-6-scaled-1-620x1024.webp\" class=\"attachment-large size-large wp-image-718\" srcset=\"https:\/\/respiro-zpp.ch\/wp-content\/uploads\/2024\/02\/dikey-respiro-6-scaled-1-620x1024.webp 620w, https:\/\/respiro-zpp.ch\/wp-content\/uploads\/2024\/02\/dikey-respiro-6-scaled-1-182x300.webp 182w, https:\/\/respiro-zpp.ch\/wp-content\/uploads\/2024\/02\/dikey-respiro-6-scaled-1-768x1268.webp 768w, https:\/\/respiro-zpp.ch\/wp-content\/uploads\/2024\/02\/dikey-respiro-6-scaled-1-930x1536.webp 930w, https:\/\/respiro-zpp.ch\/wp-content\/uploads\/2024\/02\/dikey-respiro-6-scaled-1-1240x2048.webp 1240w, https:\/\/respiro-zpp.ch\/wp-content\/uploads\/2024\/02\/dikey-respiro-6-scaled-1.webp 1550w\" sizes=\"(max-width: 620px) 100vw, 620px\" \/>\t\t\t\t\t\t\t\t\t\t\t\t\t\t\t<\/div>\n\t\t\t\t<\/div>\n\t\t<div class=\"elementor-element elementor-element-8430ac3 e-flex e-con-boxed e-con e-child\" data-id=\"8430ac3\" data-element_type=\"container\">\n\t\t\t\t\t<div class=\"e-con-inner\">\n\t\t<div class=\"elementor-element elementor-element-6c1de380 e-flex e-con-boxed e-con e-child\" data-id=\"6c1de380\" data-element_type=\"container\">\n\t\t\t\t\t<div class=\"e-con-inner\">\n\t\t<div class=\"elementor-element elementor-element-44356131 e-flex e-con-boxed e-con e-child\" data-id=\"44356131\" data-element_type=\"container\">\n\t\t\t\t\t<div class=\"e-con-inner\">\n\t\t\t\t<div class=\"elementor-element elementor-element-7e6ed275 elementor-widget elementor-widget-heading\" data-id=\"7e6ed275\" data-element_type=\"widget\" data-widget_type=\"heading.default\">\n\t\t\t\t<div class=\"elementor-widget-container\">\n\t\t\t\t\t<h4 class=\"elementor-heading-title elementor-size-default\">Diller<\/h4>\t\t\t\t<\/div>\n\t\t\t\t<\/div>\n\t\t\t\t<div class=\"elementor-element elementor-element-30506cb1 elementor-widget__width-initial elementor-widget elementor-widget-text-editor\" data-id=\"30506cb1\" data-element_type=\"widget\" data-widget_type=\"text-editor.default\">\n\t\t\t\t<div class=\"elementor-widget-container\">\n\t\t\t\t\t\t\t\t\t<table style=\"height: 85px;\" width=\"200\"><tbody><tr><td width=\"60\">Almanca<\/td><td width=\"60\">Muttersprache<\/td><\/tr><tr><td width=\"60\">English<\/td><td>Fliessend<\/td><\/tr><tr><td width=\"60\">Norwegisch<\/td><td>Fliessend<\/td><\/tr><tr><td width=\"60\">Spanisch<\/td><td>B1<\/td><\/tr><tr><td width=\"60\">Frans\u0131zca<\/td><td>B1<\/td><\/tr><\/tbody><\/table><p>\u00a0<\/p>\t\t\t\t\t\t\t\t<\/div>\n\t\t\t\t<\/div>\n\t\t\t\t\t<\/div>\n\t\t\t\t<\/div>\n\t\t<div class=\"elementor-element elementor-element-21840f22 e-flex e-con-boxed e-con e-child\" data-id=\"21840f22\" data-element_type=\"container\">\n\t\t\t\t\t<div class=\"e-con-inner\">\n\t\t\t\t<div class=\"elementor-element elementor-element-78953c5d elementor-widget elementor-widget-heading\" data-id=\"78953c5d\" data-element_type=\"widget\" data-widget_type=\"heading.default\">\n\t\t\t\t<div class=\"elementor-widget-container\">\n\t\t\t\t\t<h4 class=\"elementor-heading-title elementor-size-default\">Hobbies &amp; Interesse<\/h4>\t\t\t\t<\/div>\n\t\t\t\t<\/div>\n\t\t\t\t<div class=\"elementor-element elementor-element-5cbd590b elementor-widget__width-initial elementor-widget elementor-widget-text-editor\" data-id=\"5cbd590b\" data-element_type=\"widget\" data-widget_type=\"text-editor.default\">\n\t\t\t\t<div class=\"elementor-widget-container\">\n\t\t\t\t\t\t\t\t\t<table style=\"border-collapse: collapse; width: 96pt;\" border=\"0\" width=\"128\" cellspacing=\"0\" cellpadding=\"0\"><tbody><tr style=\"height: 14.5pt;\"><td class=\"xl65\" style=\"height: 14.5pt; width: 48pt;\" width=\"64\" height=\"19\"><span lang=\"DE-CH\">Sport<\/span><\/td><td class=\"xl65\" style=\"border-left: none; width: 48pt;\" width=\"64\"><span lang=\"DE-CH\">Literatur<\/span><\/td><\/tr><tr style=\"height: 14.5pt;\"><td class=\"xl65\" style=\"height: 14.5pt; border-top: none;\" height=\"19\"><span lang=\"DE-CH\">Kunst<\/span><\/td><td class=\"xl65\" style=\"border-top: none; border-left: none;\">\u00a0<\/td><\/tr><\/tbody><\/table>\t\t\t\t\t\t\t\t<\/div>\n\t\t\t\t<\/div>\n\t\t\t\t\t<\/div>\n\t\t\t\t<\/div>\n\t\t\t\t\t<\/div>\n\t\t\t\t<\/div>\n\t\t\t\t\t<\/div>\n\t\t\t\t<\/div>\n\t\t\t\t\t<\/div>\n\t\t\t\t<\/div>\n\t\t\t\t<div class=\"elementor-element elementor-element-289b4982 elementor-widget-divider--view-line elementor-widget elementor-widget-divider\" data-id=\"289b4982\" data-element_type=\"widget\" data-widget_type=\"divider.default\">\n\t\t\t\t<div class=\"elementor-widget-container\">\n\t\t\t\t\t\t\t<div class=\"elementor-divider\">\n\t\t\t<span class=\"elementor-divider-separator\">\n\t\t\t\t\t\t<\/span>\n\t\t<\/div>\n\t\t\t\t\t\t<\/div>\n\t\t\t\t<\/div>\n\t\t\t\t<div class=\"elementor-element elementor-element-42fb4794 elementor-widget elementor-widget-heading\" data-id=\"42fb4794\" data-element_type=\"widget\" data-widget_type=\"heading.default\">\n\t\t\t\t<div class=\"elementor-widget-container\">\n\t\t\t\t\t<h4 class=\"elementor-heading-title elementor-size-default\">\u00d6zge\u00e7mi\u015f<\/h4>\t\t\t\t<\/div>\n\t\t\t\t<\/div>\n\t\t\t\t<div class=\"elementor-element elementor-element-1c96655 elementor-widget elementor-widget-heading\" data-id=\"1c96655\" data-element_type=\"widget\" data-widget_type=\"heading.default\">\n\t\t\t\t<div class=\"elementor-widget-container\">\n\t\t\t\t\t<h4 class=\"elementor-heading-title elementor-size-default\">Ausbildung<\/h4>\t\t\t\t<\/div>\n\t\t\t\t<\/div>\n\t\t\t\t<div class=\"elementor-element elementor-element-2ee5e63e elementor-widget__width-initial elementor-widget elementor-widget-text-editor\" data-id=\"2ee5e63e\" data-element_type=\"widget\" data-widget_type=\"text-editor.default\">\n\t\t\t\t<div class=\"elementor-widget-container\">\n\t\t\t\t\t\t\t\t\t<table><tbody><tr><td width=\"604\"><strong>Deutschland, UK und Norwegen <\/strong><\/td><\/tr><tr><td width=\"604\"><ul><li><strong>Approbation als Arzt\u00a0<\/strong><\/li><\/ul><\/td><\/tr><tr><td width=\"604\"><strong>Freie Universit\u00e4t Berlin<\/strong><\/td><\/tr><tr><td width=\"604\"><ul><li><strong>Humanmedizin<\/strong><\/li><\/ul><\/td><\/tr><tr><td width=\"604\"><strong>United States <\/strong><\/td><\/tr><tr><td width=\"604\"><ul><li><strong>Medical Licensing examination USMLE 1&amp;2<\/strong><\/li><\/ul><\/td><\/tr><tr><td width=\"604\"><strong>King&#8217;s College London<\/strong><\/td><\/tr><tr><td width=\"604\"><ul><li><strong>BSc Immunology<\/strong><\/li><\/ul><\/td><\/tr><tr><td width=\"604\"><strong>Abitur, Bremen<\/strong><\/td><\/tr><tr><td width=\"604\"><ul><li><strong>Note 1,7 (Chemie, Biologie, Latein, Geschichte)<\/strong><\/li><\/ul><\/td><\/tr><\/tbody><\/table>\t\t\t\t\t\t\t\t<\/div>\n\t\t\t\t<\/div>\n\t\t\t\t<div class=\"elementor-element elementor-element-b928164 elementor-widget elementor-widget-heading\" data-id=\"b928164\" data-element_type=\"widget\" data-widget_type=\"heading.default\">\n\t\t\t\t<div class=\"elementor-widget-container\">\n\t\t\t\t\t<h4 class=\"elementor-heading-title elementor-size-default\">Professional experience 1995 - 2024<\/h4>\t\t\t\t<\/div>\n\t\t\t\t<\/div>\n\t\t\t\t<div class=\"elementor-element elementor-element-51d55c0 elementor-widget__width-initial elementor-widget elementor-widget-text-editor\" data-id=\"51d55c0\" data-element_type=\"widget\" data-widget_type=\"text-editor.default\">\n\t\t\t\t<div class=\"elementor-widget-container\">\n\t\t\t\t\t\t\t\t\t<p>\u00a0<\/p><table><tbody><tr><td width=\"604\"><strong>UPD Bern<\/strong><\/td><\/tr><tr><td width=\"604\"><ul><li><strong>Stellvertretender Oberarzt<\/strong><\/li><\/ul><\/td><\/tr><tr><td width=\"604\"><strong>Tagesklinik, L\u00f6rrach<\/strong><\/td><\/tr><tr><td width=\"604\"><ul><li><strong>Assistenzarzt, ZfP, Erwachsenenpsychiatrie<\/strong><\/li><\/ul><\/td><\/tr><tr><td width=\"604\"><strong>St. Elisabethen Krankenhaus, L\u00f6rrach<\/strong><\/td><\/tr><tr><td width=\"604\"><ul><li><strong>Assistenzarzt, KJP<\/strong><\/li><\/ul><\/td><\/tr><tr><td width=\"604\"><strong>Hochschule Brandenburg<\/strong><\/td><\/tr><tr><td width=\"604\"><ul><li><strong>Assistenzarzt, KJP<\/strong><\/li><\/ul><\/td><\/tr><tr><td width=\"604\"><strong>Molde, Norwegen <\/strong><\/td><\/tr><tr><td width=\"604\"><ul><li><strong>Assistenzarzt, KJP<\/strong><\/li><\/ul><\/td><\/tr><tr><td width=\"604\"><strong>Erwachsenenpsychiatrie, Glauchau<\/strong><\/td><\/tr><tr><td width=\"604\"><ul><li><strong>Asistan Doktor<\/strong><\/li><\/ul><\/td><\/tr><tr><td width=\"604\"><strong>Dr. Ralph Kirsten, Bremen<\/strong><\/td><\/tr><tr><td width=\"604\"><ul><li><strong>Assistenzarzt, KJP<\/strong><\/li><\/ul><\/td><\/tr><tr><td width=\"604\"><strong>Jevnaker Kommune, Norwegen<\/strong><\/td><\/tr><tr><td width=\"604\"><ul><li><strong>Allgemeinarzt<\/strong><\/li><\/ul><\/td><\/tr><tr><td width=\"604\"><strong>Fosnes Kommune, Norwegen<\/strong><\/td><\/tr><tr><td width=\"604\"><ul><li><strong>Allgemeinarzt<\/strong><\/li><\/ul><\/td><\/tr><tr><td width=\"604\"><strong>Universit\u00e4t Magdeburg, Abteilung f\u00fcr Dermatologie<\/strong><\/td><\/tr><tr><td width=\"604\"><ul><li><strong>AIP<\/strong><\/li><\/ul><\/td><\/tr><\/tbody><\/table>\t\t\t\t\t\t\t\t<\/div>\n\t\t\t\t<\/div>\n\t\t\t\t<div class=\"elementor-element elementor-element-cf79a86 elementor-widget elementor-widget-heading\" data-id=\"cf79a86\" data-element_type=\"widget\" data-widget_type=\"heading.default\">\n\t\t\t\t<div class=\"elementor-widget-container\">\n\t\t\t\t\t<h4 class=\"elementor-heading-title elementor-size-default\">SPEZIALKENNTNISSE<\/h4>\t\t\t\t<\/div>\n\t\t\t\t<\/div>\n\t\t\t\t<div class=\"elementor-element elementor-element-bc714cd elementor-widget__width-initial elementor-widget elementor-widget-text-editor\" data-id=\"bc714cd\" data-element_type=\"widget\" data-widget_type=\"text-editor.default\">\n\t\t\t\t<div class=\"elementor-widget-container\">\n\t\t\t\t\t\t\t\t\t<table><tbody><tr><td width=\"604\"><ul><li>Abgeschlossene tiefenpsychologische Selbsterfahrung<\/li><\/ul><\/td><\/tr><tr><td width=\"604\"><ul><li>Abgeschlossene Balintgruppenerfahrung<\/li><\/ul><\/td><\/tr><tr><td width=\"604\"><ul><li>Abgeschlossene Suchtmedizinische Grundversorgung<\/li><\/ul><\/td><\/tr><tr><td width=\"604\"><ul><li>Jumping Fitness Trainer<\/li><\/ul><\/td><\/tr><tr><td width=\"604\"><ul><li>Lizenz f\u00fcr Hypnose<\/li><\/ul><\/td><\/tr><tr><td width=\"604\"><ul><li>Beckenbodentrainer<\/li><\/ul><\/td><\/tr><tr><td width=\"604\"><ul><li>Fussball Athletiktrainer<\/li><\/ul><\/td><\/tr><tr><td width=\"604\"><ul><li>ADOS-2<\/li><\/ul><\/td><\/tr><tr><td width=\"604\"><ul><li>Gutachtent\u00e4tigkeit in der forensischen Psychiatrie<\/li><\/ul><\/td><\/tr><tr><td width=\"604\"><ul><li>Dialektisch- Behaviorale-Therapie<\/li><\/ul><\/td><\/tr><tr><td width=\"604\"><ul><li>Progressive Muskelentspannung (Lizenz)<\/li><\/ul><\/td><\/tr><tr><td width=\"604\"><ul><li>EMDR Therapie, Trauma- Behandlung<\/li><\/ul><\/td><\/tr><tr><td width=\"604\"><ul><li>3- j\u00e4hrige Gruppenerfahrung in der Achtsamkeit und Soziales Kompetenztraining<\/li><\/ul><\/td><\/tr><tr><td width=\"604\"><ul><li>Doktorarbeit mit dem Thema \u201cachtsame K\u00f6rperwahrnehmung- ein integratives Trainingsprogramm im Jugendfu\u00dfball\u201d ist fertig geschrieben<\/li><\/ul><\/td><\/tr><\/tbody><\/table>\t\t\t\t\t\t\t\t<\/div>\n\t\t\t\t<\/div>\n\t\t\t\t\t<\/div>\n\t\t<\/div>\n\t\t\t\t\t<\/div>\n\t\t<\/section>\n\t\t\t\t<\/div>","protected":false},"excerpt":{"rendered":"<p>Steffen Kirsten kirsten.steffen@respiro-zpp.ch \u00a0 Sprachen Deutsch Muttersprache English Fliessend Norwegisch Fliessend Spanisch B1 Franz\u00f6sisch B1 \u00a0 Hobbies &#038; Interesse Sport Literatur Kunst \u00a0 Curriculum vitae Ausbildung Deutschland, UK und Norwegen Approbation als Arzt\u00a0 Freie Universit\u00e4t Berlin Humanmedizin United States Medical Licensing examination USMLE 1&amp;2 King&#8217;s College London BSc Immunology Abitur, Bremen Note 1,7 (Chemie, Biologie, [&hellip;]<\/p>","protected":false},"author":2,"featured_media":0,"parent":0,"menu_order":0,"comment_status":"closed","ping_status":"closed","template":"","meta":{"_seopress_robots_primary_cat":"","_seopress_titles_title":"","_seopress_titles_desc":"","_seopress_robots_index":"","footnotes":""},"class_list":["post-1809","page","type-page","status-publish","hentry"],"_links":{"self":[{"href":"https:\/\/respiro-zpp.ch\/tr\/wp-json\/wp\/v2\/pages\/1809","targetHints":{"allow":["GET"]}}],"collection":[{"href":"https:\/\/respiro-zpp.ch\/tr\/wp-json\/wp\/v2\/pages"}],"about":[{"href":"https:\/\/respiro-zpp.ch\/tr\/wp-json\/wp\/v2\/types\/page"}],"author":[{"embeddable":true,"href":"https:\/\/respiro-zpp.ch\/tr\/wp-json\/wp\/v2\/users\/2"}],"replies":[{"embeddable":true,"href":"https:\/\/respiro-zpp.ch\/tr\/wp-json\/wp\/v2\/comments?post=1809"}],"version-history":[{"count":0,"href":"https:\/\/respiro-zpp.ch\/tr\/wp-json\/wp\/v2\/pages\/1809\/revisions"}],"wp:attachment":[{"href":"https:\/\/respiro-zpp.ch\/tr\/wp-json\/wp\/v2\/media?parent=1809"}],"curies":[{"name":"wp","href":"https:\/\/api.w.org\/{rel}","templated":true}]}}