{"id":1653,"date":"2024-04-08T13:18:31","date_gmt":"2024-04-08T11:18:31","guid":{"rendered":"https:\/\/respiro-zpp.ch\/?page_id=1653"},"modified":"2024-04-08T14:55:29","modified_gmt":"2024-04-08T12:55:29","slug":"maria-dokianaki-2","status":"publish","type":"page","link":"https:\/\/respiro-zpp.ch\/tr\/maria-dokianaki-2\/","title":{"rendered":"Maria Dokianaki"},"content":{"rendered":"<div data-elementor-type=\"wp-page\" data-elementor-id=\"1653\" class=\"elementor elementor-1653\" data-elementor-post-type=\"page\">\n\t\t\t\t\t\t<section class=\"elementor-section elementor-top-section elementor-element elementor-element-28c116f2 elementor-reverse-tablet elementor-reverse-mobile elementor-section-boxed elementor-section-height-default elementor-section-height-default\" data-id=\"28c116f2\" data-element_type=\"section\">\n\t\t\t\t\t\t<div class=\"elementor-container elementor-column-gap-default\">\n\t\t\t\t\t<div class=\"elementor-column elementor-col-100 elementor-top-column elementor-element elementor-element-6c372b5e\" data-id=\"6c372b5e\" data-element_type=\"column\" data-settings=\"{&quot;background_background&quot;:&quot;classic&quot;}\">\n\t\t\t<div class=\"elementor-widget-wrap elementor-element-populated\">\n\t\t\t\t\t\t<div class=\"elementor-element elementor-element-e1b011a elementor-widget elementor-widget-heading\" data-id=\"e1b011a\" data-element_type=\"widget\" data-widget_type=\"heading.default\">\n\t\t\t\t<div class=\"elementor-widget-container\">\n\t\t\t\t\t<h2 class=\"elementor-heading-title elementor-size-default\">Maria Dokianaki<\/h2>\t\t\t\t<\/div>\n\t\t\t\t<\/div>\n\t\t\t\t<div class=\"elementor-element elementor-element-51ffd67 elementor-widget elementor-widget-text-editor\" data-id=\"51ffd67\" data-element_type=\"widget\" data-widget_type=\"text-editor.default\">\n\t\t\t\t<div class=\"elementor-widget-container\">\n\t\t\t\t\t\t\t\t\t<p><a href=\"mailto:maria.dokianaki@respiro-zpp.ch\">maria.dokianaki@respiro-zpp.ch<\/a><\/p>\t\t\t\t\t\t\t\t<\/div>\n\t\t\t\t<\/div>\n\t\t<div class=\"elementor-element elementor-element-46d6c74 e-flex e-con-boxed e-con e-parent\" data-id=\"46d6c74\" data-element_type=\"container\">\n\t\t\t\t\t<div class=\"e-con-inner\">\n\t\t\t\t<div class=\"elementor-element elementor-element-124d7b57 elementor-widget__width-initial elementor-widget-mobile__width-initial elementor-widget elementor-widget-image\" data-id=\"124d7b57\" data-element_type=\"widget\" data-widget_type=\"image.default\">\n\t\t\t\t<div class=\"elementor-widget-container\">\n\t\t\t\t\t\t\t\t\t\t\t\t\t\t\t<img alt=\"\" fetchpriority=\"high\" decoding=\"async\" width=\"612\" height=\"771\" src=\"https:\/\/respiro-zpp.ch\/wp-content\/uploads\/2024\/03\/mariadokianakifll.webp\" class=\"attachment-large size-large wp-image-1616\" srcset=\"https:\/\/respiro-zpp.ch\/wp-content\/uploads\/2024\/03\/mariadokianakifll.webp 612w, https:\/\/respiro-zpp.ch\/wp-content\/uploads\/2024\/03\/mariadokianakifll-238x300.webp 238w\" sizes=\"(max-width: 612px) 100vw, 612px\" \/>\t\t\t\t\t\t\t\t\t\t\t\t\t\t\t<\/div>\n\t\t\t\t<\/div>\n\t\t<div class=\"elementor-element elementor-element-8430ac3 e-flex e-con-boxed e-con e-child\" data-id=\"8430ac3\" data-element_type=\"container\">\n\t\t\t\t\t<div class=\"e-con-inner\">\n\t\t<div class=\"elementor-element elementor-element-6c1de380 e-flex e-con-boxed e-con e-child\" data-id=\"6c1de380\" data-element_type=\"container\">\n\t\t\t\t\t<div class=\"e-con-inner\">\n\t\t<div class=\"elementor-element elementor-element-44356131 e-flex e-con-boxed e-con e-child\" data-id=\"44356131\" data-element_type=\"container\">\n\t\t\t\t\t<div class=\"e-con-inner\">\n\t\t\t\t<div class=\"elementor-element elementor-element-7e6ed275 elementor-widget elementor-widget-heading\" data-id=\"7e6ed275\" data-element_type=\"widget\" data-widget_type=\"heading.default\">\n\t\t\t\t<div class=\"elementor-widget-container\">\n\t\t\t\t\t<h4 class=\"elementor-heading-title elementor-size-default\">Diller<\/h4>\t\t\t\t<\/div>\n\t\t\t\t<\/div>\n\t\t\t\t<div class=\"elementor-element elementor-element-30506cb1 elementor-widget__width-initial elementor-widget elementor-widget-text-editor\" data-id=\"30506cb1\" data-element_type=\"widget\" data-widget_type=\"text-editor.default\">\n\t\t\t\t<div class=\"elementor-widget-container\">\n\t\t\t\t\t\t\t\t\t<table width=\"178\">\n<tbody>\n<tr>\n<td width=\"60\">Almanca<\/td>\n<td width=\"60\">Fliessend<\/td>\n<\/tr>\n<tr>\n<td width=\"60\">English<\/td>\n<td>Fliessend<\/td>\n<\/tr>\n<tr>\n<td width=\"60\">Griechisch<\/td>\n<td>Muttersprache<\/td>\n<\/tr>\n<\/tbody>\n<\/table>\n&nbsp;\t\t\t\t\t\t\t\t<\/div>\n\t\t\t\t<\/div>\n\t\t\t\t\t<\/div>\n\t\t\t\t<\/div>\n\t\t<div class=\"elementor-element elementor-element-21840f22 e-flex e-con-boxed e-con e-child\" data-id=\"21840f22\" data-element_type=\"container\">\n\t\t\t\t\t<div class=\"e-con-inner\">\n\t\t\t\t<div class=\"elementor-element elementor-element-78953c5d elementor-widget elementor-widget-heading\" data-id=\"78953c5d\" data-element_type=\"widget\" data-widget_type=\"heading.default\">\n\t\t\t\t<div class=\"elementor-widget-container\">\n\t\t\t\t\t<h4 class=\"elementor-heading-title elementor-size-default\">Hobbies &amp; Interesse<\/h4>\t\t\t\t<\/div>\n\t\t\t\t<\/div>\n\t\t\t\t<div class=\"elementor-element elementor-element-5cbd590b elementor-widget__width-initial elementor-widget elementor-widget-text-editor\" data-id=\"5cbd590b\" data-element_type=\"widget\" data-widget_type=\"text-editor.default\">\n\t\t\t\t<div class=\"elementor-widget-container\">\n\t\t\t\t\t\t\t\t\t<table style=\"border-collapse: collapse; width: 96pt;\" border=\"0\" width=\"128\" cellspacing=\"0\" cellpadding=\"0\"><tbody><tr style=\"height: 14.5pt;\"><td class=\"xl65\" style=\"height: 14.5pt; width: 48pt;\" width=\"64\" height=\"19\"><span lang=\"DE-CH\">Ballet<\/span><\/td><td class=\"xl65\" style=\"border-left: none; width: 48pt;\" width=\"64\"><span lang=\"DE-CH\">Fitness<\/span><\/td><\/tr><tr style=\"height: 14.5pt;\"><td class=\"xl65\" style=\"height: 14.5pt; border-top: none;\" height=\"19\"><span lang=\"DE-CH\">Kochen<\/span><\/td><td class=\"xl65\" style=\"border-top: none; border-left: none;\"><span lang=\"DE-CH\">Geschichte<\/span><\/td><\/tr><tr style=\"height: 14.5pt;\"><td class=\"xl65\" style=\"height: 14.5pt; border-top: none;\" height=\"19\"><span lang=\"DE-CH\">Wandern<\/span><\/td><td class=\"xl66\" style=\"border-top: none; border-left: none;\">\u00a0<\/td><\/tr><\/tbody><\/table><p>\u00a0<\/p>\t\t\t\t\t\t\t\t<\/div>\n\t\t\t\t<\/div>\n\t\t\t\t\t<\/div>\n\t\t\t\t<\/div>\n\t\t\t\t\t<\/div>\n\t\t\t\t<\/div>\n\t\t\t\t\t<\/div>\n\t\t\t\t<\/div>\n\t\t\t\t\t<\/div>\n\t\t\t\t<\/div>\n\t\t\t\t<div class=\"elementor-element elementor-element-289b4982 elementor-widget-divider--view-line elementor-widget elementor-widget-divider\" data-id=\"289b4982\" data-element_type=\"widget\" data-widget_type=\"divider.default\">\n\t\t\t\t<div class=\"elementor-widget-container\">\n\t\t\t\t\t\t\t<div class=\"elementor-divider\">\n\t\t\t<span class=\"elementor-divider-separator\">\n\t\t\t\t\t\t<\/span>\n\t\t<\/div>\n\t\t\t\t\t\t<\/div>\n\t\t\t\t<\/div>\n\t\t\t\t<div class=\"elementor-element elementor-element-42fb4794 elementor-widget elementor-widget-heading\" data-id=\"42fb4794\" data-element_type=\"widget\" data-widget_type=\"heading.default\">\n\t\t\t\t<div class=\"elementor-widget-container\">\n\t\t\t\t\t<h4 class=\"elementor-heading-title elementor-size-default\">\u00d6zge\u00e7mi\u015f<\/h4>\t\t\t\t<\/div>\n\t\t\t\t<\/div>\n\t\t\t\t<div class=\"elementor-element elementor-element-1c96655 elementor-widget elementor-widget-heading\" data-id=\"1c96655\" data-element_type=\"widget\" data-widget_type=\"heading.default\">\n\t\t\t\t<div class=\"elementor-widget-container\">\n\t\t\t\t\t<h4 class=\"elementor-heading-title elementor-size-default\">Ausbildung<\/h4>\t\t\t\t<\/div>\n\t\t\t\t<\/div>\n\t\t\t\t<div class=\"elementor-element elementor-element-2ee5e63e elementor-widget__width-initial elementor-widget elementor-widget-text-editor\" data-id=\"2ee5e63e\" data-element_type=\"widget\" data-widget_type=\"text-editor.default\">\n\t\t\t\t<div class=\"elementor-widget-container\">\n\t\t\t\t\t\t\t\t\t<table><tbody><tr><td width=\"604\"><b>Institut f\u00fcr Psychotherapie des Kindes- und Jugendalters der Universit\u00e4tskliniken Basel, Bern, Z\u00fcrich<\/b><\/td><\/tr><tr><td width=\"604\"><ul><li>Weiterbildung Psychotherapie: Postgraduale Weiterbildung in systemischer und kognitiv-behavioraler Psychotherapie mit Schwerpunkt f\u00fcr Kinder und Jugendliche &#8211; 2018-2021<\/li><\/ul><\/td><\/tr><tr><td width=\"604\"><b>Universit\u00e4t Kreta<\/b><\/td><\/tr><tr><td width=\"604\"><ul><li>Medizinstudium: 2009-2015<\/li><\/ul><\/td><\/tr><\/tbody><\/table>\t\t\t\t\t\t\t\t<\/div>\n\t\t\t\t<\/div>\n\t\t\t\t<div class=\"elementor-element elementor-element-b928164 elementor-widget elementor-widget-heading\" data-id=\"b928164\" data-element_type=\"widget\" data-widget_type=\"heading.default\">\n\t\t\t\t<div class=\"elementor-widget-container\">\n\t\t\t\t\t<h4 class=\"elementor-heading-title elementor-size-default\">Professional experience<\/h4>\t\t\t\t<\/div>\n\t\t\t\t<\/div>\n\t\t\t\t<div class=\"elementor-element elementor-element-51d55c0 elementor-widget__width-initial elementor-widget elementor-widget-text-editor\" data-id=\"51d55c0\" data-element_type=\"widget\" data-widget_type=\"text-editor.default\">\n\t\t\t\t<div class=\"elementor-widget-container\">\n\t\t\t\t\t\t\t\t\t<table><tbody><tr><td width=\"604\"><b>Bahnhofpraxis Winterthur<\/b><\/td><\/tr><tr><td width=\"604\"><ul><li>Assistenz\u00e4rztin Allgemeinmedizin &#8211; ab Mai 2023<\/li><\/ul><\/td><\/tr><tr><td width=\"604\"><strong>Integrierte Psychiatrie Winterthur<\/strong><\/td><\/tr><tr><td width=\"604\"><ul><li>Assistenz\u00e4rztin auf Psychotherapiestation f\u00fcr junge Erwachsene &#8211; Feb 2022 bis Apr 2023<\/li><\/ul><\/td><\/tr><tr><td width=\"604\"><p><strong>Clienia Littenheid AG &#8211; Ambulatorium f\u00fcr Kinder und Jugendliche Winterthur<\/strong><\/p><\/td><\/tr><tr><td width=\"604\"><ul><li>Assistenz\u00e4rztin &#8211; Jul 2019 bis Jan 2021<\/li><\/ul><\/td><\/tr><tr><td width=\"604\"><strong>Clienia Littenheid AG <\/strong><\/td><\/tr><tr><td width=\"604\"><ul><li>Assistenz\u00e4rztin &#8211; Okt 2016 bis Jun 2019<\/li><li>Unterassistentin &#8211; Mar 2016 bis Sep 2016<\/li><\/ul><\/td><\/tr><\/tbody><\/table>\t\t\t\t\t\t\t\t<\/div>\n\t\t\t\t<\/div>\n\t\t\t\t\t<\/div>\n\t\t<\/div>\n\t\t\t\t\t<\/div>\n\t\t<\/section>\n\t\t\t\t<\/div>","protected":false},"excerpt":{"rendered":"<p>Maria Dokianaki maria.dokianaki@respiro-zpp.ch Sprachen Deutsch Fliessend English Fliessend Griechisch Muttersprache &nbsp; Hobbies &#038; Interesse Ballet Fitness Kochen Geschichte Wandern \u00a0 \u00a0 Curriculum vitae Ausbildung Institut f\u00fcr Psychotherapie des Kindes- und Jugendalters der Universit\u00e4tskliniken Basel, Bern, Z\u00fcrich Weiterbildung Psychotherapie: Postgraduale Weiterbildung in systemischer und kognitiv-behavioraler Psychotherapie mit Schwerpunkt f\u00fcr Kinder und Jugendliche &#8211; 2018-2021 Universit\u00e4t Kreta [&hellip;]<\/p>","protected":false},"author":2,"featured_media":0,"parent":0,"menu_order":0,"comment_status":"closed","ping_status":"closed","template":"","meta":{"_seopress_robots_primary_cat":"","_seopress_titles_title":"","_seopress_titles_desc":"","_seopress_robots_index":"","footnotes":""},"class_list":["post-1653","page","type-page","status-publish","hentry"],"_links":{"self":[{"href":"https:\/\/respiro-zpp.ch\/tr\/wp-json\/wp\/v2\/pages\/1653","targetHints":{"allow":["GET"]}}],"collection":[{"href":"https:\/\/respiro-zpp.ch\/tr\/wp-json\/wp\/v2\/pages"}],"about":[{"href":"https:\/\/respiro-zpp.ch\/tr\/wp-json\/wp\/v2\/types\/page"}],"author":[{"embeddable":true,"href":"https:\/\/respiro-zpp.ch\/tr\/wp-json\/wp\/v2\/users\/2"}],"replies":[{"embeddable":true,"href":"https:\/\/respiro-zpp.ch\/tr\/wp-json\/wp\/v2\/comments?post=1653"}],"version-history":[{"count":0,"href":"https:\/\/respiro-zpp.ch\/tr\/wp-json\/wp\/v2\/pages\/1653\/revisions"}],"wp:attachment":[{"href":"https:\/\/respiro-zpp.ch\/tr\/wp-json\/wp\/v2\/media?parent=1653"}],"curies":[{"name":"wp","href":"https:\/\/api.w.org\/{rel}","templated":true}]}}