{"id":852,"date":"2024-02-15T22:38:07","date_gmt":"2024-02-15T22:38:07","guid":{"rendered":"https:\/\/respiro-zpp.ch\/?page_id=852"},"modified":"2024-03-06T20:12:48","modified_gmt":"2024-03-06T19:12:48","slug":"ensa-erste-hilfe-gespraeche-ueber-selbstverletzendes-verhalten-ohne-suizidabsicht","status":"publish","type":"page","link":"https:\/\/respiro-zpp.ch\/de\/ensa-erste-hilfe-gespraeche-ueber-selbstverletzendes-verhalten-ohne-suizidabsicht\/","title":{"rendered":"ensa Erste-Hilfe-Gespr\u00e4che \u00fcber selbstverletzendes Verhalten ohne Suizidabsicht"},"content":{"rendered":"\t\t<div data-elementor-type=\"wp-page\" data-elementor-id=\"852\" class=\"elementor elementor-852\" data-elementor-post-type=\"page\">\n\t\t\t\t\t\t<section class=\"elementor-section elementor-top-section elementor-element elementor-element-28c116f2 elementor-reverse-tablet elementor-reverse-mobile elementor-section-boxed elementor-section-height-default elementor-section-height-default\" data-id=\"28c116f2\" data-element_type=\"section\">\n\t\t\t\t\t\t<div class=\"elementor-container elementor-column-gap-default\">\n\t\t\t\t\t<div class=\"elementor-column elementor-col-100 elementor-top-column elementor-element elementor-element-6c372b5e\" data-id=\"6c372b5e\" data-element_type=\"column\" data-settings=\"{&quot;background_background&quot;:&quot;classic&quot;}\">\n\t\t\t<div class=\"elementor-widget-wrap elementor-element-populated\">\n\t\t\t\t\t\t<div class=\"elementor-element elementor-element-e1b011a elementor-widget elementor-widget-heading\" data-id=\"e1b011a\" data-element_type=\"widget\" data-widget_type=\"heading.default\">\n\t\t\t\t<div class=\"elementor-widget-container\">\n\t\t\t\t\t<h2 class=\"elementor-heading-title elementor-size-default\">ensa Erste-Hilfe-Gespr\u00e4che <br>\u00fcber selbstverletzendes\nVerhalten <br>ohne Suizidabsicht\n<\/h2>\t\t\t\t<\/div>\n\t\t\t\t<\/div>\n\t\t\t\t<div class=\"elementor-element elementor-element-289b4982 elementor-widget-divider--view-line elementor-widget elementor-widget-divider\" data-id=\"289b4982\" data-element_type=\"widget\" data-widget_type=\"divider.default\">\n\t\t\t\t<div class=\"elementor-widget-container\">\n\t\t\t\t\t\t\t<div class=\"elementor-divider\">\n\t\t\t<span class=\"elementor-divider-separator\">\n\t\t\t\t\t\t<\/span>\n\t\t<\/div>\n\t\t\t\t\t\t<\/div>\n\t\t\t\t<\/div>\n\t\t<div class=\"elementor-element elementor-element-b3410ee e-flex e-con-boxed e-con e-parent\" data-id=\"b3410ee\" data-element_type=\"container\">\n\t\t\t\t\t<div class=\"e-con-inner\">\n\t\t<div class=\"elementor-element elementor-element-d2f966b e-flex e-con-boxed e-con e-child\" data-id=\"d2f966b\" data-element_type=\"container\">\n\t\t\t\t\t<div class=\"e-con-inner\">\n\t\t\t\t<div class=\"elementor-element elementor-element-1630b7b elementor-widget elementor-widget-image\" data-id=\"1630b7b\" data-element_type=\"widget\" data-widget_type=\"image.default\">\n\t\t\t\t<div class=\"elementor-widget-container\">\n\t\t\t\t\t\t\t\t\t\t\t\t\t\t\t<img alt=\"\" fetchpriority=\"high\" decoding=\"async\" width=\"683\" height=\"1024\" src=\"https:\/\/respiro-zpp.ch\/wp-content\/uploads\/2024\/02\/Erste-Hilfe-Gespraeche-ueber-selbstverletzendes-Verhalten-ohne-Suizidabsicht-683x1024.webp\" class=\"attachment-large size-large wp-image-857\" alt=\"\" srcset=\"https:\/\/respiro-zpp.ch\/wp-content\/uploads\/2024\/02\/Erste-Hilfe-Gespraeche-ueber-selbstverletzendes-Verhalten-ohne-Suizidabsicht-683x1024.webp 683w, https:\/\/respiro-zpp.ch\/wp-content\/uploads\/2024\/02\/Erste-Hilfe-Gespraeche-ueber-selbstverletzendes-Verhalten-ohne-Suizidabsicht-200x300.webp 200w, https:\/\/respiro-zpp.ch\/wp-content\/uploads\/2024\/02\/Erste-Hilfe-Gespraeche-ueber-selbstverletzendes-Verhalten-ohne-Suizidabsicht-768x1152.webp 768w, https:\/\/respiro-zpp.ch\/wp-content\/uploads\/2024\/02\/Erste-Hilfe-Gespraeche-ueber-selbstverletzendes-Verhalten-ohne-Suizidabsicht.webp 800w\" sizes=\"(max-width: 683px) 100vw, 683px\" \/>\t\t\t\t\t\t\t\t\t\t\t\t\t\t\t<\/div>\n\t\t\t\t<\/div>\n\t\t\t\t\t<\/div>\n\t\t\t\t<\/div>\n\t\t<div class=\"elementor-element elementor-element-db50af2 e-flex e-con-boxed e-con e-child\" data-id=\"db50af2\" data-element_type=\"container\">\n\t\t\t\t\t<div class=\"e-con-inner\">\n\t\t\t\t<div class=\"elementor-element elementor-element-4c4cde4 elementor-widget elementor-widget-text-editor\" data-id=\"4c4cde4\" data-element_type=\"widget\" data-widget_type=\"text-editor.default\">\n\t\t\t\t<div class=\"elementor-widget-container\">\n\t\t\t\t\t\t\t\t\t<p>Rund 17% der Jugendlichen, 13% der jungen Erwachsenen und 5% der \u00e4lteren Erwachsenen zeigen mindestens einmal im Leben selbstverletzendes Verhalten. Um das 15. und 16. Lebensjahr kommt selbstverletzendes Verhalten ohne Suizidabsicht am h\u00e4ufigsten vor und ab dem 17. Lebensjahr klingt es wieder ab. Deshalb ist es umso wichtiger, selbstverletzendes Verhalten ohne Suizidabsicht bei Jugendlichen zu erkennen und Erste-Hilfe-Massnahmen treffen zu k\u00f6nnen.<\/p><p>Betroffene unternehmen grosse Anstrengungen, ihre Verletzungen zu verbergen. Das erschwert es dem Umfeld, die Anzeichen zu erkennen. Aus Scham lassen sie oft ihre Verletzungen nicht behandeln, weshalb sich der Heilungsprozess verz\u00f6gert und sich die Gefahr von Infektionen und weiteren Sch\u00e4digungen erh\u00f6ht. Betroffene scheuen sich, dar\u00fcber zu reden und werden vielfach von Schuldgef\u00fchlen geplagt. Auch Nahestehende sind h\u00e4ufig unsicher, wie sie ihre Beobachtungen und Bef\u00fcrchtungen zu selbstverletzendem Verhalten ohne Suizidabsicht zur Sprache bringen k\u00f6nnen. Dieser Kurs kl\u00e4rt, wie Sie den Betroffenen beistehen k\u00f6nnen.<\/p><p><strong>Unsere Kurse:<\/strong><\/p><p><strong>\u00a0<\/strong>In Planung<\/p>\t\t\t\t\t\t\t\t<\/div>\n\t\t\t\t<\/div>\n\t\t\t\t\t<\/div>\n\t\t\t\t<\/div>\n\t\t\t\t\t<\/div>\n\t\t\t\t<\/div>\n\t\t\t\t\t<\/div>\n\t\t<\/div>\n\t\t\t\t\t<\/div>\n\t\t<\/section>\n\t\t\t\t<section class=\"elementor-section elementor-inner-section elementor-element elementor-element-7b2c63b elementor-section-boxed elementor-section-height-default elementor-section-height-default\" data-id=\"7b2c63b\" data-element_type=\"section\">\n\t\t\t\t\t\t<div class=\"elementor-container elementor-column-gap-default\">\n\t\t\t\t\t<div class=\"elementor-column elementor-col-33 elementor-inner-column elementor-element elementor-element-1c88b45\" data-id=\"1c88b45\" data-element_type=\"column\" data-settings=\"{&quot;background_background&quot;:&quot;gradient&quot;}\">\n\t\t\t<div class=\"elementor-widget-wrap\">\n\t\t\t\t\t\t\t<\/div>\n\t\t<\/div>\n\t\t\t\t<div class=\"elementor-column elementor-col-33 elementor-inner-column elementor-element elementor-element-5ad72ea elementor-hidden-desktop elementor-hidden-tablet elementor-hidden-mobile\" data-id=\"5ad72ea\" data-element_type=\"column\" data-settings=\"{&quot;background_background&quot;:&quot;gradient&quot;}\">\n\t\t\t<div class=\"elementor-widget-wrap elementor-element-populated\">\n\t\t\t\t\t\t<div class=\"elementor-element elementor-element-e1363b8 elementor-widget elementor-widget-jkit_heading\" data-id=\"e1363b8\" data-element_type=\"widget\" data-widget_type=\"jkit_heading.default\">\n\t\t\t\t<div class=\"elementor-widget-container\">\n\t\t\t\t\t<div  class=\"jeg-elementor-kit jkit-heading  align-center align-tablet- align-mobile- jeg_module___69e09f3fc1f73\" ><div class=\"heading-section-title  display-inline-block\"><h2 class=\"heading-title\">ensa Pr\u00e4senzkurs Nr. 2768, Sprache Deutsch<\/h2><\/div><div class=\"heading-section-description\"><p><strong>8032 Z\u00fcrich, Klosbachstrasse 123<br \/><\/strong><\/p><\/div><\/div>\t\t\t\t<\/div>\n\t\t\t\t<\/div>\n\t\t\t\t<div class=\"elementor-element elementor-element-e376f2b elementor-widget elementor-widget-text-editor\" data-id=\"e376f2b\" data-element_type=\"widget\" data-widget_type=\"text-editor.default\">\n\t\t\t\t<div class=\"elementor-widget-container\">\n\t\t\t\t\t\t\t\t\t<p>Ihre Instruktorin: Birgit Maria Brunner<\/p><p>Dienstag, 27.02.2024, 08:30 \u2013 13:00 Uhr<\/p>\t\t\t\t\t\t\t\t<\/div>\n\t\t\t\t<\/div>\n\t\t\t\t<div class=\"elementor-element elementor-element-284f405 elementor-widget-divider--view-line elementor-widget elementor-widget-divider\" data-id=\"284f405\" data-element_type=\"widget\" data-widget_type=\"divider.default\">\n\t\t\t\t<div class=\"elementor-widget-container\">\n\t\t\t\t\t\t\t<div class=\"elementor-divider\">\n\t\t\t<span class=\"elementor-divider-separator\">\n\t\t\t\t\t\t<\/span>\n\t\t<\/div>\n\t\t\t\t\t\t<\/div>\n\t\t\t\t<\/div>\n\t\t\t\t<div class=\"elementor-element elementor-element-19efd1a elementor-widget__width-auto e-transform e-transform elementor-widget elementor-widget-jkit_button\" data-id=\"19efd1a\" data-element_type=\"widget\" data-settings=\"{&quot;_transform_translateX_effect_hover&quot;:{&quot;unit&quot;:&quot;px&quot;,&quot;size&quot;:&quot;10&quot;,&quot;sizes&quot;:[]},&quot;_transform_translateY_effect_hover&quot;:{&quot;unit&quot;:&quot;px&quot;,&quot;size&quot;:&quot;0&quot;,&quot;sizes&quot;:[]},&quot;_transform_scale_effect_hover&quot;:{&quot;unit&quot;:&quot;px&quot;,&quot;size&quot;:&quot;0.9&quot;,&quot;sizes&quot;:[]},&quot;_transform_translateX_effect_hover_tablet&quot;:{&quot;unit&quot;:&quot;px&quot;,&quot;size&quot;:&quot;&quot;,&quot;sizes&quot;:[]},&quot;_transform_translateX_effect_hover_mobile&quot;:{&quot;unit&quot;:&quot;px&quot;,&quot;size&quot;:&quot;&quot;,&quot;sizes&quot;:[]},&quot;_transform_translateY_effect_hover_tablet&quot;:{&quot;unit&quot;:&quot;px&quot;,&quot;size&quot;:&quot;&quot;,&quot;sizes&quot;:[]},&quot;_transform_translateY_effect_hover_mobile&quot;:{&quot;unit&quot;:&quot;px&quot;,&quot;size&quot;:&quot;&quot;,&quot;sizes&quot;:[]},&quot;_transform_scale_effect_hover_tablet&quot;:{&quot;unit&quot;:&quot;px&quot;,&quot;size&quot;:&quot;&quot;,&quot;sizes&quot;:[]},&quot;_transform_scale_effect_hover_mobile&quot;:{&quot;unit&quot;:&quot;px&quot;,&quot;size&quot;:&quot;&quot;,&quot;sizes&quot;:[]}}\" data-widget_type=\"jkit_button.default\">\n\t\t\t\t<div class=\"elementor-widget-container\">\n\t\t\t\t\t<div  class=\"jeg-elementor-kit jkit-button  icon-position-before jeg_module__1_69e09f3fc555a\" ><a href=\"https:\/\/www.ensa.swiss\/de\/nssv\/kurs\/2768\/anmeldung\/\" class=\"jkit-button-wrapper\">Jetzt Anmelden<\/a><\/div>\t\t\t\t<\/div>\n\t\t\t\t<\/div>\n\t\t\t\t\t<\/div>\n\t\t<\/div>\n\t\t\t\t<div class=\"elementor-column elementor-col-33 elementor-inner-column elementor-element elementor-element-e312ccf\" data-id=\"e312ccf\" data-element_type=\"column\" data-settings=\"{&quot;background_background&quot;:&quot;gradient&quot;}\">\n\t\t\t<div class=\"elementor-widget-wrap\">\n\t\t\t\t\t\t\t<\/div>\n\t\t<\/div>\n\t\t\t\t\t<\/div>\n\t\t<\/section>\n\t\t\t\t<\/div>\n\t\t","protected":false},"excerpt":{"rendered":"<p>ensa Erste-Hilfe-Gespr\u00e4che \u00fcber selbstverletzendes Verhalten ohne Suizidabsicht Rund 17% der Jugendlichen, 13% der jungen Erwachsenen und 5% der \u00e4lteren Erwachsenen zeigen mindestens einmal im Leben selbstverletzendes Verhalten. Um das 15. und 16. Lebensjahr kommt selbstverletzendes Verhalten ohne Suizidabsicht am h\u00e4ufigsten vor und ab dem 17. Lebensjahr klingt es wieder ab. Deshalb ist es umso wichtiger, [&hellip;]<\/p>\n","protected":false},"author":2,"featured_media":0,"parent":0,"menu_order":0,"comment_status":"closed","ping_status":"closed","template":"","meta":{"_seopress_robots_primary_cat":"","_seopress_titles_title":"","_seopress_titles_desc":"","_seopress_robots_index":"","footnotes":""},"class_list":["post-852","page","type-page","status-publish","hentry"],"_links":{"self":[{"href":"https:\/\/respiro-zpp.ch\/de\/wp-json\/wp\/v2\/pages\/852","targetHints":{"allow":["GET"]}}],"collection":[{"href":"https:\/\/respiro-zpp.ch\/de\/wp-json\/wp\/v2\/pages"}],"about":[{"href":"https:\/\/respiro-zpp.ch\/de\/wp-json\/wp\/v2\/types\/page"}],"author":[{"embeddable":true,"href":"https:\/\/respiro-zpp.ch\/de\/wp-json\/wp\/v2\/users\/2"}],"replies":[{"embeddable":true,"href":"https:\/\/respiro-zpp.ch\/de\/wp-json\/wp\/v2\/comments?post=852"}],"version-history":[{"count":0,"href":"https:\/\/respiro-zpp.ch\/de\/wp-json\/wp\/v2\/pages\/852\/revisions"}],"wp:attachment":[{"href":"https:\/\/respiro-zpp.ch\/de\/wp-json\/wp\/v2\/media?parent=852"}],"curies":[{"name":"wp","href":"https:\/\/api.w.org\/{rel}","templated":true}]}}