{"id":801,"date":"2024-02-15T22:18:56","date_gmt":"2024-02-15T22:18:56","guid":{"rendered":"https:\/\/respiro-zpp.ch\/?page_id=801"},"modified":"2026-03-12T01:30:47","modified_gmt":"2026-03-12T00:30:47","slug":"ensa-erste-hilfe-kurse-fokus-erwachsene","status":"publish","type":"page","link":"https:\/\/respiro-zpp.ch\/de\/ensa-erste-hilfe-kurse-fokus-erwachsene\/","title":{"rendered":"ensa Erste-Hilfe-Kurse Fokus Erwachsene"},"content":{"rendered":"\t\t<div data-elementor-type=\"wp-page\" data-elementor-id=\"801\" class=\"elementor elementor-801\" data-elementor-post-type=\"page\">\n\t\t\t\t\t\t<section class=\"elementor-section elementor-top-section elementor-element elementor-element-28c116f2 elementor-reverse-tablet elementor-reverse-mobile elementor-section-boxed elementor-section-height-default elementor-section-height-default\" data-id=\"28c116f2\" data-element_type=\"section\">\n\t\t\t\t\t\t<div class=\"elementor-container elementor-column-gap-default\">\n\t\t\t\t\t<div class=\"elementor-column elementor-col-100 elementor-top-column elementor-element elementor-element-6c372b5e\" data-id=\"6c372b5e\" data-element_type=\"column\" data-settings=\"{&quot;background_background&quot;:&quot;classic&quot;}\">\n\t\t\t<div class=\"elementor-widget-wrap elementor-element-populated\">\n\t\t\t\t\t\t<div class=\"elementor-element elementor-element-e1b011a elementor-widget elementor-widget-heading\" data-id=\"e1b011a\" data-element_type=\"widget\" data-widget_type=\"heading.default\">\n\t\t\t\t<div class=\"elementor-widget-container\">\n\t\t\t\t\t<h2 class=\"elementor-heading-title elementor-size-default\">ensa Erste-Hilfe-Kurse <br>Fokus Erwachsene<\/h2>\t\t\t\t<\/div>\n\t\t\t\t<\/div>\n\t\t\t\t<div class=\"elementor-element elementor-element-289b4982 elementor-widget-divider--view-line elementor-widget elementor-widget-divider\" data-id=\"289b4982\" data-element_type=\"widget\" data-widget_type=\"divider.default\">\n\t\t\t\t<div class=\"elementor-widget-container\">\n\t\t\t\t\t\t\t<div class=\"elementor-divider\">\n\t\t\t<span class=\"elementor-divider-separator\">\n\t\t\t\t\t\t<\/span>\n\t\t<\/div>\n\t\t\t\t\t\t<\/div>\n\t\t\t\t<\/div>\n\t\t<div class=\"elementor-element elementor-element-b3410ee e-flex e-con-boxed e-con e-parent\" data-id=\"b3410ee\" data-element_type=\"container\">\n\t\t\t\t\t<div class=\"e-con-inner\">\n\t\t<div class=\"elementor-element elementor-element-d2f966b e-flex e-con-boxed e-con e-child\" data-id=\"d2f966b\" data-element_type=\"container\">\n\t\t\t\t\t<div class=\"e-con-inner\">\n\t\t\t\t<div class=\"elementor-element elementor-element-1630b7b elementor-widget elementor-widget-image\" data-id=\"1630b7b\" data-element_type=\"widget\" data-widget_type=\"image.default\">\n\t\t\t\t<div class=\"elementor-widget-container\">\n\t\t\t\t\t\t\t\t\t\t\t\t\t\t\t<img alt=\"\" fetchpriority=\"high\" decoding=\"async\" width=\"683\" height=\"1024\" src=\"https:\/\/respiro-zpp.ch\/wp-content\/uploads\/2024\/02\/Erste-Hilfe-Kurs-Fokus-Erwachsene-683x1024.webp\" class=\"attachment-large size-large wp-image-803\" alt=\"\" srcset=\"https:\/\/respiro-zpp.ch\/wp-content\/uploads\/2024\/02\/Erste-Hilfe-Kurs-Fokus-Erwachsene-683x1024.webp 683w, https:\/\/respiro-zpp.ch\/wp-content\/uploads\/2024\/02\/Erste-Hilfe-Kurs-Fokus-Erwachsene-200x300.webp 200w, https:\/\/respiro-zpp.ch\/wp-content\/uploads\/2024\/02\/Erste-Hilfe-Kurs-Fokus-Erwachsene-768x1152.webp 768w, https:\/\/respiro-zpp.ch\/wp-content\/uploads\/2024\/02\/Erste-Hilfe-Kurs-Fokus-Erwachsene.webp 800w\" sizes=\"(max-width: 683px) 100vw, 683px\" \/>\t\t\t\t\t\t\t\t\t\t\t\t\t\t\t<\/div>\n\t\t\t\t<\/div>\n\t\t\t\t\t<\/div>\n\t\t\t\t<\/div>\n\t\t<div class=\"elementor-element elementor-element-db50af2 e-flex e-con-boxed e-con e-child\" data-id=\"db50af2\" data-element_type=\"container\">\n\t\t\t\t\t<div class=\"e-con-inner\">\n\t\t\t\t<div class=\"elementor-element elementor-element-4c4cde4 elementor-widget elementor-widget-text-editor\" data-id=\"4c4cde4\" data-element_type=\"widget\" data-widget_type=\"text-editor.default\">\n\t\t\t\t<div class=\"elementor-widget-container\">\n\t\t\t\t\t\t\t\t\t<p>Ein Angebot f\u00fcr alle interessierte Erwachsene, Angeh\u00f6rige, Mitarbeiter, Teamplayer: Psychische Schwierigkeiten und Krisen geh\u00f6ren zu unserer Gesellschaft, jede zweite Person ist einmal in ihrem Leben davon betroffen. Doch was tun, wenn es jemandem mental nicht gut geht? Es ist wichtig, psychische Schwierigkeiten rechtzeitig zu erkennen, auf die Menschen wertfrei zuzugehen, Unterst\u00fctzung anzubieten und zur professionellen Hilfe zu ermutigen. Wie, erlernen Sie in diesem Kurs:<\/p><p>Zu Beginn wird die H\u00e4ufigkeit psychischer Erkrankungen sowie der Umgang mit psychisch erkrankten Menschen in unserer Gesellschaft gemeinsam reflektiert. Sie lernen die Erste Hilfe f\u00fcr psychische Gesundheit in 5 Schritten kennen und besch\u00e4ftigen sich mit den h\u00e4ufigsten bzw. gravierendsten psychischen Erkrankungen (Depression, Angstst\u00f6rungen, Psychose und Suchterkrankungen). Erste Hilfe bei Krisensituationen wird im Verlauf des Kurses ebenso besprochen und ge\u00fcbt, wie die Ansprache und Unterst\u00fctzung von Menschen, bei denen sich erste Anzeichen einer psychischen Erkrankung zeigen. Gruppen\u00fcbungen und Rollenspiele zur Anwendung des erworbenen Wissens sind ebenfalls fester Bestandteil des Kurses.<\/p>\t\t\t\t\t\t\t\t<\/div>\n\t\t\t\t<\/div>\n\t\t\t\t\t<\/div>\n\t\t\t\t<\/div>\n\t\t\t\t\t<\/div>\n\t\t\t\t<\/div>\n\t\t\t\t\t<\/div>\n\t\t<\/div>\n\t\t\t\t\t<\/div>\n\t\t<\/section>\n\t\t\t\t<section class=\"elementor-section elementor-inner-section elementor-element elementor-element-15fb0fd4 elementor-section-boxed elementor-section-height-default elementor-section-height-default\" data-id=\"15fb0fd4\" data-element_type=\"section\">\n\t\t\t\t\t\t<div class=\"elementor-container elementor-column-gap-default\">\n\t\t\t\t\t<div class=\"elementor-column elementor-col-33 elementor-inner-column elementor-element elementor-element-fbf31c6\" data-id=\"fbf31c6\" data-element_type=\"column\" data-settings=\"{&quot;background_background&quot;:&quot;gradient&quot;}\">\n\t\t\t<div class=\"elementor-widget-wrap elementor-element-populated\">\n\t\t\t\t\t\t<div class=\"elementor-element elementor-element-776621a3 elementor-widget elementor-widget-text-editor\" data-id=\"776621a3\" data-element_type=\"widget\" data-widget_type=\"text-editor.default\">\n\t\t\t\t<div class=\"elementor-widget-container\">\n\t\t\t\t\t\t\t\t\t<p><strong><span class=\"bold break-spaces\">Nr. 5135 <\/span><\/strong><br \/><strong><span class=\"bold break-spaces\">ensa Pr\u00e4senzkurs\u00a0<br \/>Erste Hilfe Fokus Erwachsene<\/span><\/strong><\/p><div class=\"elementor-element elementor-element-5068f5f elementor-widget elementor-widget-jkit_heading\" data-id=\"5068f5f\" data-element_type=\"widget\" data-widget_type=\"jkit_heading.default\"><div class=\"elementor-widget-container\"><div class=\"jeg-elementor-kit jkit-heading align-center align-tablet- align-mobile- jeg_module_822_2_69b207d2196d3\"><div class=\"heading-section-description\"><p><strong>M\u00fcrtschenstrasse 26, 8048 Z\u00fcrich<\/strong><\/p><\/div><\/div><\/div><\/div><div class=\"elementor-element elementor-element-871bad4 elementor-widget elementor-widget-text-editor\" data-id=\"871bad4\" data-element_type=\"widget\" data-widget_type=\"text-editor.default\"><div class=\"elementor-widget-container\">Ihre Instruktorin: Birgit Maria Brunner<\/div><\/div><p><strong>Mi 20.05.2026\u00a0\u00a0\u00a0 <\/strong>\u00a0 \u00a0 \u00a0 \u00a0 \u00a0 \u00a0 \u00a0<\/p><p>Modul 3 09:00 &#8211; 12:30 Uhr<\/p><p>Modul 4 13:30 &#8211; 17:00 Uh<span style=\"background-color: transparent; letter-spacing: 0em;\">r<\/span><\/p>\t\t\t\t\t\t\t\t<\/div>\n\t\t\t\t<\/div>\n\t\t\t\t<div class=\"elementor-element elementor-element-5b7f58b6 elementor-widget-divider--view-line_text elementor-widget-divider--element-align-center elementor-widget elementor-widget-divider\" data-id=\"5b7f58b6\" data-element_type=\"widget\" data-widget_type=\"divider.default\">\n\t\t\t\t<div class=\"elementor-widget-container\">\n\t\t\t\t\t\t\t<div class=\"elementor-divider\">\n\t\t\t<span class=\"elementor-divider-separator\">\n\t\t\t\t\t\t<\/span>\n\t\t<\/div>\n\t\t\t\t\t\t<\/div>\n\t\t\t\t<\/div>\n\t\t\t\t<div class=\"elementor-element elementor-element-ba52bc6 elementor-widget elementor-widget-button\" data-id=\"ba52bc6\" data-element_type=\"widget\" data-widget_type=\"button.default\">\n\t\t\t\t<div class=\"elementor-widget-container\">\n\t\t\t\t\t\t\t\t\t<div class=\"elementor-button-wrapper\">\n\t\t\t\t\t<a class=\"elementor-button elementor-button-link elementor-size-sm\" href=\"https:\/\/www.ensa.swiss\/en\/first-aiders\/course\/5135\/registration\/\">\n\t\t\t\t\t\t<span class=\"elementor-button-content-wrapper\">\n\t\t\t\t\t\t\t\t\t<span class=\"elementor-button-text\">jetzt anmelden<\/span>\n\t\t\t\t\t<\/span>\n\t\t\t\t\t<\/a>\n\t\t\t\t<\/div>\n\t\t\t\t\t\t\t\t<\/div>\n\t\t\t\t<\/div>\n\t\t\t\t\t<\/div>\n\t\t<\/div>\n\t\t\t\t<div class=\"elementor-column elementor-col-33 elementor-inner-column elementor-element elementor-element-da60c4d\" data-id=\"da60c4d\" data-element_type=\"column\" data-settings=\"{&quot;background_background&quot;:&quot;gradient&quot;}\">\n\t\t\t<div class=\"elementor-widget-wrap elementor-element-populated\">\n\t\t\t\t\t\t<div class=\"elementor-element elementor-element-78c7f30 elementor-widget__width-initial elementor-widget elementor-widget-text-editor\" data-id=\"78c7f30\" data-element_type=\"widget\" data-widget_type=\"text-editor.default\">\n\t\t\t\t<div class=\"elementor-widget-container\">\n\t\t\t\t\t\t\t\t\t<p><strong><span class=\"bold break-spaces\">Nr. 5584 <\/span><\/strong><br \/><strong><span class=\"bold break-spaces\">ensa Pr\u00e4senzkurs<\/span><\/strong><\/p><p><strong><span class=\"bold break-spaces\">Erste Hilfe Fokus Erwachsene<\/span><\/strong><\/p><div class=\"elementor-element elementor-element-5068f5f elementor-widget elementor-widget-jkit_heading\" data-id=\"5068f5f\" data-element_type=\"widget\" data-widget_type=\"jkit_heading.default\"><div class=\"elementor-widget-container\"><div class=\"jeg-elementor-kit jkit-heading  align-center align-tablet- align-mobile- jeg_module_822_2_69b207d2196d3\"><div class=\"heading-section-description\"><p><strong>M\u00fcrtschenstrasse 26, 8048 Z\u00fcrich<\/strong><\/p><\/div><\/div><\/div><\/div><p>Ihre Instruktorin: Birgit Maria Brunner<\/p><p><strong>Di 23.06.2026<\/strong> \u00a0\u00a0\u00a0\u00a0\u00a0\u00a0\u00a0\u00a0\u00a0\u00a0\u00a0\u00a0\u00a0\u00a0\u00a0\u00a0\u00a0\u00a0<\/p><p>Modul 1 &#8211; 09:00 &#8211; 12:30 Uhr<\/p><p>Modul 2 &#8211; 13:30 &#8211; 17:00 Uhr<\/p><p><strong>Di 07.07.2026\u00a0\u00a0\u00a0\u00a0 <\/strong>\u00a0\u00a0\u00a0\u00a0\u00a0\u00a0\u00a0\u00a0\u00a0\u00a0\u00a0\u00a0\u00a0\u00a0\u00a0<\/p><p>Modul 3 &#8211; 09:00 &#8211; 12:30 Uhr<\/p><p>Modul 4 &#8211; 13:30 &#8211; 17:00 Uhr<\/p>\t\t\t\t\t\t\t\t<\/div>\n\t\t\t\t<\/div>\n\t\t\t\t<div class=\"elementor-element elementor-element-8ed47a5 elementor-widget elementor-widget-button\" data-id=\"8ed47a5\" data-element_type=\"widget\" data-widget_type=\"button.default\">\n\t\t\t\t<div class=\"elementor-widget-container\">\n\t\t\t\t\t\t\t\t\t<div class=\"elementor-button-wrapper\">\n\t\t\t\t\t<a class=\"elementor-button elementor-button-link elementor-size-sm\" href=\"https:\/\/www.ensa.swiss\/en\/first-aiders\/course\/5584\/registration\/\">\n\t\t\t\t\t\t<span class=\"elementor-button-content-wrapper\">\n\t\t\t\t\t\t\t\t\t<span class=\"elementor-button-text\">Jetzt anmelden<\/span>\n\t\t\t\t\t<\/span>\n\t\t\t\t\t<\/a>\n\t\t\t\t<\/div>\n\t\t\t\t\t\t\t\t<\/div>\n\t\t\t\t<\/div>\n\t\t\t\t\t<\/div>\n\t\t<\/div>\n\t\t\t\t<div class=\"elementor-column elementor-col-33 elementor-inner-column elementor-element elementor-element-870b1c0\" data-id=\"870b1c0\" data-element_type=\"column\" data-settings=\"{&quot;background_background&quot;:&quot;gradient&quot;}\">\n\t\t\t<div class=\"elementor-widget-wrap elementor-element-populated\">\n\t\t\t\t\t\t<div class=\"elementor-element elementor-element-8089fbe elementor-widget elementor-widget-text-editor\" data-id=\"8089fbe\" data-element_type=\"widget\" data-widget_type=\"text-editor.default\">\n\t\t\t\t<div class=\"elementor-widget-container\">\n\t\t\t\t\t\t\t\t\t<p><strong><span class=\"bold break-spaces\">Nr. 5585 <\/span><\/strong><br \/><strong><span class=\"bold break-spaces\">ensa Pr\u00e4senzkurs<br \/>Erste Hilfe Fokus Erwachsene<\/span><\/strong><\/p><div class=\"elementor-element elementor-element-5068f5f elementor-widget elementor-widget-jkit_heading\" data-id=\"5068f5f\" data-element_type=\"widget\" data-widget_type=\"jkit_heading.default\"><div class=\"elementor-widget-container\"><div class=\"jeg-elementor-kit jkit-heading  align-center align-tablet- align-mobile- jeg_module_822_2_69b207d2196d3\"><div class=\"heading-section-description\"><p><strong>M\u00fcrtschenstrasse 26, 8048 Z\u00fcrich<\/strong><\/p><\/div><\/div><\/div><\/div><p>Ihre Instruktorin: Birgit Maria Brunner<\/p><p><strong>Mi 19.08.2026\u00a0\u00a0\u00a0 <\/strong>\u00a0\u00a0\u00a0\u00a0\u00a0\u00a0\u00a0\u00a0\u00a0\u00a0\u00a0\u00a0\u00a0\u00a0 Modul 1 &#8211; 09:00 &#8211; 12:30 Uhr<\/p><p>Modul 2 &#8211; 13:30 \u2013 17:00 Uhr<\/p><p><strong>Mi 02.09.2026\u00a0\u00a0\u00a0 <\/strong>\u00a0\u00a0\u00a0\u00a0\u00a0\u00a0\u00a0\u00a0\u00a0\u00a0\u00a0\u00a0\u00a0\u00a0 Modul 3 &#8211; 09:00 &#8211; 12:30 Uhr<\/p><p>Modul 4 -13:30 \u2013 17:00 Uhr<\/p>\t\t\t\t\t\t\t\t<\/div>\n\t\t\t\t<\/div>\n\t\t\t\t<div class=\"elementor-element elementor-element-08dd45d elementor-widget elementor-widget-button\" data-id=\"08dd45d\" data-element_type=\"widget\" data-widget_type=\"button.default\">\n\t\t\t\t<div class=\"elementor-widget-container\">\n\t\t\t\t\t\t\t\t\t<div class=\"elementor-button-wrapper\">\n\t\t\t\t\t<a class=\"elementor-button elementor-button-link elementor-size-sm\" href=\"https:\/\/www.ensa.swiss\/en\/first-aiders\/course\/5585\/registration\/\">\n\t\t\t\t\t\t<span class=\"elementor-button-content-wrapper\">\n\t\t\t\t\t\t\t\t\t<span class=\"elementor-button-text\">Jetzt anmelden<\/span>\n\t\t\t\t\t<\/span>\n\t\t\t\t\t<\/a>\n\t\t\t\t<\/div>\n\t\t\t\t\t\t\t\t<\/div>\n\t\t\t\t<\/div>\n\t\t\t\t\t<\/div>\n\t\t<\/div>\n\t\t\t\t\t<\/div>\n\t\t<\/section>\n\t\t\t\t<section class=\"elementor-section elementor-inner-section elementor-element elementor-element-719188e elementor-section-boxed elementor-section-height-default elementor-section-height-default\" data-id=\"719188e\" data-element_type=\"section\">\n\t\t\t\t\t\t<div class=\"elementor-container elementor-column-gap-default\">\n\t\t\t\t\t<div class=\"elementor-column elementor-col-100 elementor-inner-column elementor-element elementor-element-6a77b50\" data-id=\"6a77b50\" data-element_type=\"column\">\n\t\t\t<div class=\"elementor-widget-wrap elementor-element-populated\">\n\t\t\t\t<div class=\"elementor-element elementor-element-2cb2bec e-con-full e-flex e-con e-parent\" data-id=\"2cb2bec\" data-element_type=\"container\">\n\t\t\t\t<div class=\"elementor-element elementor-element-bc3bb88 elementor-widget elementor-widget-text-editor\" data-id=\"bc3bb88\" data-element_type=\"widget\" data-widget_type=\"text-editor.default\">\n\t\t\t\t<div class=\"elementor-widget-container\">\n\t\t\t\t\t\t\t\t\t<p><strong><span class=\"bold break-spaces\">Nr. 5586 <\/span><\/strong><br \/><strong><span class=\"bold break-spaces\">ensa Pr\u00e4senzkurs<br \/>Erste Hilfe Fokus Erwachsene<\/span><\/strong><\/p><div class=\"elementor-element elementor-element-5068f5f elementor-widget elementor-widget-jkit_heading\" data-id=\"5068f5f\" data-element_type=\"widget\" data-widget_type=\"jkit_heading.default\"><div class=\"elementor-widget-container\"><div class=\"jeg-elementor-kit jkit-heading  align-center align-tablet- align-mobile- jeg_module_822_2_69b207d2196d3\"><div class=\"heading-section-description\"><p><strong>M\u00fcrtschenstrasse 26, 8048 Z\u00fcrich<\/strong><\/p><\/div><\/div><\/div><\/div><div class=\"elementor-element elementor-element-871bad4 elementor-widget elementor-widget-text-editor\" data-id=\"871bad4\" data-element_type=\"widget\" data-widget_type=\"text-editor.default\"><div class=\"elementor-widget-container\">Ihre Instruktorin: Brigit Maria Brunner\u00a0<\/div><div>\u00a0<\/div><\/div><p><strong>Fr 23.10.2026\u00a0\u00a0\u00a0\u00a0 <\/strong>\u00a0 \u00a0 \u00a0 \u00a0 \u00a0 \u00a0<\/p><p>Modul 1 &#8211; 08:30 &#8211; 12:00 Uhr<\/p><p>Modul 2 &#8211; 3:00 \u2013 16.30 Uhr<\/p><p><strong>Fr\u00a0 06.11.2026 <\/strong>\u00a0\u00a0\u00a0\u00a0\u00a0\u00a0\u00a0\u00a0\u00a0\u00a0\u00a0\u00a0\u00a0\u00a0<\/p><p>Modul 3 &#8211; 08:30 &#8211; 12:00 Uhr<\/p><p>Modul 4 &#8211; 13:00 \u2013 16:30 Uhr<\/p>\t\t\t\t\t\t\t\t<\/div>\n\t\t\t\t<\/div>\n\t\t\t\t<div class=\"elementor-element elementor-element-f2864d6 elementor-widget elementor-widget-button\" data-id=\"f2864d6\" data-element_type=\"widget\" data-widget_type=\"button.default\">\n\t\t\t\t<div class=\"elementor-widget-container\">\n\t\t\t\t\t\t\t\t\t<div class=\"elementor-button-wrapper\">\n\t\t\t\t\t<a class=\"elementor-button elementor-button-link elementor-size-sm\" href=\"https:\/\/www.ensa.swiss\/en\/first-aiders\/course\/5586\/registration\/\">\n\t\t\t\t\t\t<span class=\"elementor-button-content-wrapper\">\n\t\t\t\t\t\t\t\t\t<span class=\"elementor-button-text\">jetzt anmelden<\/span>\n\t\t\t\t\t<\/span>\n\t\t\t\t\t<\/a>\n\t\t\t\t<\/div>\n\t\t\t\t\t\t\t\t<\/div>\n\t\t\t\t<\/div>\n\t\t\t\t<\/div>\n\t\t\t\t\t<\/div>\n\t\t<\/div>\n\t\t\t\t\t<\/div>\n\t\t<\/section>\n\t\t<div class=\"elementor-element elementor-element-8c9cd1d e-flex e-con-boxed e-con e-parent\" data-id=\"8c9cd1d\" data-element_type=\"container\">\n\t\t\t\t\t<div class=\"e-con-inner\">\n\t\t\t\t\t<\/div>\n\t\t\t\t<\/div>\n\t\t\t\t<\/div>\n\t\t","protected":false},"excerpt":{"rendered":"<p>ensa Erste-Hilfe-Kurse Fokus Erwachsene Ein Angebot f\u00fcr alle interessierte Erwachsene, Angeh\u00f6rige, Mitarbeiter, Teamplayer: Psychische Schwierigkeiten und Krisen geh\u00f6ren zu unserer Gesellschaft, jede zweite Person ist einmal in ihrem Leben davon betroffen. Doch was tun, wenn es jemandem mental nicht gut geht? Es ist wichtig, psychische Schwierigkeiten rechtzeitig zu erkennen, auf die Menschen wertfrei zuzugehen, Unterst\u00fctzung [&hellip;]<\/p>\n","protected":false},"author":2,"featured_media":0,"parent":0,"menu_order":0,"comment_status":"closed","ping_status":"closed","template":"","meta":{"_seopress_robots_primary_cat":"","_seopress_titles_title":"","_seopress_titles_desc":"","_seopress_robots_index":"","footnotes":""},"class_list":["post-801","page","type-page","status-publish","hentry"],"_links":{"self":[{"href":"https:\/\/respiro-zpp.ch\/de\/wp-json\/wp\/v2\/pages\/801","targetHints":{"allow":["GET"]}}],"collection":[{"href":"https:\/\/respiro-zpp.ch\/de\/wp-json\/wp\/v2\/pages"}],"about":[{"href":"https:\/\/respiro-zpp.ch\/de\/wp-json\/wp\/v2\/types\/page"}],"author":[{"embeddable":true,"href":"https:\/\/respiro-zpp.ch\/de\/wp-json\/wp\/v2\/users\/2"}],"replies":[{"embeddable":true,"href":"https:\/\/respiro-zpp.ch\/de\/wp-json\/wp\/v2\/comments?post=801"}],"version-history":[{"count":24,"href":"https:\/\/respiro-zpp.ch\/de\/wp-json\/wp\/v2\/pages\/801\/revisions"}],"predecessor-version":[{"id":4080,"href":"https:\/\/respiro-zpp.ch\/de\/wp-json\/wp\/v2\/pages\/801\/revisions\/4080"}],"wp:attachment":[{"href":"https:\/\/respiro-zpp.ch\/de\/wp-json\/wp\/v2\/media?parent=801"}],"curies":[{"name":"wp","href":"https:\/\/api.w.org\/{rel}","templated":true}]}}