{"id":792,"date":"2024-02-16T09:55:50","date_gmt":"2024-02-16T09:55:50","guid":{"rendered":"https:\/\/respiro-zpp.ch\/?page_id=792"},"modified":"2025-09-12T00:52:17","modified_gmt":"2025-09-11T22:52:17","slug":"dr-med-univ-metin-aysel","status":"publish","type":"page","link":"https:\/\/respiro-zpp.ch\/de\/dr-med-univ-metin-aysel\/","title":{"rendered":"Dr. med. univ. Metin Aysel"},"content":{"rendered":"\t\t<div data-elementor-type=\"wp-page\" data-elementor-id=\"792\" class=\"elementor elementor-792\" data-elementor-post-type=\"page\">\n\t\t\t\t\t\t<section class=\"elementor-section elementor-top-section elementor-element elementor-element-28c116f2 elementor-reverse-tablet elementor-reverse-mobile elementor-section-boxed elementor-section-height-default elementor-section-height-default\" data-id=\"28c116f2\" data-element_type=\"section\">\n\t\t\t\t\t\t<div class=\"elementor-container elementor-column-gap-default\">\n\t\t\t\t\t<div class=\"elementor-column elementor-col-100 elementor-top-column elementor-element elementor-element-6c372b5e\" data-id=\"6c372b5e\" data-element_type=\"column\" data-settings=\"{&quot;background_background&quot;:&quot;classic&quot;}\">\n\t\t\t<div class=\"elementor-widget-wrap elementor-element-populated\">\n\t\t\t\t\t\t<div class=\"elementor-element elementor-element-e1b011a elementor-widget elementor-widget-heading\" data-id=\"e1b011a\" data-element_type=\"widget\" data-widget_type=\"heading.default\">\n\t\t\t\t<div class=\"elementor-widget-container\">\n\t\t\t\t\t<h2 class=\"elementor-heading-title elementor-size-default\">Dr. med. univ. Metin Aysel\n<\/h2>\t\t\t\t<\/div>\n\t\t\t\t<\/div>\n\t\t\t\t<div class=\"elementor-element elementor-element-449cd2af elementor-widget elementor-widget-text-editor\" data-id=\"449cd2af\" data-element_type=\"widget\" data-widget_type=\"text-editor.default\">\n\t\t\t\t<div class=\"elementor-widget-container\">\n\t\t\t\t\t\t\t\t\t<p>kontakt<a href=\"mailto:metin.aysel@respiro-zpp.ch\">@respiro-zpp.ch<\/a><\/p>\t\t\t\t\t\t\t\t<\/div>\n\t\t\t\t<\/div>\n\t\t<div class=\"elementor-element elementor-element-46d6c74 e-flex e-con-boxed e-con e-parent\" data-id=\"46d6c74\" data-element_type=\"container\">\n\t\t\t\t\t<div class=\"e-con-inner\">\n\t\t<div class=\"elementor-element elementor-element-28b09a2 e-con-full e-flex e-con e-child\" data-id=\"28b09a2\" data-element_type=\"container\">\n\t\t\t\t<div class=\"elementor-element elementor-element-5f09931 elementor-widget elementor-widget-image\" data-id=\"5f09931\" data-element_type=\"widget\" data-widget_type=\"image.default\">\n\t\t\t\t<div class=\"elementor-widget-container\">\n\t\t\t\t\t\t\t\t\t\t\t\t\t\t\t<img alt=\"\" fetchpriority=\"high\" decoding=\"async\" width=\"683\" height=\"1024\" src=\"https:\/\/respiro-zpp.ch\/wp-content\/uploads\/2024\/02\/Respiro-1-36-scaled-1-683x1024.webp\" class=\"attachment-large size-large wp-image-399\" alt=\"\" srcset=\"https:\/\/respiro-zpp.ch\/wp-content\/uploads\/2024\/02\/Respiro-1-36-scaled-1-683x1024.webp 683w, https:\/\/respiro-zpp.ch\/wp-content\/uploads\/2024\/02\/Respiro-1-36-scaled-1-200x300.webp 200w, https:\/\/respiro-zpp.ch\/wp-content\/uploads\/2024\/02\/Respiro-1-36-scaled-1-768x1152.webp 768w, https:\/\/respiro-zpp.ch\/wp-content\/uploads\/2024\/02\/Respiro-1-36-scaled-1-1024x1536.webp 1024w, https:\/\/respiro-zpp.ch\/wp-content\/uploads\/2024\/02\/Respiro-1-36-scaled-1-1366x2048.webp 1366w, https:\/\/respiro-zpp.ch\/wp-content\/uploads\/2024\/02\/Respiro-1-36-scaled-1.webp 1707w\" sizes=\"(max-width: 683px) 100vw, 683px\" \/>\t\t\t\t\t\t\t\t\t\t\t\t\t\t\t<\/div>\n\t\t\t\t<\/div>\n\t\t\t\t<\/div>\n\t\t<div class=\"elementor-element elementor-element-8430ac3 e-flex e-con-boxed e-con e-child\" data-id=\"8430ac3\" data-element_type=\"container\">\n\t\t\t\t\t<div class=\"e-con-inner\">\n\t\t\t\t<div class=\"elementor-element elementor-element-d186a36 elementor-widget elementor-widget-heading\" data-id=\"d186a36\" data-element_type=\"widget\" data-widget_type=\"heading.default\">\n\t\t\t\t<div class=\"elementor-widget-container\">\n\t\t\t\t\t<h4 class=\"elementor-heading-title elementor-size-default\">Mitglied der FMH<\/h4>\t\t\t\t<\/div>\n\t\t\t\t<\/div>\n\t\t\t\t<div class=\"elementor-element elementor-element-bb76e62 elementor-widget elementor-widget-text-editor\" data-id=\"bb76e62\" data-element_type=\"widget\" data-widget_type=\"text-editor.default\">\n\t\t\t\t<div class=\"elementor-widget-container\">\n\t\t\t\t\t\t\t\t\t<p>Ich durfte in meiner Ausbildung Aspekte der Gespr\u00e4chspsychotherapie, der Spieltherapie und der kognitiven Verhaltenstherapie kennenlernen. Eine interdisziplin\u00e4re Herangehensweise in der Therapieplanung beurteile ich als unumg\u00e4nglich. Der empathische Dialog in der Einhaltung der individuellen Grenzen meiner PatientInnen erfordert auch eine Anpassung der angewandten Methoden. Lachen und insgesamt der humorvolle Umgang mit Leid geh\u00f6ren zur Therapie. Oft ist unser Blick verschleiert durch die zahlreichen psychosozialen Belastungsfaktoren im Alltag. Wir werden regelrecht von negativen Gedanken \u00fcberrollt.<\/p><p>\u00a0<\/p>\t\t\t\t\t\t\t\t<\/div>\n\t\t\t\t<\/div>\n\t\t\t\t\t<\/div>\n\t\t\t\t<\/div>\n\t\t\t\t\t<\/div>\n\t\t\t\t<\/div>\n\t\t<div class=\"elementor-element elementor-element-96cdbe7 e-flex e-con-boxed e-con e-parent\" data-id=\"96cdbe7\" data-element_type=\"container\">\n\t\t\t\t\t<div class=\"e-con-inner\">\n\t\t<div class=\"elementor-element elementor-element-4b48386 e-flex e-con-boxed e-con e-child\" data-id=\"4b48386\" data-element_type=\"container\">\n\t\t\t\t\t<div class=\"e-con-inner\">\n\t\t\t\t<div class=\"elementor-element elementor-element-457e85c elementor-widget elementor-widget-text-editor\" data-id=\"457e85c\" data-element_type=\"widget\" data-widget_type=\"text-editor.default\">\n\t\t\t\t<div class=\"elementor-widget-container\">\n\t\t\t\t\t\t\t\t\t<p>Eine positiv-realistische Betrachtungsweise erm\u00f6glicht unsere beinahe automatisierte negativ-subrationale Sichtweise wieder ins Gleichgewicht zu r\u00fccken. Daneben werden oft sogenannte \u201ckardiale\u201d Faktoren in unserem Zeitalter \u00fcbersehen. Das Herz, obwohl doch so \u00fcberw\u00e4ltigend in der Prominenz unserer Befindlichkeit, wird oft aufgrund der vernunftlastigen Alltagsgestaltung \u00fcbersehen und vernachl\u00e4ssigt. Ein additiver Ansatz in der Psychotherapie ist die Vereinigung von Herz und Vernunft. Erst das Bewusstsein \u00fcber die Existenz von verschiedenen Lebenskreisen in denen wir uns in jedem Moment unseres Seins befinden, und die damit verbundene versetzte Wahrnehmung des Zeiterlebens ist es m\u00f6glich gemeinsam mit den Betroffenen Ans\u00e4tze f\u00fcr die Reaktivierung von Potenzialen und Ressourcen zu entdecken, aber auch zu entwickeln.<\/p><p>Es existieren mindestens der Lebenskreis des K\u00f6rpers, des Herzen und der Seele. Das Dasein und die Wahrnehmung er\u00f6ffnen einem jedoch die Wahrnehmung \u00fcber verschiedene Dimensionen des Seins. Man stelle sich vor, dass man am Vortag vom wunderbaren Urlaub auf den Malediven zur\u00fcckgekommen sei. Mit dem K\u00f6rper befinden wir uns an einem bestimmten, im Unterschied zum Vortag ganz anderen Ort. Doch unsere Seele liegt noch am Strand und geniesst die Brise des Windes. Und unser Herz ersehnt sich aber bereits dem Wiedersehen mit der besten Freundin am Folgetag. Im selben Moment unseres Seins-Bewusstseins erleben wir bewusst oder unbewusst verschiedene Eindr\u00fccke.<\/p><p>Genauso haben psychosoziale Faktoren, jedes Wort, jedes Erlebte in jedem Moment unseres Seins unterschiedliche Einfl\u00fcsse auf unterschiedliche Lebenskreise unseres Seins. Und genau so haben diese unterschiedlichen Lebenskreise ihre unterschiedlichen Bed\u00fcrfnisse. L\u00e4sst man den K\u00f6rper aushungern, treten bestimmte Mangelerscheinungen zu Tage. Ebenso bedarf es einer entsprechenden \u201cNahrung\u201d beziehungsweise ausgeglichenen Bed\u00fcrfnisbefriedigung f\u00fcr unsere anderen beiden Lebenskreise.<\/p><p>In der Zusammenstellung unseres Teams lege ich ganz besonderen Wert auf einen empathischen, sympathischen und menschlichen Umgang mit den Mitmenschen. Ein harmonischer Umgang und besondere St\u00e4rken in diadischen Probleml\u00f6sestrategien wie auch eine starke Sozialkompetenz sind wahrscheinlich die wichtigsten Punkte, auf die ich besonders versuche zu achten.<\/p><p>Wir freuen uns auf Ihre Kontaktaufnahme. Wir hoffen Ihnen mit unseren Ans\u00e4tzen und unserem Zugang in der Bew\u00e4ltigung der psychischen Schwierigkeiten hilfreich zur Seite stehen k\u00f6nnen und Ihnen und Ihrer Familie somit erm\u00f6glichen k\u00f6nnen Luft zu holen. Wir hoffen dann selbstverst\u00e4ndlich und freuen uns umso mehr, wenn Sie mit diesem Atem in die unendlichen Sph\u00e4ren des Seins abtauchen k\u00f6nnen und unsere Unterst\u00fctzung beim H\u00f6henflug dann nicht mehr brauchen.<\/p>\t\t\t\t\t\t\t\t<\/div>\n\t\t\t\t<\/div>\n\t\t\t\t\t<\/div>\n\t\t\t\t<\/div>\n\t\t\t\t\t<\/div>\n\t\t\t\t<\/div>\n\t\t\t\t<div class=\"elementor-element elementor-element-289b4982 elementor-widget-divider--view-line elementor-widget elementor-widget-divider\" data-id=\"289b4982\" data-element_type=\"widget\" data-widget_type=\"divider.default\">\n\t\t\t\t<div class=\"elementor-widget-container\">\n\t\t\t\t\t\t\t<div class=\"elementor-divider\">\n\t\t\t<span class=\"elementor-divider-separator\">\n\t\t\t\t\t\t<\/span>\n\t\t<\/div>\n\t\t\t\t\t\t<\/div>\n\t\t\t\t<\/div>\n\t\t\t\t<div class=\"elementor-element elementor-element-42fb4794 elementor-widget elementor-widget-heading\" data-id=\"42fb4794\" data-element_type=\"widget\" data-widget_type=\"heading.default\">\n\t\t\t\t<div class=\"elementor-widget-container\">\n\t\t\t\t\t<h4 class=\"elementor-heading-title elementor-size-default\">Curriculum vitae<\/h4>\t\t\t\t<\/div>\n\t\t\t\t<\/div>\n\t\t\t\t<div class=\"elementor-element elementor-element-1c96655 elementor-widget elementor-widget-heading\" data-id=\"1c96655\" data-element_type=\"widget\" data-widget_type=\"heading.default\">\n\t\t\t\t<div class=\"elementor-widget-container\">\n\t\t\t\t\t<h4 class=\"elementor-heading-title elementor-size-default\">Schulausbildung<\/h4>\t\t\t\t<\/div>\n\t\t\t\t<\/div>\n\t\t\t\t<div class=\"elementor-element elementor-element-2ee5e63e elementor-widget__width-initial elementor-widget elementor-widget-text-editor\" data-id=\"2ee5e63e\" data-element_type=\"widget\" data-widget_type=\"text-editor.default\">\n\t\t\t\t<div class=\"elementor-widget-container\">\n\t\t\t\t\t\t\t\t\t<table style=\"height: 77px;\" width=\"1397\">\n<tbody>\n<tr>\n<td rowspan=\"2\" width=\"120\">09\/88 \u2013 05\/96<\/td>\n<td width=\"800\"><strong>Bundesrealgymnasium<\/strong><\/td>\n<\/tr>\n<tr>\n<td>2700 Wiener Neustadt, Zehnergasse 15<\/td>\n<\/tr>\n<tr>\n<td>10\/96<\/td>\n<td><strong>Matura<\/strong><\/td>\n<\/tr>\n<\/tbody>\n<\/table>\t\t\t\t\t\t\t\t<\/div>\n\t\t\t\t<\/div>\n\t\t\t\t<div class=\"elementor-element elementor-element-b928164 elementor-widget elementor-widget-heading\" data-id=\"b928164\" data-element_type=\"widget\" data-widget_type=\"heading.default\">\n\t\t\t\t<div class=\"elementor-widget-container\">\n\t\t\t\t\t<h4 class=\"elementor-heading-title elementor-size-default\">Studium<\/h4>\t\t\t\t<\/div>\n\t\t\t\t<\/div>\n\t\t\t\t<div class=\"elementor-element elementor-element-51d55c0 elementor-widget__width-initial elementor-widget elementor-widget-text-editor\" data-id=\"51d55c0\" data-element_type=\"widget\" data-widget_type=\"text-editor.default\">\n\t\t\t\t<div class=\"elementor-widget-container\">\n\t\t\t\t\t\t\t\t\t<table width=\"987\">\n<tbody>\n<tr>\n<td width=\"120\">10\/96 \u2013 12\/05<\/td>\n<td width=\"883\"><strong>Studium der Medizin, N 201<\/strong>\u00a0an der Medizinischen Universit\u00e4t Wien<\/td>\n<\/tr>\n<tr>\n<td>08\/05<\/td>\n<td>Gaststudent \u00fcber die Sommerferien an der Addis Ababa University, Medical Faculty Dept. of\u00a0<strong>Pediatrics and Child Health<\/strong>, \u00c4thiopien<\/td>\n<\/tr>\n<\/tbody>\n<\/table>\n&nbsp;\n<table width=\"987\">\n<tbody>\n<tr>\n<td width=\"120\">2005\/2007<\/td>\n<td width=\"883\">Wissenschaftliche Arbeit an der Universit\u00e4tsklinik f\u00fcr Neuropsychiatrie des Kindes- und Jugendalters, AKH-Wien \u201ePsychopathologie von Migranten- und Fl\u00fcchtlingskindern, urs\u00e4chliche Faktoren und pr\u00e4ventive Ma\u00dfnahmen\u201c<\/td>\n<\/tr>\n<\/tbody>\n<\/table>\n&nbsp;\n<table width=\"987\">\n<tbody>\n<tr>\n<td rowspan=\"2\" width=\"120\">seit 2013<\/td>\n<td width=\"883\">Etablierung und Organisation der<\/td>\n<\/tr>\n<tr>\n<td><strong>International Congress of Nefs Science I \u2013 VI (2014-2019)<\/strong><\/td>\n<\/tr>\n<\/tbody>\n<\/table>\n&nbsp;\n<table width=\"987\">\n<tbody>\n<tr>\n<td rowspan=\"2\" width=\"120\">2016<\/td>\n<td width=\"883\">Pr\u00e4sident, Intitiator und Gr\u00fcndungsmitglied der<\/td>\n<\/tr>\n<tr>\n<td><strong>\u201eAssociation for Psychological and Spiritual Sciences \u2013 APSS\u201c<\/strong>\u00a0www.apss.eu<\/td>\n<\/tr>\n<\/tbody>\n<\/table>\t\t\t\t\t\t\t\t<\/div>\n\t\t\t\t<\/div>\n\t\t\t\t<div class=\"elementor-element elementor-element-771e3a6 elementor-widget elementor-widget-heading\" data-id=\"771e3a6\" data-element_type=\"widget\" data-widget_type=\"heading.default\">\n\t\t\t\t<div class=\"elementor-widget-container\">\n\t\t\t\t\t<h4 class=\"elementor-heading-title elementor-size-default\">Facharztausbildung f\u00fcr Kinder- und Jugendpsychiatrie<\/h4>\t\t\t\t<\/div>\n\t\t\t\t<\/div>\n\t\t\t\t<div class=\"elementor-element elementor-element-82217cc elementor-widget__width-initial elementor-widget elementor-widget-text-editor\" data-id=\"82217cc\" data-element_type=\"widget\" data-widget_type=\"text-editor.default\">\n\t\t\t\t<div class=\"elementor-widget-container\">\n\t\t\t\t\t\t\t\t\t<table width=\"1538\">\n<tbody>\n<tr>\n<td width=\"120\">09\/05 \u2013<\/td>\n<td rowspan=\"2\" width=\"883\">Mitarbeit auf der Station E06 der Universit\u00e4tsklinik f\u00fcr Neuropsychiatrie des Kindes- und Jugendalters AKH-Wien als\u00a0<strong>klinischer Beobachter<\/strong><\/td>\n<\/tr>\n<tr>\n<td>06\/07<\/td>\n<\/tr>\n<\/tbody>\n<\/table>\n&nbsp;\n<table width=\"1538\">\n<tbody>\n<tr>\n<td width=\"161\">07\/07 \u2013<\/td>\n<td rowspan=\"2\" width=\"1377\"><strong>Psychiatrische Dienste Aargau, Kinder- und Jugendpsychiatrischer Dienst Aargau<\/strong><\/td>\n<\/tr>\n<tr>\n<td>12\/08<\/td>\n<\/tr>\n<\/tbody>\n<\/table>\n&nbsp;\n<table width=\"1538\">\n<tbody>\n<tr>\n<td width=\"161\">01\/09 \u2013<\/td>\n<td rowspan=\"2\" width=\"1377\"><strong>Kinder- und Jugendpsychiatrischer Dienst Z\u00fcrich, Fachstelle f\u00fcr Kinder- und Jugendforensik Universit\u00e4tsklinik Z\u00fcrich<\/strong><\/td>\n<\/tr>\n<tr>\n<td>12\/11<\/td>\n<\/tr>\n<\/tbody>\n<\/table>\n&nbsp;\n<table width=\"1538\">\n<tbody>\n<tr>\n<td width=\"161\">01\/11 \u2013<\/td>\n<td rowspan=\"2\" width=\"1377\"><strong>Sanatorium Kilchberg,<\/strong>\u00a0Fremdjahr Erwachsenenpsychiatrie im Rahmen der Facharztausbildung f\u00fcr Kinder- und Jugendpsychiatrie.<\/td>\n<\/tr>\n<tr>\n<td>12\/11<\/td>\n<\/tr>\n<\/tbody>\n<\/table>\n&nbsp;\n<table width=\"1538\">\n<tbody>\n<tr>\n<td width=\"161\">01\/12 \u2013<\/td>\n<td rowspan=\"2\" width=\"1377\"><strong>Schweizerisches Epilepsiezentrum,<\/strong>\u00a0Fremdjahr Neurologie im Rahmen der Facharztausbildung f\u00fcr Kinder- und Jugendpsychiatrie.<\/td>\n<\/tr>\n<tr>\n<td>12\/12<\/td>\n<\/tr>\n<\/tbody>\n<\/table>\n&nbsp;\n<table width=\"1538\">\n<tbody>\n<tr>\n<td width=\"161\">01\/13 \u2013<\/td>\n<td rowspan=\"2\" width=\"1377\"><strong>Kinder- und Jugendpsychiatrischer Dienst \/ Universit\u00e4tsklinik Z\u00fcrich, Zentrum<\/strong>\u00a0\u2013 station\u00e4r<\/td>\n<\/tr>\n<tr>\n<td>09\/14<\/td>\n<\/tr>\n<\/tbody>\n<\/table>\n&nbsp;\n<table width=\"1538\">\n<tbody>\n<tr>\n<td width=\"161\">10\/14 \u2013<\/td>\n<td rowspan=\"2\" width=\"1377\"><strong>Kinder- und Jugendpsychiatrischer Dienst \/ Universit\u00e4tsklinik Z\u00fcrich<\/strong>, Nachtarzt<\/td>\n<\/tr>\n<tr>\n<td>12\/19<\/td>\n<\/tr>\n<\/tbody>\n<\/table>\n&nbsp;\n<table width=\"1538\">\n<tbody>\n<tr>\n<td width=\"161\">03\/15<\/td>\n<td width=\"1377\"><strong>Facharztpr\u00fcfung<\/strong>\u00a0im Fach\u00a0<strong>Kinder- und Jugendpsychiatrie<\/strong><\/td>\n<\/tr>\n<\/tbody>\n<\/table>\n&nbsp;\n<table width=\"1538\">\n<tbody>\n<tr>\n<td width=\"161\">2015<\/td>\n<td width=\"1377\">Praxist\u00e4tigkeit im Erwachsenenbereich bei Hrn. Dr. Ahmet Dervisoglu, Basel<\/td>\n<\/tr>\n<\/tbody>\n<\/table>\n&nbsp;\n<table width=\"1538\">\n<tbody>\n<tr>\n<td width=\"161\">2017 \u2013<\/td>\n<td rowspan=\"2\" width=\"1377\">Praxist\u00e4tigkeit im Erwachsenenbereich bei Hrn. Dr. Urs Dudle, Z\u00fcrich<\/td>\n<\/tr>\n<tr>\n<td>2019<\/td>\n<\/tr>\n<\/tbody>\n<\/table>\n&nbsp;\t\t\t\t\t\t\t\t<\/div>\n\t\t\t\t<\/div>\n\t\t\t\t<div class=\"elementor-element elementor-element-be1fd81 elementor-widget elementor-widget-heading\" data-id=\"be1fd81\" data-element_type=\"widget\" data-widget_type=\"heading.default\">\n\t\t\t\t<div class=\"elementor-widget-container\">\n\t\t\t\t\t<h4 class=\"elementor-heading-title elementor-size-default\">Vortr\u00e4ge \/ \u00d6ffentlichkeit \/ Publikationen<\/h4>\t\t\t\t<\/div>\n\t\t\t\t<\/div>\n\t\t\t\t<div class=\"elementor-element elementor-element-87b04bf elementor-widget__width-initial elementor-widget elementor-widget-text-editor\" data-id=\"87b04bf\" data-element_type=\"widget\" data-widget_type=\"text-editor.default\">\n\t\t\t\t<div class=\"elementor-widget-container\">\n\t\t\t\t\t\t\t\t\t<table width=\"987\"><tbody><tr><td width=\"104\">2006<\/td><td width=\"883\"><strong>\u201cKulturspezifische Aspekte im Umgang mit Behinderung aus islamisch \u2013 t\u00fcrkischer Sicht\u201c,<\/strong>\u00a0Krankenhaus Barmherzige Br\u00fcder, Institut f\u00fcr Sinnes- und Sprachneurologie, Gesundheitszentrum f\u00fcr Geh\u00f6rlose, Linz<\/td><\/tr><\/tbody><\/table><p>\u00a0<\/p><table width=\"987\"><tbody><tr><td width=\"104\">Abstracts<\/td><td width=\"883\">Kanita Dervic, T\u00fcrkan Akkaya-Kalayci, Nestor D. Kapusta, Marihan Kaya, Elisabeth Merl, Elisabeth Vogel,\u00a0<strong>Metin Aysel<\/strong>, Elisabeth Pellegrini, Max H. Friedrich, Suicidal ideation in Viennese secondary school pupils. Abstract book, 15th Congress of the Association of European Psychiatrists (AEP), Madrid, Spain, 17-21 March, 2007<\/td><\/tr><\/tbody><\/table><p>\u00a0<\/p><table width=\"987\"><tbody><tr><td width=\"104\">Poster<\/td><td width=\"883\"><strong>\u201cPsychical illness of Turkish Migrant Children and Adolescents. Psychopathology and Protective Factors\u201d, M. Aysel,<\/strong>\u00a0M. Gutmann, M. Arslan, T. Akkaya-Kalayci, K. Dervic, B. Schuch, C. Popow Medical University of Vienna, Dept. of Child and Adolescent Psychiatry, 3 rd PhD Symposium of the Young Scientists Association of the Medical University of Vienna, June 21-22, 2007<strong>\u201cAre there Temporal Variations in Youth Suicide\u201d<\/strong>, Kanita Dervic, M.D., Nestor D. Kapusta, M.D., Thomas Niederkrotenthaler, M.D.,\u00a0<strong>Metin Aysel<\/strong>, M.D., Martin Voracek, Ph.D., Lisa Loibl, Ph.D., Heiner Meng, M.D., Gernot Sonneck, M.D., Max H. Friedrich, M.D., IACAPAP Congress Istanbul 30.04-03.05.2008, Istanbul,<\/td><\/tr><\/tbody><\/table><p>\u00a0<\/p><table width=\"987\"><tbody><tr><td width=\"104\">Preise<\/td><td width=\"883\">Kanita Dervic, T\u00fcrkan Akkaya-Kalayci, Nestor D. Kapusta, Marihan Kaya, Elisabeth Merl, Elisabeth Vogel,\u00a0<strong>Metin Aysel<\/strong>, Elisabeth Pellegrini, Max H. Friedrich, Suicidal ideation in Viennese secondary school pupils.\u00a0<strong>Posterpreis der \u00d6GPP<\/strong>\u00a0(\u00d6sterreichische Gesellschaft f\u00fcr Psychiatrie und Psychotherapie), Salzburg 2007<\/td><\/tr><\/tbody><\/table><p>\u00a0<\/p><table width=\"987\"><tbody><tr><td width=\"104\">2010<\/td><td width=\"883\"><p><strong>\u201eADHD\u201c<\/strong><strong>\u201eDepression im Kindes- und Jugendalter\u201c<\/strong><\/p><p><strong>\u201eSt\u00f6rung des Sozialverhaltens\u201c<\/strong><\/p><p><strong>\u201ePubert\u00e4t und Kommunikation mit Pubertierenden\u201c<\/strong><\/p><p>Im Rahmen des Projektes \u201ePr\u00e4vention statt Intervention\u201c, Integrationsf\u00f6rderung der Stadt Z\u00fcrich, Laienfortbildung (Vortragssprache: T\u00fcrkisch)<\/p><\/td><\/tr><\/tbody><\/table><p>\u00a0<\/p><table width=\"987\"><tbody><tr><td width=\"104\">seit 2018<\/td><td width=\"883\"><strong>\u201eEinordnung psychischer Krankheitsbilder\u201c,<\/strong>\u00a0Referent im Rahmen der Weiterbildung des Schweizerischen Zentrums f\u00fcr Islam und Gesellschaft der Universit\u00e4t Freiburg \u201eMuslimische Seelsorge und Beratung im interreligi\u00f6sen Kontext\u201c<\/td><\/tr><\/tbody><\/table><p>\u00a0<\/p><table width=\"987\"><tbody><tr><td width=\"104\">eingereicht:<\/td><td width=\"883\">\u00a0<strong>\u201eMental health problems of children and adolescents, with and without migration background, living in Vienna, Austria\u201d<\/strong>\u00a0Maria Teresa Gutmann; Metin Aysel; Zeliha \u00d6zl\u00fc-Erkilic; Christian Popow; T\u00fcrkan Akkaya-Kalayci, Child and Adolescent Psychiatry and Mental Health<\/td><\/tr><\/tbody><\/table>\t\t\t\t\t\t\t\t<\/div>\n\t\t\t\t<\/div>\n\t\t\t\t\t<\/div>\n\t\t<\/div>\n\t\t\t\t\t<\/div>\n\t\t<\/section>\n\t\t\t\t<\/div>\n\t\t","protected":false},"excerpt":{"rendered":"<p>Dr. med. univ. Metin Aysel kontakt@respiro-zpp.ch Mitglied der FMH Ich durfte in meiner Ausbildung Aspekte der Gespr\u00e4chspsychotherapie, der Spieltherapie und der kognitiven Verhaltenstherapie kennenlernen. Eine interdisziplin\u00e4re Herangehensweise in der Therapieplanung beurteile ich als unumg\u00e4nglich. Der empathische Dialog in der Einhaltung der individuellen Grenzen meiner PatientInnen erfordert auch eine Anpassung der angewandten Methoden. Lachen und insgesamt [&hellip;]<\/p>\n","protected":false},"author":2,"featured_media":0,"parent":0,"menu_order":0,"comment_status":"closed","ping_status":"closed","template":"elementor_header_footer","meta":{"_seopress_robots_primary_cat":"","_seopress_titles_title":"","_seopress_titles_desc":"","_seopress_robots_index":"","footnotes":""},"class_list":["post-792","page","type-page","status-publish","hentry"],"_links":{"self":[{"href":"https:\/\/respiro-zpp.ch\/de\/wp-json\/wp\/v2\/pages\/792","targetHints":{"allow":["GET"]}}],"collection":[{"href":"https:\/\/respiro-zpp.ch\/de\/wp-json\/wp\/v2\/pages"}],"about":[{"href":"https:\/\/respiro-zpp.ch\/de\/wp-json\/wp\/v2\/types\/page"}],"author":[{"embeddable":true,"href":"https:\/\/respiro-zpp.ch\/de\/wp-json\/wp\/v2\/users\/2"}],"replies":[{"embeddable":true,"href":"https:\/\/respiro-zpp.ch\/de\/wp-json\/wp\/v2\/comments?post=792"}],"version-history":[{"count":6,"href":"https:\/\/respiro-zpp.ch\/de\/wp-json\/wp\/v2\/pages\/792\/revisions"}],"predecessor-version":[{"id":3888,"href":"https:\/\/respiro-zpp.ch\/de\/wp-json\/wp\/v2\/pages\/792\/revisions\/3888"}],"wp:attachment":[{"href":"https:\/\/respiro-zpp.ch\/de\/wp-json\/wp\/v2\/media?parent=792"}],"curies":[{"name":"wp","href":"https:\/\/api.w.org\/{rel}","templated":true}]}}