{"id":743,"date":"2024-02-15T21:34:35","date_gmt":"2024-02-15T21:34:35","guid":{"rendered":"https:\/\/respiro-zpp.ch\/?page_id=743"},"modified":"2024-04-08T15:00:33","modified_gmt":"2024-04-08T13:00:33","slug":"birgit-maria-brunner","status":"publish","type":"page","link":"https:\/\/respiro-zpp.ch\/de\/birgit-maria-brunner\/","title":{"rendered":"Dipl. Entspannungscoach Dipl. Hypnosetherapeutin Birgit Maria Brunner"},"content":{"rendered":"\t\t<div data-elementor-type=\"wp-page\" data-elementor-id=\"743\" class=\"elementor elementor-743\" data-elementor-post-type=\"page\">\n\t\t\t\t\t\t<section class=\"elementor-section elementor-top-section elementor-element elementor-element-28c116f2 elementor-reverse-tablet elementor-reverse-mobile elementor-section-boxed elementor-section-height-default elementor-section-height-default\" data-id=\"28c116f2\" data-element_type=\"section\">\n\t\t\t\t\t\t<div class=\"elementor-container elementor-column-gap-default\">\n\t\t\t\t\t<div class=\"elementor-column elementor-col-100 elementor-top-column elementor-element elementor-element-6c372b5e\" data-id=\"6c372b5e\" data-element_type=\"column\" data-settings=\"{&quot;background_background&quot;:&quot;classic&quot;}\">\n\t\t\t<div class=\"elementor-widget-wrap elementor-element-populated\">\n\t\t\t\t\t\t<div class=\"elementor-element elementor-element-e1b011a elementor-widget elementor-widget-heading\" data-id=\"e1b011a\" data-element_type=\"widget\" data-widget_type=\"heading.default\">\n\t\t\t\t<div class=\"elementor-widget-container\">\n\t\t\t\t\t<h2 class=\"elementor-heading-title elementor-size-default\">Dipl. Entspannungscoach <br>\nDipl. Hypnosetherapeutin<br>\nBirgit Maria Brunner\n<\/h2>\t\t\t\t<\/div>\n\t\t\t\t<\/div>\n\t\t\t\t<div class=\"elementor-element elementor-element-449cd2af elementor-widget elementor-widget-text-editor\" data-id=\"449cd2af\" data-element_type=\"widget\" data-widget_type=\"text-editor.default\">\n\t\t\t\t<div class=\"elementor-widget-container\">\n\t\t\t\t\t\t\t\t\t<p><a href=\"mailto:bimabrunner@respiro-zpp.ch\">bimabrunner@respiro-zpp.ch<\/a><\/p>\t\t\t\t\t\t\t\t<\/div>\n\t\t\t\t<\/div>\n\t\t<div class=\"elementor-element elementor-element-46d6c74 e-flex e-con-boxed e-con e-parent\" data-id=\"46d6c74\" data-element_type=\"container\">\n\t\t\t\t\t<div class=\"e-con-inner\">\n\t\t<div class=\"elementor-element elementor-element-28b09a2 e-con-full e-flex e-con e-child\" data-id=\"28b09a2\" data-element_type=\"container\">\n\t\t\t\t<div class=\"elementor-element elementor-element-5f09931 elementor-widget elementor-widget-image\" data-id=\"5f09931\" data-element_type=\"widget\" data-widget_type=\"image.default\">\n\t\t\t\t<div class=\"elementor-widget-container\">\n\t\t\t\t\t\t\t\t\t\t\t\t\t\t\t<img alt=\"\" fetchpriority=\"high\" decoding=\"async\" width=\"683\" height=\"1024\" src=\"https:\/\/respiro-zpp.ch\/wp-content\/uploads\/2024\/02\/Respiro-1-30-scaled-1-683x1024.webp\" class=\"attachment-large size-large wp-image-421\" alt=\"\" srcset=\"https:\/\/respiro-zpp.ch\/wp-content\/uploads\/2024\/02\/Respiro-1-30-scaled-1-683x1024.webp 683w, https:\/\/respiro-zpp.ch\/wp-content\/uploads\/2024\/02\/Respiro-1-30-scaled-1-200x300.webp 200w, https:\/\/respiro-zpp.ch\/wp-content\/uploads\/2024\/02\/Respiro-1-30-scaled-1-768x1152.webp 768w, https:\/\/respiro-zpp.ch\/wp-content\/uploads\/2024\/02\/Respiro-1-30-scaled-1-1024x1536.webp 1024w, https:\/\/respiro-zpp.ch\/wp-content\/uploads\/2024\/02\/Respiro-1-30-scaled-1-1366x2048.webp 1366w, https:\/\/respiro-zpp.ch\/wp-content\/uploads\/2024\/02\/Respiro-1-30-scaled-1.webp 1707w\" sizes=\"(max-width: 683px) 100vw, 683px\" \/>\t\t\t\t\t\t\t\t\t\t\t\t\t\t\t<\/div>\n\t\t\t\t<\/div>\n\t\t\t\t<\/div>\n\t\t<div class=\"elementor-element elementor-element-8430ac3 e-flex e-con-boxed e-con e-child\" data-id=\"8430ac3\" data-element_type=\"container\">\n\t\t\t\t\t<div class=\"e-con-inner\">\n\t\t\t\t<div class=\"elementor-element elementor-element-d186a36 elementor-widget elementor-widget-heading\" data-id=\"d186a36\" data-element_type=\"widget\" data-widget_type=\"heading.default\">\n\t\t\t\t<div class=\"elementor-widget-container\">\n\t\t\t\t\t<h4 class=\"elementor-heading-title elementor-size-default\">\u00dcber mich<\/h4>\t\t\t\t<\/div>\n\t\t\t\t<\/div>\n\t\t\t\t<div class=\"elementor-element elementor-element-bb76e62 elementor-widget elementor-widget-text-editor\" data-id=\"bb76e62\" data-element_type=\"widget\" data-widget_type=\"text-editor.default\">\n\t\t\t\t<div class=\"elementor-widget-container\">\n\t\t\t\t\t\t\t\t\t<p>Mein Herzensanliegen gilt der F\u00f6rderung eines freien, bewussten Seins und der St\u00e4rkung der Selbstheilungskr\u00e4fte. Um auch die unbewussten Ebenen auf diesem Weg hilfreich miteinzubeziehen,\u00a0 arbeite ich gerne mit Trancetechniken. Du lernst das Zusammenspiel deiner Gedanken, Gef\u00fchle und K\u00f6rperempfindungen besser zu verstehen, dich von Blockaden zu l\u00f6sen und deine Ressourcen zu st\u00e4rken.<\/p>\t\t\t\t\t\t\t\t<\/div>\n\t\t\t\t<\/div>\n\t\t\t\t\t<\/div>\n\t\t\t\t<\/div>\n\t\t\t\t\t<\/div>\n\t\t\t\t<\/div>\n\t\t<div class=\"elementor-element elementor-element-96cdbe7 e-flex e-con-boxed e-con e-parent\" data-id=\"96cdbe7\" data-element_type=\"container\">\n\t\t\t\t\t<div class=\"e-con-inner\">\n\t\t<div class=\"elementor-element elementor-element-4b48386 e-flex e-con-boxed e-con e-child\" data-id=\"4b48386\" data-element_type=\"container\">\n\t\t\t\t\t<div class=\"e-con-inner\">\n\t\t\t\t<div class=\"elementor-element elementor-element-96c737e elementor-widget elementor-widget-heading\" data-id=\"96c737e\" data-element_type=\"widget\" data-widget_type=\"heading.default\">\n\t\t\t\t<div class=\"elementor-widget-container\">\n\t\t\t\t\t<h4 class=\"elementor-heading-title elementor-size-default\">Autogenes Training &amp;  Progressive Muskelrelaxation<\/h4>\t\t\t\t<\/div>\n\t\t\t\t<\/div>\n\t\t\t\t<div class=\"elementor-element elementor-element-023074d elementor-widget elementor-widget-text-editor\" data-id=\"023074d\" data-element_type=\"widget\" data-widget_type=\"text-editor.default\">\n\t\t\t\t<div class=\"elementor-widget-container\">\n\t\t\t\t\t\t\t\t\t<p>sind leicht erlernbare Entspannungsverfahren und sehr gut wirksam bei allen stressbedingten St\u00f6rungen. Du wirst ruhiger, achtsamer und geistig frischer, die Regeneration wird gef\u00f6rdert. Ob du eher eine meditative Methode bevorzugst oder lieber eine aktive Methode mit schrittweiser Muskelanspannung und anschliessender Entspannung, bei beiden Verfahren gen\u00fcgen schon wenige Minuten am Tag f\u00fcr ein positives Ergebnis. Es k\u00f6nnen einzelne Elemente miteinander kombiniert und auch Atemtechniken eingebunden werden. Wie du diese Entspannungstools effektiv f\u00fcr dich anwendest, lernst du bei mir in einem Kurs von 9 Lektionen.<\/p><p>Autogenes Training \u2013 eine Form der Selbsthypnose \u2013 hat durch die nachhaltige Ruhe einen sehr wohltuenden Effekt. Dar\u00fcber hinaus kann es auch ganz gezielt zur Leistungsoptimierung, zum Schmerzmanagement oder z.B. zur Angstreduktion eingesetzt werden.<\/p><p>Hierzu werden in der Vorbereitung zu einem bevorstehenden Ereignis geeignete Bew\u00e4ltigungsstrategien und Kraftquellen visualisiert und verankert.<\/p><p>Die Anwendungsm\u00f6glichkeiten sind sehr vielseitig, z.B. vor Pr\u00fcfungen, Vorstellungsgespr\u00e4chen, Reden vor Publikum, Sportevents, \u2026 aber auch unterst\u00fctzend bei medizinischen Eingriffen, Rekonvaleszenz und Geburt.<\/p><p><strong>Honorar:<\/strong><\/p><p>CHF 132.- f\u00fcr eine Einzelstunde.<\/p><p>Bei Kostengutsprache \u00fcber die Zusatzversicherung der Krankenkasse, bitte vorher kl\u00e4ren.<\/p><p>Ich bin als mit der ZSR-Nr. N719762 als Therapeutin der Komplement\u00e4rpsychologie registriert:<\/p><ul><li>Bei ASCA zur Aus\u00fcbung der Methoden 253 f\u00fcr Autogenes Training und 246 f\u00fcr Hypnose,<\/li><li>beim EMR mit der Methode 20 f\u00fcr Autogenes Training.<\/li><\/ul>\t\t\t\t\t\t\t\t<\/div>\n\t\t\t\t<\/div>\n\t\t\t\t<div class=\"elementor-element elementor-element-6202769 elementor-widget elementor-widget-heading\" data-id=\"6202769\" data-element_type=\"widget\" data-widget_type=\"heading.default\">\n\t\t\t\t<div class=\"elementor-widget-container\">\n\t\t\t\t\t<h4 class=\"elementor-heading-title elementor-size-default\">Hypnose-Therapie<\/h4>\t\t\t\t<\/div>\n\t\t\t\t<\/div>\n\t\t\t\t<div class=\"elementor-element elementor-element-457e85c elementor-widget elementor-widget-text-editor\" data-id=\"457e85c\" data-element_type=\"widget\" data-widget_type=\"text-editor.default\">\n\t\t\t\t<div class=\"elementor-widget-container\">\n\t\t\t\t\t\t\t\t\t<p>kann f\u00fcr sich alleine oder erg\u00e4nzend zu anderen Therapien eingesetzt werden. Die Indikationen umfassen die meisten psychischen wie physischen Beschwerden und ist f\u00fcr alle geeignet, die sich vorstellen k\u00f6nnen, dass Ver\u00e4nderung m\u00f6glich ist.<\/p><p>Hypnose ist ein nat\u00fcrlicher Bewusstseinszustand welchen wir z.B. oft unbemerkt kurz vorm Aufwachen oder Einschlafen erleben oder wenn wir im Flow sind. \u00a0In der Hypnosetherapie wird diese Trance gezielt herbeigef\u00fchrt, um unbewusste Anteile von Mustern oder Symptomen zug\u00e4nglich zu machen und mittels psychotherapeutischer Techniken zu verarbeiten. \u00a0Dazu f\u00fchre ich dich zuerst in eine tiefe Entspannung, welche f\u00fcr sich alleine schon sehr entlastend und regenerierend wirkt.<\/p><p>Bei der nun folgenden Fokussierung deines Themas erlebst du \u00e4hnlich wie beim Anschauen eines Filmes alles bewusst mit, erinnerst dich auch nachher noch und hast jederzeit alles unter Kontrolle. Alles Erlebte ist in uns gespeichert und bildet die Basis f\u00fcr die Wirklichkeit unserer Wahrnehmung.\u00a0 Die gef\u00fchrte Hypnose bietet dir einen tiefen Einblick in deine Erfahrungswelt, so dass du dich besser verstehen lernst und ein Perspektivenwechsel m\u00f6glich wird. Die positive Erfahrung daraus wird auf der geistig-seelischen, wie auch auf der k\u00f6rperlichen Ebene sp\u00fcrbar. W\u00e4hrend des ganzen Kl\u00e4rungsprozesses wirst du von mir liebevoll begleitet und unterst\u00fctzt.<\/p>\t\t\t\t\t\t\t\t<\/div>\n\t\t\t\t<\/div>\n\t\t\t\t<div class=\"elementor-element elementor-element-57702c2 elementor-widget elementor-widget-heading\" data-id=\"57702c2\" data-element_type=\"widget\" data-widget_type=\"heading.default\">\n\t\t\t\t<div class=\"elementor-widget-container\">\n\t\t\t\t\t<h4 class=\"elementor-heading-title elementor-size-default\">Hypnose mit Kindern und Jugendlichen als Kurzzeittherapie<\/h4>\t\t\t\t<\/div>\n\t\t\t\t<\/div>\n\t\t\t\t<div class=\"elementor-element elementor-element-96c6e5a elementor-widget elementor-widget-text-editor\" data-id=\"96c6e5a\" data-element_type=\"widget\" data-widget_type=\"text-editor.default\">\n\t\t\t\t<div class=\"elementor-widget-container\">\n\t\t\t\t\t\t\t\t\t<p><strong>Kinder ab etwa 4 Jahren<\/strong>\u00a0reagieren besonders gut auf die Hypnosetherapie. Sie lieben eine Welt voller magischer M\u00f6glichkeiten. Sanft und spielerisch nehme ich das Kind mit auf eine Reise in sein unbewusstes Inneres: Zum Symbol seines Anliegens, auf die Schatzsuche der heilenden Kr\u00e4fte. Das Kind lernt dabei Vertrauen in seine eigenen F\u00e4higkeiten zu entwickeln und den st\u00f6renden Grund seiner Schwierigkeit zu l\u00f6sen \u2013 ohne dabei belastet zu werden.<\/p><p><strong>Teenager<\/strong>\u00a0auf ihrem Weg vom Jugend- zum Erwachsenenalter stehen vor grossen Herausforderungen. Oft sind Selbstwert, Sinn des Lebens, Sexualit\u00e4t, Umgang mit Druck oder Mobbing ein belastendes Thema. \u00a0Auch wenn die Eltern zuerst mit mir Kontakt aufnehmen, so ist es mir sehr wichtig, das Anliegen mit dem Teenager pers\u00f6nlich aufzuarbeiten, auf Augenh\u00f6he und selbstverst\u00e4ndlich unter Einhaltung der Schweigepflicht. Die Teens d\u00fcrfen selbst bestimmen, welche Inhalte sie zuhause mitteilen wollen.<\/p><p><strong>Honorar:<\/strong><\/p><p>CHF 132.- f\u00fcr eine Einzelstunde.<\/p><p>Bei Kostengutsprache \u00fcber die Zusatzversicherung der Krankenkasse, bitte vorher kl\u00e4ren.<\/p><p>Als Therapeutin der Komplement\u00e4rmedizin bin ich mit der ZSR-Nr. N719762 registriert:<\/p><ul><li>Bei ASCA zur Aus\u00fcbung der Methoden 253 Autogenes Training und 246 Hypnose,<\/li><li>beim EMR mit der Methode 20 Autogenes Training.<\/li><\/ul><p>Bei weiteren Fragen und zur Terminvereinbarung stehe ich Dir gerne auch telefonisch zur Verf\u00fcgung unter Tel. 076 801 8000. Ich freue mich auf Deinen Anruf!<\/p>\t\t\t\t\t\t\t\t<\/div>\n\t\t\t\t<\/div>\n\t\t\t\t\t<\/div>\n\t\t\t\t<\/div>\n\t\t\t\t\t<\/div>\n\t\t\t\t<\/div>\n\t\t\t\t<div class=\"elementor-element elementor-element-289b4982 elementor-widget-divider--view-line elementor-widget elementor-widget-divider\" data-id=\"289b4982\" data-element_type=\"widget\" data-widget_type=\"divider.default\">\n\t\t\t\t<div class=\"elementor-widget-container\">\n\t\t\t\t\t\t\t<div class=\"elementor-divider\">\n\t\t\t<span class=\"elementor-divider-separator\">\n\t\t\t\t\t\t<\/span>\n\t\t<\/div>\n\t\t\t\t\t\t<\/div>\n\t\t\t\t<\/div>\n\t\t\t\t<div class=\"elementor-element elementor-element-42fb4794 elementor-widget elementor-widget-heading\" data-id=\"42fb4794\" data-element_type=\"widget\" data-widget_type=\"heading.default\">\n\t\t\t\t<div class=\"elementor-widget-container\">\n\t\t\t\t\t<h4 class=\"elementor-heading-title elementor-size-default\">Werdegang<\/h4>\t\t\t\t<\/div>\n\t\t\t\t<\/div>\n\t\t\t\t<div class=\"elementor-element elementor-element-87b04bf elementor-widget__width-initial elementor-widget elementor-widget-text-editor\" data-id=\"87b04bf\" data-element_type=\"widget\" data-widget_type=\"text-editor.default\">\n\t\t\t\t<div class=\"elementor-widget-container\">\n\t\t\t\t\t\t\t\t\t<table width=\"987\">\n<tbody>\n<tr>\n<td rowspan=\"2\" width=\"120\">Seit 2019<\/td>\n<td width=\"883\"><strong>Instruktorin bei der Stiftung Pro Mente Sana f\u00fcr ensa Erste Hilfe Kurse f\u00fcr psychische Gesundheit:<\/strong><\/td>\n<\/tr>\n<tr>\n<td>\n<ul>\n \t<li>Fokus Erwachsene<\/li>\n \t<li>Fokus Jugendliche<\/li>\n \t<li>Gespr\u00e4che \u00fcber Suizidgedanken<\/li>\n \t<li>Nichtsuizidales selbstverletzendes Verhalten<\/li>\n<\/ul>\n<\/td>\n<\/tr>\n<\/tbody>\n<\/table>\n<table width=\"987\">\n<tbody>\n<tr>\n<td rowspan=\"2\" width=\"120\">05\/2018<\/td>\n<td width=\"883\"><strong>Ausbildung Hypnosetherapeutin OMNI Volketswil, Abschluss mit Zertifika<\/strong><\/td>\n<\/tr>\n<tr>\n<td>Psychologische Diagnostik, Beratung und Therapie f\u00fcr Kinder und Jugendliche im vollstation\u00e4ren Bereich<\/td>\n<\/tr>\n<\/tbody>\n<\/table>\n<table width=\"987\">\n<tbody>\n<tr>\n<td width=\"120\">2017 \u2013 2018<\/td>\n<td width=\"883\">Vorstandsmitglied der Schweizerischen Gesellschaft f\u00fcr Hypnose &amp;\u00a0 Hypnoseforschung<\/td>\n<\/tr>\n<\/tbody>\n<\/table>\n<table width=\"987\">\n<tbody>\n<tr>\n<td width=\"120\">11\/2014 \u2013 03\/2017<\/td>\n<td width=\"883\">Ausbildung zur Therapeutin in tiefenpsychologisch-analytischer Hypnose, Abschluss mit Diplom Schweizerische Gesellschaft f\u00fcr Hypnose &amp; Hypnoseforschung<\/td>\n<\/tr>\n<\/tbody>\n<\/table>\n<table width=\"987\">\n<tbody>\n<tr>\n<td width=\"120\">09\/2013 \u2013 12\/2014<\/td>\n<td width=\"883\">Ausbildung zur Seminarleiterin f\u00fcr Autogenes Training und Progressive Muskelrelaxation, Abschluss mit Diplom Schweizerische Gesellschaft f\u00fcr Hypnose &amp; \u00a0Hypnoseforschung<\/td>\n<\/tr>\n<\/tbody>\n<\/table>\n<table width=\"987\">\n<tbody>\n<tr>\n<td width=\"120\">04\/2006<\/td>\n<td width=\"883\">Reiki Meisterschaft bei Antoinette B\u00e4rtsch Rapperswil<\/td>\n<\/tr>\n<\/tbody>\n<\/table>\n<table width=\"987\">\n<tbody>\n<tr>\n<td width=\"120\">04\/2006<\/td>\n<td width=\"883\">Ausbildung zur Naturheilpraktikerin, Abschluss mit Zertifikat Fachschulen FNH Z\u00fcrich und GAM Chur<\/td>\n<\/tr>\n<\/tbody>\n<\/table>\n<table width=\"987\">\n<tbody>\n<tr>\n<td width=\"120\">2005<\/td>\n<td width=\"883\">Aufnahme selbst\u00e4ndiger T\u00e4tigkeit in eigener Praxis mit ganzheitlicher Beratung und Energiearbeit<\/td>\n<\/tr>\n<\/tbody>\n<\/table>\n<table width=\"987\">\n<tbody>\n<tr>\n<td width=\"120\">2002 \u2013 2004<\/td>\n<td width=\"883\">Begleitung von Schwerstkranken und deren Angeh\u00f6rigen Aargauer Hospiz<\/td>\n<\/tr>\n<\/tbody>\n<\/table>\n<table width=\"987\">\n<tbody>\n<tr>\n<td width=\"120\">2000 \u2013 2008<\/td>\n<td width=\"883\">Spirituelle Psychologie und Holistische Gesundheit Rita Froelich Z\u00fcrich<\/td>\n<\/tr>\n<\/tbody>\n<\/table>\t\t\t\t\t\t\t\t<\/div>\n\t\t\t\t<\/div>\n\t\t\t\t\t<\/div>\n\t\t<\/div>\n\t\t\t\t\t<\/div>\n\t\t<\/section>\n\t\t\t\t<\/div>\n\t\t","protected":false},"excerpt":{"rendered":"<p>Dipl. Entspannungscoach Dipl. Hypnosetherapeutin Birgit Maria Brunner bimabrunner@respiro-zpp.ch \u00dcber mich Mein Herzensanliegen gilt der F\u00f6rderung eines freien, bewussten Seins und der St\u00e4rkung der Selbstheilungskr\u00e4fte. Um auch die unbewussten Ebenen auf diesem Weg hilfreich miteinzubeziehen,\u00a0 arbeite ich gerne mit Trancetechniken. Du lernst das Zusammenspiel deiner Gedanken, Gef\u00fchle und K\u00f6rperempfindungen besser zu verstehen, dich von Blockaden zu [&hellip;]<\/p>\n","protected":false},"author":2,"featured_media":0,"parent":0,"menu_order":0,"comment_status":"closed","ping_status":"closed","template":"elementor_header_footer","meta":{"_seopress_robots_primary_cat":"","_seopress_titles_title":"","_seopress_titles_desc":"","_seopress_robots_index":"","footnotes":""},"class_list":["post-743","page","type-page","status-publish","hentry"],"_links":{"self":[{"href":"https:\/\/respiro-zpp.ch\/de\/wp-json\/wp\/v2\/pages\/743","targetHints":{"allow":["GET"]}}],"collection":[{"href":"https:\/\/respiro-zpp.ch\/de\/wp-json\/wp\/v2\/pages"}],"about":[{"href":"https:\/\/respiro-zpp.ch\/de\/wp-json\/wp\/v2\/types\/page"}],"author":[{"embeddable":true,"href":"https:\/\/respiro-zpp.ch\/de\/wp-json\/wp\/v2\/users\/2"}],"replies":[{"embeddable":true,"href":"https:\/\/respiro-zpp.ch\/de\/wp-json\/wp\/v2\/comments?post=743"}],"version-history":[{"count":0,"href":"https:\/\/respiro-zpp.ch\/de\/wp-json\/wp\/v2\/pages\/743\/revisions"}],"wp:attachment":[{"href":"https:\/\/respiro-zpp.ch\/de\/wp-json\/wp\/v2\/media?parent=743"}],"curies":[{"name":"wp","href":"https:\/\/api.w.org\/{rel}","templated":true}]}}