{"id":3852,"date":"2025-09-07T14:48:05","date_gmt":"2025-09-07T12:48:05","guid":{"rendered":"https:\/\/respiro-zpp.ch\/?page_id=3852"},"modified":"2025-09-12T11:43:22","modified_gmt":"2025-09-12T09:43:22","slug":"renate-sblendorio","status":"publish","type":"page","link":"https:\/\/respiro-zpp.ch\/de\/renate-sblendorio\/","title":{"rendered":"Renate Sblendorio"},"content":{"rendered":"\t\t<div data-elementor-type=\"wp-page\" data-elementor-id=\"3852\" class=\"elementor elementor-3852\" data-elementor-post-type=\"page\">\n\t\t\t\t\t\t<section class=\"elementor-section elementor-top-section elementor-element elementor-element-28c116f2 elementor-reverse-tablet elementor-reverse-mobile elementor-section-boxed elementor-section-height-default elementor-section-height-default\" data-id=\"28c116f2\" data-element_type=\"section\">\n\t\t\t\t\t\t<div class=\"elementor-container elementor-column-gap-default\">\n\t\t\t\t\t<div class=\"elementor-column elementor-col-100 elementor-top-column elementor-element elementor-element-6c372b5e\" data-id=\"6c372b5e\" data-element_type=\"column\" data-settings=\"{&quot;background_background&quot;:&quot;classic&quot;}\">\n\t\t\t<div class=\"elementor-widget-wrap elementor-element-populated\">\n\t\t\t\t\t\t<div class=\"elementor-element elementor-element-e1b011a elementor-widget elementor-widget-heading\" data-id=\"e1b011a\" data-element_type=\"widget\" data-widget_type=\"heading.default\">\n\t\t\t\t<div class=\"elementor-widget-container\">\n\t\t\t\t\t<h2 class=\"elementor-heading-title elementor-size-default\">Renate Sblendorio<\/h2>\t\t\t\t<\/div>\n\t\t\t\t<\/div>\n\t\t\t\t<div class=\"elementor-element elementor-element-51ffd67 elementor-widget elementor-widget-text-editor\" data-id=\"51ffd67\" data-element_type=\"widget\" data-widget_type=\"text-editor.default\">\n\t\t\t\t<div class=\"elementor-widget-container\">\n\t\t\t\t\t\t\t\t\t<p><a href=\"mailto:kirsten.steffen@respiro-zpp.ch\"><span dir=\"auto\" style=\"vertical-align: inherit;\"><span dir=\"auto\" style=\"vertical-align: inherit;\">renate.sblendorio@respiro-zpp.ch<\/span><\/span><\/a><\/p>\t\t\t\t\t\t\t\t<\/div>\n\t\t\t\t<\/div>\n\t\t<div class=\"elementor-element elementor-element-46d6c74 e-flex e-con-boxed e-con e-parent\" data-id=\"46d6c74\" data-element_type=\"container\">\n\t\t\t\t\t<div class=\"e-con-inner\">\n\t\t\t\t<div class=\"elementor-element elementor-element-124d7b57 elementor-widget__width-initial elementor-widget-mobile__width-initial elementor-widget elementor-widget-image\" data-id=\"124d7b57\" data-element_type=\"widget\" data-widget_type=\"image.default\">\n\t\t\t\t<div class=\"elementor-widget-container\">\n\t\t\t\t\t\t\t\t\t\t\t\t\t\t\t<img alt=\"\" fetchpriority=\"high\" decoding=\"async\" width=\"800\" height=\"800\" src=\"https:\/\/respiro-zpp.ch\/wp-content\/uploads\/2025\/09\/respiro-photo.png\" class=\"attachment-large size-large wp-image-3845\" alt=\"\" srcset=\"https:\/\/respiro-zpp.ch\/wp-content\/uploads\/2025\/09\/respiro-photo.png 1000w, https:\/\/respiro-zpp.ch\/wp-content\/uploads\/2025\/09\/respiro-photo-300x300.png 300w, https:\/\/respiro-zpp.ch\/wp-content\/uploads\/2025\/09\/respiro-photo-100x100.png 100w, https:\/\/respiro-zpp.ch\/wp-content\/uploads\/2025\/09\/respiro-photo-600x600.png 600w, https:\/\/respiro-zpp.ch\/wp-content\/uploads\/2025\/09\/respiro-photo-150x150.png 150w, https:\/\/respiro-zpp.ch\/wp-content\/uploads\/2025\/09\/respiro-photo-768x768.png 768w, https:\/\/respiro-zpp.ch\/wp-content\/uploads\/2025\/09\/respiro-photo-12x12.png 12w\" sizes=\"(max-width: 800px) 100vw, 800px\" \/>\t\t\t\t\t\t\t\t\t\t\t\t\t\t\t<\/div>\n\t\t\t\t<\/div>\n\t\t<div class=\"elementor-element elementor-element-8430ac3 e-flex e-con-boxed e-con e-child\" data-id=\"8430ac3\" data-element_type=\"container\">\n\t\t\t\t\t<div class=\"e-con-inner\">\n\t\t<div class=\"elementor-element elementor-element-6c1de380 e-flex e-con-boxed e-con e-child\" data-id=\"6c1de380\" data-element_type=\"container\">\n\t\t\t\t\t<div class=\"e-con-inner\">\n\t\t<div class=\"elementor-element elementor-element-44356131 e-flex e-con-boxed e-con e-child\" data-id=\"44356131\" data-element_type=\"container\">\n\t\t\t\t\t<div class=\"e-con-inner\">\n\t\t\t\t<div class=\"elementor-element elementor-element-7e6ed275 elementor-widget elementor-widget-heading\" data-id=\"7e6ed275\" data-element_type=\"widget\" data-widget_type=\"heading.default\">\n\t\t\t\t<div class=\"elementor-widget-container\">\n\t\t\t\t\t<h4 class=\"elementor-heading-title elementor-size-default\">Lebenslauf<\/h4>\t\t\t\t<\/div>\n\t\t\t\t<\/div>\n\t\t\t\t<div class=\"elementor-element elementor-element-30506cb1 elementor-widget__width-initial elementor-widget elementor-widget-text-editor\" data-id=\"30506cb1\" data-element_type=\"widget\" data-widget_type=\"text-editor.default\">\n\t\t\t\t<div class=\"elementor-widget-container\">\n\t\t\t\t\t\t\t\t\t<table style=\"height: 221px;\" width=\"253\"><tbody><tr><td width=\"60\">Name:<\/td><td width=\"60\">Renate Sblendorio<\/td><\/tr><tr><td width=\"60\">Geburtsdatum:<\/td><td>10.05.1950<\/td><\/tr><tr><td width=\"60\">Geburtsort:<\/td><td>Gelsenkirchen-Buer, Deutschland<\/td><\/tr><tr><td width=\"60\">Staatsb\u00fcrgerschaft:<\/td><td>Deutsch, Italienisch<\/td><\/tr><tr><td width=\"60\">\u00a0<\/td><td>\u00a0<\/td><\/tr><\/tbody><\/table>\t\t\t\t\t\t\t\t<\/div>\n\t\t\t\t<\/div>\n\t\t\t\t\t<\/div>\n\t\t\t\t<\/div>\n\t\t<div class=\"elementor-element elementor-element-1c34122 e-con-full e-flex e-con e-child\" data-id=\"1c34122\" data-element_type=\"container\">\n\t\t\t\t<div class=\"elementor-element elementor-element-7f82987 elementor-widget elementor-widget-heading\" data-id=\"7f82987\" data-element_type=\"widget\" data-widget_type=\"heading.default\">\n\t\t\t\t<div class=\"elementor-widget-container\">\n\t\t\t\t\t<h4 class=\"elementor-heading-title elementor-size-default\">Sprachen<\/h4>\t\t\t\t<\/div>\n\t\t\t\t<\/div>\n\t\t\t\t<div class=\"elementor-element elementor-element-28e767b elementor-widget__width-initial elementor-widget elementor-widget-text-editor\" data-id=\"28e767b\" data-element_type=\"widget\" data-widget_type=\"text-editor.default\">\n\t\t\t\t<div class=\"elementor-widget-container\">\n\t\t\t\t\t\t\t\t\t<table style=\"height: 137px;\" width=\"205\"><tbody><tr><td width=\"60\">Deutsch<\/td><td width=\"60\">Muttersprache<\/td><\/tr><tr><td width=\"60\">Italienisch<\/td><td>fliessend<\/td><\/tr><tr><td width=\"60\">Franz\u00f6sisch<\/td><td>fliessend<\/td><\/tr><\/tbody><\/table>\t\t\t\t\t\t\t\t<\/div>\n\t\t\t\t<\/div>\n\t\t\t\t<\/div>\n\t\t\t\t\t<\/div>\n\t\t\t\t<\/div>\n\t\t\t\t\t<\/div>\n\t\t\t\t<\/div>\n\t\t\t\t\t<\/div>\n\t\t\t\t<\/div>\n\t\t\t\t<div class=\"elementor-element elementor-element-289b4982 elementor-widget-divider--view-line elementor-widget elementor-widget-divider\" data-id=\"289b4982\" data-element_type=\"widget\" data-widget_type=\"divider.default\">\n\t\t\t\t<div class=\"elementor-widget-container\">\n\t\t\t\t\t\t\t<div class=\"elementor-divider\">\n\t\t\t<span class=\"elementor-divider-separator\">\n\t\t\t\t\t\t<\/span>\n\t\t<\/div>\n\t\t\t\t\t\t<\/div>\n\t\t\t\t<\/div>\n\t\t\t\t<div class=\"elementor-element elementor-element-42fb4794 elementor-widget elementor-widget-heading\" data-id=\"42fb4794\" data-element_type=\"widget\" data-widget_type=\"heading.default\">\n\t\t\t\t<div class=\"elementor-widget-container\">\n\t\t\t\t\t<h4 class=\"elementor-heading-title elementor-size-default\">Curriculum vitae<\/h4>\t\t\t\t<\/div>\n\t\t\t\t<\/div>\n\t\t\t\t<div class=\"elementor-element elementor-element-1c96655 elementor-widget elementor-widget-heading\" data-id=\"1c96655\" data-element_type=\"widget\" data-widget_type=\"heading.default\">\n\t\t\t\t<div class=\"elementor-widget-container\">\n\t\t\t\t\t<h4 class=\"elementor-heading-title elementor-size-default\">Ausbildung<\/h4>\t\t\t\t<\/div>\n\t\t\t\t<\/div>\n\t\t\t\t<div class=\"elementor-element elementor-element-2ee5e63e elementor-widget__width-initial elementor-widget elementor-widget-text-editor\" data-id=\"2ee5e63e\" data-element_type=\"widget\" data-widget_type=\"text-editor.default\">\n\t\t\t\t<div class=\"elementor-widget-container\">\n\t\t\t\t\t\t\t\t\t<table width=\"584\"><tbody><tr><td rowspan=\"2\" width=\"117\">4.1991<\/td><td width=\"467\">Drittes Staatsexamen Medizin<\/td><\/tr><tr><td width=\"467\">\u00a0<\/td><\/tr><tr><td colspan=\"2\">\u00a0<\/td><\/tr><tr><td rowspan=\"2\">2021 &#8211; 2023<\/td><td width=\"467\">Basisstufe (Malatelier-Leitung)<\/td><\/tr><tr><td width=\"467\">Institut Apk, Thalwil<\/td><\/tr><tr><td colspan=\"2\">\u00a0<\/td><\/tr><tr><td rowspan=\"2\">1983 &#8211; 1991<\/td><td width=\"467\">Albert \u2013 Ludwigs \u2013 Universit\u00e4t<br \/>Freiburg im Breisgau<\/td><\/tr><tr><td width=\"467\">Medizinstudium<\/td><\/tr><tr><td colspan=\"2\">\u00a0<\/td><\/tr><tr><td rowspan=\"2\">1970 &#8211; 1978<\/td><td width=\"467\">Albert \u2013 Ludwigs \u2013 Universit\u00e4t<br \/>Freiburg im Breisgau<\/td><\/tr><tr><td width=\"467\">Jurastudium ohne Abschluss<\/td><\/tr><\/tbody><\/table>\t\t\t\t\t\t\t\t<\/div>\n\t\t\t\t<\/div>\n\t\t\t\t<div class=\"elementor-element elementor-element-b928164 elementor-widget elementor-widget-heading\" data-id=\"b928164\" data-element_type=\"widget\" data-widget_type=\"heading.default\">\n\t\t\t\t<div class=\"elementor-widget-container\">\n\t\t\t\t\t<h4 class=\"elementor-heading-title elementor-size-default\">Berufliche T\u00e4tigkeit<\/h4>\t\t\t\t<\/div>\n\t\t\t\t<\/div>\n\t\t\t\t<div class=\"elementor-element elementor-element-51d55c0 elementor-widget__width-initial elementor-widget elementor-widget-text-editor\" data-id=\"51d55c0\" data-element_type=\"widget\" data-widget_type=\"text-editor.default\">\n\t\t\t\t<div class=\"elementor-widget-container\">\n\t\t\t\t\t\t\t\t\t<table width=\"584\"><tbody><tr><td rowspan=\"2\" width=\"117\">02.2025 \u2013 04.2025<\/td><td width=\"467\">Arzthaus Z\u00fcrich<\/td><\/tr><tr><td width=\"467\">\u00c4rztin in Weiterbildung f\u00fcr Psychiatrie und Psychotherapie<\/td><\/tr><tr><td colspan=\"2\">\u00a0<\/td><\/tr><tr><td rowspan=\"2\">09.2024 \u2013 12.2024<\/td><td width=\"467\">Vertretungst\u00e4tigkeit bei IKP Z\u00fcrich<\/td><\/tr><tr><td width=\"467\">Assistenz\u00e4rztin<\/td><\/tr><tr><td colspan=\"2\">\u00a0<\/td><\/tr><tr><td rowspan=\"2\">10.2020 \u2013 04.2024<\/td><td width=\"467\">Psychcentral Z\u00fcrich<\/td><\/tr><tr><td width=\"467\">\u00c4rztin in Weiterbildung f\u00fcr Psychiatrie und Psychotherapie<\/td><\/tr><tr><td colspan=\"2\">\u00a0<\/td><\/tr><tr><td>\u00a0<\/td><td width=\"467\">Behandlungsschwerpunkte: Affektive St\u00f6rungen, Belastungs- und<br \/>Anpassungsst\u00f6rungen, Schlafst\u00f6rungen, Angstst\u00f6rungen, Depressive<br \/>St\u00f6rungen<\/td><\/tr><tr><td colspan=\"2\">\u00a0<\/td><\/tr><tr><td>\u00a0<\/td><td width=\"467\">Methodenschwerpunkt: Kognitive Verhaltenstherapie<\/td><\/tr><tr><td colspan=\"2\">\u00a0<\/td><\/tr><tr><td rowspan=\"2\">03.2019 \u2013 09.2020<\/td><td width=\"467\">Clienia Gruppenpraxis, M\u00e4nnedorf<\/td><\/tr><tr><td width=\"467\">Ober\u00e4rztin Psychiatrie und Psychotherapie<\/td><\/tr><tr><td colspan=\"2\">\u00a0<\/td><\/tr><tr><td rowspan=\"2\">08.2017 \u2013 01.2019<\/td><td width=\"467\">Arud Zentrum f\u00fcr Suchtmedizin, Z\u00fcrich<\/td><\/tr><tr><td width=\"467\">Ober\u00e4rztin Psychiatrie<\/td><\/tr><tr><td colspan=\"2\">\u00a0<\/td><\/tr><tr><td>06.2015 \u2013 07.2017<\/td><td width=\"467\">Pension\u00e4rin, diverse Vertretungst\u00e4tigkeiten, Therapeutische Arbeit<\/td><\/tr><tr><td colspan=\"2\">\u00a0<\/td><\/tr><tr><td rowspan=\"2\">02.2013 \u2013 05.2015<\/td><td width=\"467\">KJPD Z\u00fcrich, Assistenz\u00e4rztin<\/td><\/tr><tr><td width=\"467\">Kinder- und Jugendforensik, Kinderstation<\/td><\/tr><tr><td colspan=\"2\">\u00a0<\/td><\/tr><tr><td rowspan=\"2\">05.2006 \u2013 01.2013<\/td><td width=\"467\">KJPD Aargau, Ober\u00e4rztin (stv.)<\/td><\/tr><tr><td width=\"467\">Ambulanz, Jugendstation, Autismusberatung Kinder- und Jugendforensik<\/td><\/tr><tr><td colspan=\"2\">\u00a0<\/td><\/tr><tr><td rowspan=\"2\">01.2005 \u2013 12.2005<\/td><td width=\"467\">Psychiatriezentrum Luzerner Landschaft<\/td><\/tr><tr><td width=\"467\">Ambulante Dienste<\/td><\/tr><tr><td colspan=\"2\">\u00a0<\/td><\/tr><tr><td>01.2002 \u2013 12.2004<\/td><td width=\"467\">Psychiatrische Klinik K\u00f6nigsfelden, Brugg<\/td><\/tr><tr><td colspan=\"2\">\u00a0<\/td><\/tr><tr><td>01.2001 \u2013 12.2001<\/td><td width=\"467\">Psychiatrische Klinik Waldhaus, Chur, Ambulanz<\/td><\/tr><tr><td colspan=\"2\">\u00a0<\/td><\/tr><tr><td>09.2000 \u2013 12.2000<\/td><td width=\"467\">Baar Klinik, Klinik f\u00fcr Psychosomatik und Verhaltensmedizin, Donaueschingen<\/td><\/tr><tr><td colspan=\"2\">\u00a0<\/td><\/tr><tr><td>05.1999 \u2013 03.2000<\/td><td width=\"467\">Oncology Information Service, Freiburg<\/td><\/tr><tr><td colspan=\"2\">\u00a0<\/td><\/tr><tr><td>02.1995 \u2013 12.1997<\/td><td width=\"467\">Eltern-Kind-Fachklinik Haus M\u00fcnstertal, Staufen<\/td><\/tr><tr><td colspan=\"2\">\u00a0<\/td><\/tr><tr><td>06.1994 \u2013 02.1995<\/td><td width=\"467\">Allgemeinarztpraxis Dr. Hegel, Heitersheim<\/td><\/tr><tr><td colspan=\"2\">\u00a0<\/td><\/tr><tr><td>03.1994 \u2013 05.1994<\/td><td width=\"467\">Schlossbergklinik Staufen, Psychosomatische Abteilung, Vertretungsstelle<\/td><\/tr><tr><td colspan=\"2\">\u00a0<\/td><\/tr><tr><td>09.1991 \u2013 12.1993<\/td><td width=\"467\">\u00c4rztin im Praktikum, Kreiskrankenhaus M\u00fcllheim, Chirurgische Abteilung<\/td><\/tr><\/tbody><\/table>\t\t\t\t\t\t\t\t<\/div>\n\t\t\t\t<\/div>\n\t\t\t\t<div class=\"elementor-element elementor-element-cf79a86 elementor-widget elementor-widget-heading\" data-id=\"cf79a86\" data-element_type=\"widget\" data-widget_type=\"heading.default\">\n\t\t\t\t<div class=\"elementor-widget-container\">\n\t\t\t\t\t<h4 class=\"elementor-heading-title elementor-size-default\">Qualifikation, F\u00e4higkeiten, Kenntnisse<\/h4>\t\t\t\t<\/div>\n\t\t\t\t<\/div>\n\t\t\t\t<div class=\"elementor-element elementor-element-bc714cd elementor-widget__width-initial elementor-widget elementor-widget-text-editor\" data-id=\"bc714cd\" data-element_type=\"widget\" data-widget_type=\"text-editor.default\">\n\t\t\t\t<div class=\"elementor-widget-container\">\n\t\t\t\t\t\t\t\t\t<table width=\"584\"><tbody><tr><td width=\"117\">\u00a0<\/td><td width=\"467\">Facharztausbildung in der Erwachsenenpsychiatrie (m\u00fcndliche Pr\u00fcfung ausstehend)<\/td><\/tr><tr><td colspan=\"2\">\u00a0<\/td><\/tr><tr><td>2013\/ 2014<\/td><td width=\"467\">Zertifikatslehrgang Forensische Psychiatrie, Vertiefung<\/td><\/tr><tr><td colspan=\"2\">\u00a0<\/td><\/tr><tr><td>06.2012<\/td><td width=\"467\">Zertifikatslehrgang Forensische Psychiatrie, Allgemeiner Block<\/td><\/tr><tr><td colspan=\"2\">\u00a0<\/td><\/tr><tr><td>01.2001 \u2013 12.2004<\/td><td width=\"467\">Psychotherapieausbildung, Psychologisches Institut f\u00fcr Psychotherapie Prof. K. Grawe<\/td><\/tr><tr><td colspan=\"2\">\u00a0<\/td><\/tr><tr><td>06.2001<\/td><td width=\"467\">Fachkunde Suchtmedizin<\/td><\/tr><tr><td colspan=\"2\">\u00a0<\/td><\/tr><tr><td>12.1995<\/td><td width=\"467\">Praktische \u00c4rztin<\/td><\/tr><tr><td colspan=\"2\">\u00a0<\/td><\/tr><tr><td>9.1993<\/td><td width=\"467\">Approbation als \u00c4rztin<\/td><\/tr><\/tbody><\/table>\t\t\t\t\t\t\t\t<\/div>\n\t\t\t\t<\/div>\n\t\t\t\t<div class=\"elementor-element elementor-element-a682838 elementor-widget elementor-widget-heading\" data-id=\"a682838\" data-element_type=\"widget\" data-widget_type=\"heading.default\">\n\t\t\t\t<div class=\"elementor-widget-container\">\n\t\t\t\t\t<h4 class=\"elementor-heading-title elementor-size-default\">Weitere medizinische Weiterbildung (Auszug):<\/h4>\t\t\t\t<\/div>\n\t\t\t\t<\/div>\n\t\t\t\t<div class=\"elementor-element elementor-element-4951107 elementor-widget__width-initial elementor-widget elementor-widget-text-editor\" data-id=\"4951107\" data-element_type=\"widget\" data-widget_type=\"text-editor.default\">\n\t\t\t\t<div class=\"elementor-widget-container\">\n\t\t\t\t\t\t\t\t\t<table width=\"584\"><tbody><tr><td width=\"117\">2014<\/td><td width=\"467\">Pharmakologische Veranstaltungsreihe<\/td><\/tr><tr><td colspan=\"2\">\u00a0<\/td><\/tr><tr><td>2012<\/td><td width=\"467\">Die Anh\u00f6rung des Kindes in familienrechtlichen Verfahren Familienrechtliche Grundlagen f\u00fcr Beratung und Therapie Das Kind im Zivilverfahren<\/td><\/tr><tr><td colspan=\"2\">\u00a0<\/td><\/tr><tr><td>2011<\/td><td width=\"467\">Kinder in Konfliktfamilien bei Trennung und Scheidung Kinderbelange im Scheidungsrecht<\/td><\/tr><tr><td colspan=\"2\">\u00a0<\/td><\/tr><tr><td>2006\/2007<\/td><td width=\"467\">Jugendforensikkurs<\/td><\/tr><tr><td colspan=\"2\">\u00a0<\/td><\/tr><tr><td>2001<\/td><td width=\"467\">Fachkunde Suchtmedizin<\/td><\/tr><tr><td colspan=\"2\">\u00a0<\/td><\/tr><tr><td>1997<\/td><td width=\"467\">Psychosomatische Grundversorgung<\/td><\/tr><\/tbody><\/table>\t\t\t\t\t\t\t\t<\/div>\n\t\t\t\t<\/div>\n\t\t\t\t\t<\/div>\n\t\t<\/div>\n\t\t\t\t\t<\/div>\n\t\t<\/section>\n\t\t\t\t<\/div>\n\t\t","protected":false},"excerpt":{"rendered":"<p>Renate Sblendorio renate.sblendorio@respiro-zpp.ch Lebenslauf Name: Renate Sblendorio Geburtsdatum: 10.05.1950 Geburtsort: Gelsenkirchen-Buer, Deutschland Staatsb\u00fcrgerschaft: Deutsch, Italienisch \u00a0 \u00a0 Sprachen Deutsch Muttersprache Italienisch fliessend Franz\u00f6sisch fliessend Curriculum vitae Ausbildung 4.1991 Drittes Staatsexamen Medizin \u00a0 \u00a0 2021 &#8211; 2023 Basisstufe (Malatelier-Leitung) Institut Apk, Thalwil \u00a0 1983 &#8211; 1991 Albert \u2013 Ludwigs \u2013 Universit\u00e4tFreiburg im Breisgau Medizinstudium \u00a0 1970 [&hellip;]<\/p>\n","protected":false},"author":7,"featured_media":0,"parent":0,"menu_order":0,"comment_status":"closed","ping_status":"closed","template":"","meta":{"_seopress_robots_primary_cat":"","_seopress_titles_title":"","_seopress_titles_desc":"","_seopress_robots_index":"","footnotes":""},"class_list":["post-3852","page","type-page","status-publish","hentry"],"_links":{"self":[{"href":"https:\/\/respiro-zpp.ch\/de\/wp-json\/wp\/v2\/pages\/3852","targetHints":{"allow":["GET"]}}],"collection":[{"href":"https:\/\/respiro-zpp.ch\/de\/wp-json\/wp\/v2\/pages"}],"about":[{"href":"https:\/\/respiro-zpp.ch\/de\/wp-json\/wp\/v2\/types\/page"}],"author":[{"embeddable":true,"href":"https:\/\/respiro-zpp.ch\/de\/wp-json\/wp\/v2\/users\/7"}],"replies":[{"embeddable":true,"href":"https:\/\/respiro-zpp.ch\/de\/wp-json\/wp\/v2\/comments?post=3852"}],"version-history":[{"count":22,"href":"https:\/\/respiro-zpp.ch\/de\/wp-json\/wp\/v2\/pages\/3852\/revisions"}],"predecessor-version":[{"id":3898,"href":"https:\/\/respiro-zpp.ch\/de\/wp-json\/wp\/v2\/pages\/3852\/revisions\/3898"}],"wp:attachment":[{"href":"https:\/\/respiro-zpp.ch\/de\/wp-json\/wp\/v2\/media?parent=3852"}],"curies":[{"name":"wp","href":"https:\/\/api.w.org\/{rel}","templated":true}]}}