{"id":1919,"date":"2024-12-20T17:30:33","date_gmt":"2024-12-20T16:30:33","guid":{"rendered":"https:\/\/respiro-zpp.ch\/?page_id=1919"},"modified":"2025-06-30T20:29:27","modified_gmt":"2025-06-30T18:29:27","slug":"nesrin-gueven","status":"publish","type":"page","link":"https:\/\/respiro-zpp.ch\/de\/nesrin-gueven\/","title":{"rendered":"Nesrin G\u00fcven"},"content":{"rendered":"\t\t<div data-elementor-type=\"wp-page\" data-elementor-id=\"1919\" class=\"elementor elementor-1919\" data-elementor-post-type=\"page\">\n\t\t\t\t\t\t<section class=\"elementor-section elementor-top-section elementor-element elementor-element-28c116f2 elementor-reverse-tablet elementor-reverse-mobile elementor-section-boxed elementor-section-height-default elementor-section-height-default\" data-id=\"28c116f2\" data-element_type=\"section\">\n\t\t\t\t\t\t<div class=\"elementor-container elementor-column-gap-default\">\n\t\t\t\t\t<div class=\"elementor-column elementor-col-100 elementor-top-column elementor-element elementor-element-6c372b5e\" data-id=\"6c372b5e\" data-element_type=\"column\" data-settings=\"{&quot;background_background&quot;:&quot;classic&quot;}\">\n\t\t\t<div class=\"elementor-widget-wrap elementor-element-populated\">\n\t\t\t\t\t\t<div class=\"elementor-element elementor-element-e1b011a elementor-widget elementor-widget-heading\" data-id=\"e1b011a\" data-element_type=\"widget\" data-widget_type=\"heading.default\">\n\t\t\t\t<div class=\"elementor-widget-container\">\n\t\t\t\t\t<h2 class=\"elementor-heading-title elementor-size-default\">Nesrin G\u00fcven<\/h2>\t\t\t\t<\/div>\n\t\t\t\t<\/div>\n\t\t\t\t<div class=\"elementor-element elementor-element-51ffd67 elementor-widget elementor-widget-text-editor\" data-id=\"51ffd67\" data-element_type=\"widget\" data-widget_type=\"text-editor.default\">\n\t\t\t\t<div class=\"elementor-widget-container\">\n\t\t\t\t\t\t\t\t\t<p><a href=\"nesrin.gueven@respiro-zpp.ch\">nesrin.gueven@respiro-zpp.ch<\/a><\/p>\t\t\t\t\t\t\t\t<\/div>\n\t\t\t\t<\/div>\n\t\t<div class=\"elementor-element elementor-element-46d6c74 e-flex e-con-boxed e-con e-parent\" data-id=\"46d6c74\" data-element_type=\"container\">\n\t\t\t\t\t<div class=\"e-con-inner\">\n\t\t\t\t<div class=\"elementor-element elementor-element-124d7b57 elementor-widget__width-initial elementor-widget-mobile__width-initial elementor-widget elementor-widget-image\" data-id=\"124d7b57\" data-element_type=\"widget\" data-widget_type=\"image.default\">\n\t\t\t\t<div class=\"elementor-widget-container\">\n\t\t\t\t\t\t\t\t\t\t\t\t\t\t\t<img alt=\"\" fetchpriority=\"high\" decoding=\"async\" width=\"768\" height=\"1024\" src=\"https:\/\/respiro-zpp.ch\/wp-content\/uploads\/2025\/06\/WhatsApp-Image-2025-06-30-at-13.04.40-768x1024.jpeg\" class=\"attachment-large size-large wp-image-3624\" alt=\"\" srcset=\"https:\/\/respiro-zpp.ch\/wp-content\/uploads\/2025\/06\/WhatsApp-Image-2025-06-30-at-13.04.40-768x1024.jpeg 768w, https:\/\/respiro-zpp.ch\/wp-content\/uploads\/2025\/06\/WhatsApp-Image-2025-06-30-at-13.04.40-225x300.jpeg 225w, https:\/\/respiro-zpp.ch\/wp-content\/uploads\/2025\/06\/WhatsApp-Image-2025-06-30-at-13.04.40-1152x1536.jpeg 1152w, https:\/\/respiro-zpp.ch\/wp-content\/uploads\/2025\/06\/WhatsApp-Image-2025-06-30-at-13.04.40-1536x2048.jpeg 1536w, https:\/\/respiro-zpp.ch\/wp-content\/uploads\/2025\/06\/WhatsApp-Image-2025-06-30-at-13.04.40-9x12.jpeg 9w, https:\/\/respiro-zpp.ch\/wp-content\/uploads\/2025\/06\/WhatsApp-Image-2025-06-30-at-13.04.40-scaled.jpeg 1920w\" sizes=\"(max-width: 768px) 100vw, 768px\" \/>\t\t\t\t\t\t\t\t\t\t\t\t\t\t\t<\/div>\n\t\t\t\t<\/div>\n\t\t<div class=\"elementor-element elementor-element-8430ac3 e-flex e-con-boxed e-con e-child\" data-id=\"8430ac3\" data-element_type=\"container\">\n\t\t\t\t\t<div class=\"e-con-inner\">\n\t\t<div class=\"elementor-element elementor-element-6c1de380 e-flex e-con-boxed e-con e-child\" data-id=\"6c1de380\" data-element_type=\"container\">\n\t\t\t\t\t<div class=\"e-con-inner\">\n\t\t<div class=\"elementor-element elementor-element-44356131 e-flex e-con-boxed e-con e-child\" data-id=\"44356131\" data-element_type=\"container\">\n\t\t\t\t\t<div class=\"e-con-inner\">\n\t\t\t\t<div class=\"elementor-element elementor-element-7e6ed275 elementor-widget elementor-widget-heading\" data-id=\"7e6ed275\" data-element_type=\"widget\" data-widget_type=\"heading.default\">\n\t\t\t\t<div class=\"elementor-widget-container\">\n\t\t\t\t\t<h4 class=\"elementor-heading-title elementor-size-default\">Sprachen<\/h4>\t\t\t\t<\/div>\n\t\t\t\t<\/div>\n\t\t\t\t<div class=\"elementor-element elementor-element-30506cb1 elementor-widget__width-initial elementor-widget elementor-widget-text-editor\" data-id=\"30506cb1\" data-element_type=\"widget\" data-widget_type=\"text-editor.default\">\n\t\t\t\t<div class=\"elementor-widget-container\">\n\t\t\t\t\t\t\t\t\t<table style=\"height: 85px;\" width=\"200\">\n<tbody>\n<tr>\n<td width=\"60\">T\u00fcrkish<\/td>\n<td width=\"60\">Muttersprache<\/td>\n<\/tr>\n<tr>\n<td width=\"60\">Deutsch<\/td>\n<td>A2<\/td>\n<\/tr>\n<\/tbody>\n<\/table>\t\t\t\t\t\t\t\t<\/div>\n\t\t\t\t<\/div>\n\t\t\t\t\t<\/div>\n\t\t\t\t<\/div>\n\t\t<div class=\"elementor-element elementor-element-21840f22 e-flex e-con-boxed e-con e-child\" data-id=\"21840f22\" data-element_type=\"container\">\n\t\t\t\t\t<div class=\"e-con-inner\">\n\t\t\t\t<div class=\"elementor-element elementor-element-78953c5d elementor-widget elementor-widget-heading\" data-id=\"78953c5d\" data-element_type=\"widget\" data-widget_type=\"heading.default\">\n\t\t\t\t<div class=\"elementor-widget-container\">\n\t\t\t\t\t<h4 class=\"elementor-heading-title elementor-size-default\">Hobbies &amp; Interesse<\/h4>\t\t\t\t<\/div>\n\t\t\t\t<\/div>\n\t\t\t\t<div class=\"elementor-element elementor-element-5cbd590b elementor-widget__width-initial elementor-widget elementor-widget-text-editor\" data-id=\"5cbd590b\" data-element_type=\"widget\" data-widget_type=\"text-editor.default\">\n\t\t\t\t<div class=\"elementor-widget-container\">\n\t\t\t\t\t\t\t\t\t<table style=\"border-collapse: collapse; width: 96pt;\" border=\"0\" width=\"128\" cellspacing=\"0\" cellpadding=\"0\"><tbody><tr style=\"height: 14.5pt;\"><td class=\"xl65\" style=\"height: 14.5pt; width: 48pt;\" width=\"64\" height=\"19\"><span lang=\"DE-CH\">Malen<\/span><\/td><td class=\"xl65\" style=\"border-left: none; width: 48pt;\" width=\"64\"><span lang=\"DE-CH\">Fotografieren<\/span><\/td><\/tr><tr style=\"height: 14.5pt;\"><td class=\"xl65\" style=\"height: 14.5pt; border-top: none;\" height=\"19\"><span lang=\"DE-CH\">Wandern<\/span><\/td><td class=\"xl65\" style=\"border-top: none; border-left: none;\">Velo fahren<\/td><\/tr><\/tbody><\/table>\t\t\t\t\t\t\t\t<\/div>\n\t\t\t\t<\/div>\n\t\t\t\t\t<\/div>\n\t\t\t\t<\/div>\n\t\t\t\t\t<\/div>\n\t\t\t\t<\/div>\n\t\t\t\t\t<\/div>\n\t\t\t\t<\/div>\n\t\t\t\t\t<\/div>\n\t\t\t\t<\/div>\n\t\t\t\t<div class=\"elementor-element elementor-element-289b4982 elementor-widget-divider--view-line elementor-widget elementor-widget-divider\" data-id=\"289b4982\" data-element_type=\"widget\" data-widget_type=\"divider.default\">\n\t\t\t\t<div class=\"elementor-widget-container\">\n\t\t\t\t\t\t\t<div class=\"elementor-divider\">\n\t\t\t<span class=\"elementor-divider-separator\">\n\t\t\t\t\t\t<\/span>\n\t\t<\/div>\n\t\t\t\t\t\t<\/div>\n\t\t\t\t<\/div>\n\t\t\t\t<div class=\"elementor-element elementor-element-42fb4794 elementor-widget elementor-widget-heading\" data-id=\"42fb4794\" data-element_type=\"widget\" data-widget_type=\"heading.default\">\n\t\t\t\t<div class=\"elementor-widget-container\">\n\t\t\t\t\t<h4 class=\"elementor-heading-title elementor-size-default\">Curriculum vitae<\/h4>\t\t\t\t<\/div>\n\t\t\t\t<\/div>\n\t\t\t\t<div class=\"elementor-element elementor-element-1c96655 elementor-widget elementor-widget-heading\" data-id=\"1c96655\" data-element_type=\"widget\" data-widget_type=\"heading.default\">\n\t\t\t\t<div class=\"elementor-widget-container\">\n\t\t\t\t\t<h4 class=\"elementor-heading-title elementor-size-default\">Ausbildung<\/h4>\t\t\t\t<\/div>\n\t\t\t\t<\/div>\n\t\t\t\t<div class=\"elementor-element elementor-element-2ee5e63e elementor-widget__width-initial elementor-widget elementor-widget-text-editor\" data-id=\"2ee5e63e\" data-element_type=\"widget\" data-widget_type=\"text-editor.default\">\n\t\t\t\t<div class=\"elementor-widget-container\">\n\t\t\t\t\t\t\t\t\t<table>\n<tbody>\n<tr>\n<td width=\"604\"><strong>Uludere, Ankara, T\u00fcrkei <\/strong><\/td>\n<\/tr>\n<tr>\n<td width=\"604\">\n<ul>\n<li><strong>Marriage and Relationship Consultancy<\/strong><\/li>\n<\/ul>\n<\/td>\n<\/tr>\n<tr>\n<td width=\"604\"><strong style=\"font-family: inherit; font-size: inherit;\">World Association for Positive and Transcultural Psychotherapy, Ankara, T\u00fcrkei<\/strong><\/td>\n<\/tr>\n<tr>\n<td width=\"604\">\n<ul>\n<li><strong>Basic Consultant of Positive Psychotherapy<\/strong><\/li>\n<\/ul>\n<\/td>\n<\/tr>\n<tr>\n<td width=\"604\"><strong>Sakarya Universit\u00e4t, Sakarya, T\u00fcrkei<\/strong><\/td>\n<\/tr>\n<tr>\n<td width=\"604\">\n<ul>\n<li><strong>Bachelor in Sozialer Arbeit,<\/strong><\/li>\n<\/ul>\n<\/td>\n<\/tr>\n<\/tbody>\n<\/table>\t\t\t\t\t\t\t\t<\/div>\n\t\t\t\t<\/div>\n\t\t\t\t<div class=\"elementor-element elementor-element-b928164 elementor-widget elementor-widget-heading\" data-id=\"b928164\" data-element_type=\"widget\" data-widget_type=\"heading.default\">\n\t\t\t\t<div class=\"elementor-widget-container\">\n\t\t\t\t\t<h4 class=\"elementor-heading-title elementor-size-default\">Professional experience 2018 - 2024<\/h4>\t\t\t\t<\/div>\n\t\t\t\t<\/div>\n\t\t\t\t<div class=\"elementor-element elementor-element-51d55c0 elementor-widget__width-initial elementor-widget elementor-widget-text-editor\" data-id=\"51d55c0\" data-element_type=\"widget\" data-widget_type=\"text-editor.default\">\n\t\t\t\t<div class=\"elementor-widget-container\">\n\t\t\t\t\t\t\t\t\t<p>\u00a0<\/p><table><tbody><tr><td width=\"604\"><strong>BAZ, Bern<\/strong><\/td><\/tr><tr><td width=\"604\"><ul><li><strong>Mitarbeiterin als Kinderbetreuerin<\/strong><\/li><\/ul><\/td><\/tr><tr><td width=\"604\"><strong>Psychiatriepraxis Respiro, Z\u00fcrich<\/strong><\/td><\/tr><tr><td width=\"604\"><ul><li><strong>Praktikum als Spielberaterin<\/strong><\/li><\/ul><\/td><\/tr><tr><td width=\"604\"><strong>M\u00fctterzentrum Bern-West, Bern<\/strong><\/td><\/tr><tr><td width=\"604\"><ul><li><strong>Praktikum als Kinderbetreuerin<\/strong><\/li><\/ul><\/td><\/tr><tr><td width=\"604\"><strong>Devinim Psychologische Beratungsstelle, Ankara, T\u00fcrkei<\/strong><\/td><\/tr><tr><td width=\"604\"><ul><li><strong>Assistentin, Einzel-, Kinder- und Spieltherapeutin<\/strong><\/li><\/ul><\/td><\/tr><tr><td width=\"604\"><strong>Privates Behinderten- und Pflegezentrum, Ankara, T\u00fcrkei<\/strong><\/td><\/tr><tr><td width=\"604\"><ul><li><strong>Sozialarbeiterin<\/strong><\/li><\/ul><\/td><\/tr><\/tbody><\/table>\t\t\t\t\t\t\t\t<\/div>\n\t\t\t\t<\/div>\n\t\t\t\t<div class=\"elementor-element elementor-element-cf79a86 elementor-widget elementor-widget-heading\" data-id=\"cf79a86\" data-element_type=\"widget\" data-widget_type=\"heading.default\">\n\t\t\t\t<div class=\"elementor-widget-container\">\n\t\t\t\t\t<h4 class=\"elementor-heading-title elementor-size-default\">KENNTNISSE<\/h4>\t\t\t\t<\/div>\n\t\t\t\t<\/div>\n\t\t\t\t<div class=\"elementor-element elementor-element-bc714cd elementor-widget__width-initial elementor-widget elementor-widget-text-editor\" data-id=\"bc714cd\" data-element_type=\"widget\" data-widget_type=\"text-editor.default\">\n\t\t\t\t<div class=\"elementor-widget-container\">\n\t\t\t\t\t\t\t\t\t<table>\n<tbody>\n<tr>\n<td width=\"604\">\n<ul>\n \t<li>Microsoft Office<\/li>\n<\/ul>\n<\/td>\n<\/tr>\n<tr>\n<td width=\"604\">\n<ul>\n \t<li>Canva<\/li>\n<\/ul>\n<\/td>\n<\/tr>\n\n<\/tbody>\n<\/table>\t\t\t\t\t\t\t\t<\/div>\n\t\t\t\t<\/div>\n\t\t\t\t\t<\/div>\n\t\t<\/div>\n\t\t\t\t\t<\/div>\n\t\t<\/section>\n\t\t\t\t<\/div>\n\t\t","protected":false},"excerpt":{"rendered":"<p>Nesrin G\u00fcven nesrin.gueven@respiro-zpp.ch Sprachen T\u00fcrkish Muttersprache Deutsch A2 Hobbies &amp; Interesse Malen Fotografieren Wandern Velo fahren Curriculum vitae Ausbildung Uludere, Ankara, T\u00fcrkei Marriage and Relationship Consultancy World Association for Positive and Transcultural Psychotherapy, Ankara, T\u00fcrkei Basic Consultant of Positive Psychotherapy Sakarya Universit\u00e4t, Sakarya, T\u00fcrkei Bachelor in Sozialer Arbeit, Professional experience 2018 &#8211; 2024 \u00a0 BAZ, [&hellip;]<\/p>\n","protected":false},"author":2,"featured_media":0,"parent":0,"menu_order":0,"comment_status":"closed","ping_status":"closed","template":"","meta":{"_seopress_robots_primary_cat":"","_seopress_titles_title":"","_seopress_titles_desc":"","_seopress_robots_index":"","footnotes":""},"class_list":["post-1919","page","type-page","status-publish","hentry"],"_links":{"self":[{"href":"https:\/\/respiro-zpp.ch\/de\/wp-json\/wp\/v2\/pages\/1919","targetHints":{"allow":["GET"]}}],"collection":[{"href":"https:\/\/respiro-zpp.ch\/de\/wp-json\/wp\/v2\/pages"}],"about":[{"href":"https:\/\/respiro-zpp.ch\/de\/wp-json\/wp\/v2\/types\/page"}],"author":[{"embeddable":true,"href":"https:\/\/respiro-zpp.ch\/de\/wp-json\/wp\/v2\/users\/2"}],"replies":[{"embeddable":true,"href":"https:\/\/respiro-zpp.ch\/de\/wp-json\/wp\/v2\/comments?post=1919"}],"version-history":[{"count":4,"href":"https:\/\/respiro-zpp.ch\/de\/wp-json\/wp\/v2\/pages\/1919\/revisions"}],"predecessor-version":[{"id":3627,"href":"https:\/\/respiro-zpp.ch\/de\/wp-json\/wp\/v2\/pages\/1919\/revisions\/3627"}],"wp:attachment":[{"href":"https:\/\/respiro-zpp.ch\/de\/wp-json\/wp\/v2\/media?parent=1919"}],"curies":[{"name":"wp","href":"https:\/\/api.w.org\/{rel}","templated":true}]}}