{"id":153,"date":"2024-02-15T13:48:09","date_gmt":"2024-02-15T13:48:09","guid":{"rendered":"https:\/\/respiro-zpp.ch\/?page_id=153"},"modified":"2026-04-06T15:25:37","modified_gmt":"2026-04-06T13:25:37","slug":"unser-team","status":"publish","type":"page","link":"https:\/\/respiro-zpp.ch\/de\/unser-team\/","title":{"rendered":"Unser Team"},"content":{"rendered":"\t\t<div data-elementor-type=\"wp-page\" data-elementor-id=\"153\" class=\"elementor elementor-153\" data-elementor-post-type=\"page\">\n\t\t\t\t\t\t<section class=\"elementor-section elementor-top-section elementor-element elementor-element-3b3ab83d elementor-section-boxed elementor-section-height-default elementor-section-height-default\" data-id=\"3b3ab83d\" data-element_type=\"section\" data-settings=\"{&quot;background_background&quot;:&quot;classic&quot;,&quot;shape_divider_bottom&quot;:&quot;opacity-tilt&quot;}\">\n\t\t\t\t\t\t\t<div class=\"elementor-background-overlay\"><\/div>\n\t\t\t\t\t\t<div class=\"elementor-shape elementor-shape-bottom\" aria-hidden=\"true\" data-negative=\"false\">\n\t\t\t<svg xmlns=\"http:\/\/www.w3.org\/2000\/svg\" viewBox=\"0 0 2600 131.1\" preserveAspectRatio=\"none\">\n\t<path class=\"elementor-shape-fill\" d=\"M0 0L2600 0 2600 69.1 0 0z\"\/>\n\t<path class=\"elementor-shape-fill\" style=\"opacity:0.5\" d=\"M0 0L2600 0 2600 69.1 0 69.1z\"\/>\n\t<path class=\"elementor-shape-fill\" style=\"opacity:0.25\" d=\"M2600 0L0 0 0 130.1 2600 69.1z\"\/>\n<\/svg>\t\t<\/div>\n\t\t\t\t\t<div class=\"elementor-container elementor-column-gap-default\">\n\t\t\t\t\t<div class=\"elementor-column elementor-col-100 elementor-top-column elementor-element elementor-element-2f629943\" data-id=\"2f629943\" data-element_type=\"column\">\n\t\t\t<div class=\"elementor-widget-wrap elementor-element-populated\">\n\t\t\t\t\t\t<div class=\"elementor-element elementor-element-37ec92fb elementor-widget elementor-widget-heading\" data-id=\"37ec92fb\" data-element_type=\"widget\" data-widget_type=\"heading.default\">\n\t\t\t\t<div class=\"elementor-widget-container\">\n\t\t\t\t\t<h2 class=\"elementor-heading-title elementor-size-default\">Unser Team<\/h2>\t\t\t\t<\/div>\n\t\t\t\t<\/div>\n\t\t\t\t\t<\/div>\n\t\t<\/div>\n\t\t\t\t\t<\/div>\n\t\t<\/section>\n\t\t<div class=\"elementor-element elementor-element-4922f6c e-flex e-con-boxed e-con e-parent\" data-id=\"4922f6c\" data-element_type=\"container\">\n\t\t\t\t\t<div class=\"e-con-inner\">\n\t\t<div class=\"elementor-element elementor-element-3720514 e-con-full e-flex e-con e-child\" data-id=\"3720514\" data-element_type=\"container\">\n\t\t\t\t<div class=\"elementor-element elementor-element-8d7ea0b elementor-widget elementor-widget-heading\" data-id=\"8d7ea0b\" data-element_type=\"widget\" data-widget_type=\"heading.default\">\n\t\t\t\t<div class=\"elementor-widget-container\">\n\t\t\t\t\t<h2 class=\"elementor-heading-title elementor-size-default\">\u00c4rztliche Leitung<\/h2>\t\t\t\t<\/div>\n\t\t\t\t<\/div>\n\t\t\t\t<\/div>\n\t\t\t\t\t<\/div>\n\t\t\t\t<\/div>\n\t\t<a class=\"elementor-element elementor-element-86519ef e-flex e-con-boxed e-con e-parent\" data-id=\"86519ef\" data-element_type=\"container\" href=\"https:\/\/respiro-zpp.ch\/dr-med-univ-metin-aysel\/\">\n\t\t\t\t\t<div class=\"e-con-inner\">\n\t\t\t\t<div class=\"elementor-element elementor-element-bd8ef05 elementor-widget elementor-widget-jkit_team\" data-id=\"bd8ef05\" data-element_type=\"widget\" data-widget_type=\"jkit_team.default\">\n\t\t\t\t<div class=\"elementor-widget-container\">\n\t\t\t\t\t<div  class=\"jeg-elementor-kit jkit-team style-overlay overlay-bottom jeg_module___69e09a2e72742\" ><div class=\"profile-card elementor-animation-grow\"><img fetchpriority=\"high\" decoding=\"async\" width=\"300\" height=\"300\" src=\"https:\/\/respiro-zpp.ch\/wp-content\/uploads\/2024\/03\/metin-aysel-1-300x300.webp\" class=\"attachment-medium size-medium\" alt=\"Metin Aysel\" url=\"https:\/\/respiro-zpp.ch\/wp-content\/uploads\/2024\/03\/metin-aysel-1.webp\" source=\"library\" srcset=\"https:\/\/respiro-zpp.ch\/wp-content\/uploads\/2024\/03\/metin-aysel-1-300x300.webp 300w, https:\/\/respiro-zpp.ch\/wp-content\/uploads\/2024\/03\/metin-aysel-1-150x150.webp 150w, https:\/\/respiro-zpp.ch\/wp-content\/uploads\/2024\/03\/metin-aysel-1.webp 768w\" sizes=\"(max-width: 300px) 100vw, 300px\" \/>\n                <div class=\"hover-area alignment-bottom\"><div class=\"profile-body\">\n                <h2 class=\"profile-title\">Metin Aysel<\/h2>\n                <p class=\"profile-designation\">Dr. med. univ.<\/p>\n                \n                <ul class=\"social-list\"><\/ul>\n            <\/div><\/div>\n            <\/div><\/div>\t\t\t\t<\/div>\n\t\t\t\t<\/div>\n\t\t\t\t\t<\/div>\n\t\t\t\t<\/a>\n\t\t<div class=\"elementor-element elementor-element-8e2f1bc e-flex e-con-boxed e-con e-parent\" data-id=\"8e2f1bc\" data-element_type=\"container\">\n\t\t\t\t\t<div class=\"e-con-inner\">\n\t\t<div class=\"elementor-element elementor-element-ff30394 e-con-full e-flex e-con e-child\" data-id=\"ff30394\" data-element_type=\"container\">\n\t\t<a class=\"elementor-element elementor-element-80b2c62 e-grid e-con-full e-con e-child\" data-id=\"80b2c62\" data-element_type=\"container\" data-settings=\"{&quot;background_background&quot;:&quot;gradient&quot;}\" href=\"https:\/\/respiro-zpp.ch\/somay-dalin\/\">\n\t\t\t\t<div class=\"elementor-element elementor-element-181e37d elementor-widget elementor-widget-heading\" data-id=\"181e37d\" data-element_type=\"widget\" data-widget_type=\"heading.default\">\n\t\t\t\t<div class=\"elementor-widget-container\">\n\t\t\t\t\t<h2 class=\"elementor-heading-title elementor-size-default\">Praxismanagerin<\/h2>\t\t\t\t<\/div>\n\t\t\t\t<\/div>\n\t\t\t\t<div class=\"elementor-element elementor-element-b4a279a elementor-widget elementor-widget-jkit_team\" data-id=\"b4a279a\" data-element_type=\"widget\" data-widget_type=\"jkit_team.default\">\n\t\t\t\t<div class=\"elementor-widget-container\">\n\t\t\t\t\t<div  class=\"jeg-elementor-kit jkit-team style-overlay overlay-bottom jeg_module__1_69e09a2e7353a\" ><div class=\"profile-card elementor-animation-grow\"><img decoding=\"async\" width=\"224\" height=\"300\" src=\"https:\/\/respiro-zpp.ch\/wp-content\/uploads\/2025\/04\/WhatsApp-Image-2025-04-16-at-21.59.23-224x300.jpeg\" class=\"attachment-medium size-medium\" alt=\"Somay Dalin\" url=\"https:\/\/respiro-zpp.ch\/wp-content\/uploads\/2025\/04\/WhatsApp-Image-2025-04-16-at-21.59.23.jpeg\" source=\"library\" srcset=\"https:\/\/respiro-zpp.ch\/wp-content\/uploads\/2025\/04\/WhatsApp-Image-2025-04-16-at-21.59.23-224x300.jpeg 224w, https:\/\/respiro-zpp.ch\/wp-content\/uploads\/2025\/04\/WhatsApp-Image-2025-04-16-at-21.59.23.jpeg 332w\" sizes=\"(max-width: 224px) 100vw, 224px\" \/>\n                <div class=\"hover-area alignment-bottom\"><div class=\"profile-body\">\n                <h2 class=\"profile-title\">Somay Dalin<\/h2>\n                <p class=\"profile-designation\">dipl. Praxismanagerin<\/p>\n                \n                <ul class=\"social-list\"><\/ul>\n            <\/div><\/div>\n            <\/div><\/div>\t\t\t\t<\/div>\n\t\t\t\t<\/div>\n\t\t\t\t<\/a>\n\t\t\t\t<\/div>\n\t\t<div class=\"elementor-element elementor-element-feb7e51 e-con-full e-flex e-con e-child\" data-id=\"feb7e51\" data-element_type=\"container\">\n\t\t<div class=\"elementor-element elementor-element-aa2bc3b e-grid e-con-full e-con e-child\" data-id=\"aa2bc3b\" data-element_type=\"container\">\n\t\t\t\t<div class=\"elementor-element elementor-element-25b288e elementor-widget elementor-widget-heading\" data-id=\"25b288e\" data-element_type=\"widget\" data-widget_type=\"heading.default\">\n\t\t\t\t<div class=\"elementor-widget-container\">\n\t\t\t\t\t<h2 class=\"elementor-heading-title elementor-size-default\">Psychiater\/innen<\/h2>\t\t\t\t<\/div>\n\t\t\t\t<\/div>\n\t\t<div class=\"elementor-element elementor-element-d41dd9c e-grid e-con-full e-con e-child\" data-id=\"d41dd9c\" data-element_type=\"container\">\n\t\t<a class=\"elementor-element elementor-element-8c47dd7 e-con-full e-flex e-con e-child\" data-id=\"8c47dd7\" data-element_type=\"container\" href=\"https:\/\/respiro-zpp.ch\/maria-dokianaki-2\/\">\n\t\t\t\t<div class=\"elementor-element elementor-element-0854d10 elementor-widget elementor-widget-jkit_team\" data-id=\"0854d10\" data-element_type=\"widget\" data-widget_type=\"jkit_team.default\">\n\t\t\t\t<div class=\"elementor-widget-container\">\n\t\t\t\t\t<div  class=\"jeg-elementor-kit jkit-team style-overlay overlay-bottom jeg_module__2_69e09a2e74034\" ><div class=\"profile-card elementor-animation-grow\"><img decoding=\"async\" width=\"300\" height=\"300\" src=\"https:\/\/respiro-zpp.ch\/wp-content\/uploads\/2024\/03\/mariadokianaki-300x300.webp\" class=\"attachment-medium size-medium\" alt=\"Maria Dokianaki\" url=\"https:\/\/respiro-zpp.ch\/wp-content\/uploads\/2024\/03\/mariadokianaki.webp\" source=\"library\" srcset=\"https:\/\/respiro-zpp.ch\/wp-content\/uploads\/2024\/03\/mariadokianaki-300x300.webp 300w, https:\/\/respiro-zpp.ch\/wp-content\/uploads\/2024\/03\/mariadokianaki-150x150.webp 150w, https:\/\/respiro-zpp.ch\/wp-content\/uploads\/2024\/03\/mariadokianaki.webp 768w\" sizes=\"(max-width: 300px) 100vw, 300px\" \/>\n                <div class=\"hover-area alignment-bottom\"><div class=\"profile-body\">\n                <h2 class=\"profile-title\">Maria Dokianaki<\/h2>\n                <p class=\"profile-designation\">Assistenz\u00e4rztin<\/p>\n                \n                <ul class=\"social-list\"><\/ul>\n            <\/div><\/div>\n            <\/div><\/div>\t\t\t\t<\/div>\n\t\t\t\t<\/div>\n\t\t\t\t<\/a>\n\t\t<a class=\"elementor-element elementor-element-69cfed5 e-con-full e-flex e-con e-child\" data-id=\"69cfed5\" data-element_type=\"container\" href=\"https:\/\/respiro-zpp.ch\/steffen-kirsten\/\">\n\t\t\t\t<div class=\"elementor-element elementor-element-5a185b3 elementor-widget elementor-widget-jkit_team\" data-id=\"5a185b3\" data-element_type=\"widget\" data-widget_type=\"jkit_team.default\">\n\t\t\t\t<div class=\"elementor-widget-container\">\n\t\t\t\t\t<div  class=\"jeg-elementor-kit jkit-team style-overlay overlay-bottom jeg_module__3_69e09a2e74b95\" ><div class=\"profile-card elementor-animation-grow\"><img loading=\"lazy\" decoding=\"async\" width=\"300\" height=\"300\" src=\"https:\/\/respiro-zpp.ch\/wp-content\/uploads\/2025\/09\/respiro-photo-300x300.png\" class=\"attachment-medium size-medium\" alt=\"Steffen Kirsten\" url=\"https:\/\/respiro-zpp.ch\/wp-content\/uploads\/2025\/09\/respiro-photo.png\" source=\"library\" srcset=\"https:\/\/respiro-zpp.ch\/wp-content\/uploads\/2025\/09\/respiro-photo-300x300.png 300w, https:\/\/respiro-zpp.ch\/wp-content\/uploads\/2025\/09\/respiro-photo-100x100.png 100w, https:\/\/respiro-zpp.ch\/wp-content\/uploads\/2025\/09\/respiro-photo-600x600.png 600w, https:\/\/respiro-zpp.ch\/wp-content\/uploads\/2025\/09\/respiro-photo-150x150.png 150w, https:\/\/respiro-zpp.ch\/wp-content\/uploads\/2025\/09\/respiro-photo-768x768.png 768w, https:\/\/respiro-zpp.ch\/wp-content\/uploads\/2025\/09\/respiro-photo-12x12.png 12w, https:\/\/respiro-zpp.ch\/wp-content\/uploads\/2025\/09\/respiro-photo.png 1000w\" sizes=\"(max-width: 300px) 100vw, 300px\" \/>\n                <div class=\"hover-area alignment-bottom\"><div class=\"profile-body\">\n                <h2 class=\"profile-title\">Steffen Kirsten<\/h2>\n                <p class=\"profile-designation\">Assistenzarzt<\/p>\n                \n                <ul class=\"social-list\"><\/ul>\n            <\/div><\/div>\n            <\/div><\/div>\t\t\t\t<\/div>\n\t\t\t\t<\/div>\n\t\t\t\t<\/a>\n\t\t<a class=\"elementor-element elementor-element-69b1ca1 e-con-full e-flex e-con e-child\" data-id=\"69b1ca1\" data-element_type=\"container\" href=\"https:\/\/respiro-zpp.ch\/renate-sblendorio\/\">\n\t\t\t\t<div class=\"elementor-element elementor-element-9c50811 elementor-widget elementor-widget-jkit_team\" data-id=\"9c50811\" data-element_type=\"widget\" data-widget_type=\"jkit_team.default\">\n\t\t\t\t<div class=\"elementor-widget-container\">\n\t\t\t\t\t<div  class=\"jeg-elementor-kit jkit-team style-overlay overlay-bottom jeg_module__4_69e09a2e7570b\" ><div class=\"profile-card elementor-animation-grow\"><img loading=\"lazy\" decoding=\"async\" width=\"300\" height=\"300\" src=\"https:\/\/respiro-zpp.ch\/wp-content\/uploads\/2025\/09\/respiro-photo-300x300.png\" class=\"attachment-medium size-medium\" alt=\"Renate Sblendorio\" url=\"https:\/\/respiro-zpp.ch\/wp-content\/uploads\/2025\/09\/respiro-photo.png\" source=\"library\" srcset=\"https:\/\/respiro-zpp.ch\/wp-content\/uploads\/2025\/09\/respiro-photo-300x300.png 300w, https:\/\/respiro-zpp.ch\/wp-content\/uploads\/2025\/09\/respiro-photo-100x100.png 100w, https:\/\/respiro-zpp.ch\/wp-content\/uploads\/2025\/09\/respiro-photo-600x600.png 600w, https:\/\/respiro-zpp.ch\/wp-content\/uploads\/2025\/09\/respiro-photo-150x150.png 150w, https:\/\/respiro-zpp.ch\/wp-content\/uploads\/2025\/09\/respiro-photo-768x768.png 768w, https:\/\/respiro-zpp.ch\/wp-content\/uploads\/2025\/09\/respiro-photo-12x12.png 12w, https:\/\/respiro-zpp.ch\/wp-content\/uploads\/2025\/09\/respiro-photo.png 1000w\" sizes=\"(max-width: 300px) 100vw, 300px\" \/>\n                <div class=\"hover-area alignment-bottom\"><div class=\"profile-body\">\n                <h2 class=\"profile-title\">Renate Sblendorio<\/h2>\n                <p class=\"profile-designation\">\u00c4rztin<\/p>\n                \n                <ul class=\"social-list\"><\/ul>\n            <\/div><\/div>\n            <\/div><\/div>\t\t\t\t<\/div>\n\t\t\t\t<\/div>\n\t\t\t\t<\/a>\n\t\t\t\t<\/div>\n\t\t\t\t<\/div>\n\t\t\t\t<\/div>\n\t\t\t\t\t<\/div>\n\t\t\t\t<\/div>\n\t\t<div class=\"elementor-element elementor-element-2d23ea1 e-flex e-con-boxed e-con e-parent\" data-id=\"2d23ea1\" data-element_type=\"container\">\n\t\t\t\t\t<div class=\"e-con-inner\">\n\t\t<div class=\"elementor-element elementor-element-979b233 e-con-full e-flex e-con e-child\" data-id=\"979b233\" data-element_type=\"container\">\n\t\t<a class=\"elementor-element elementor-element-3079830 e-grid e-con-full e-con e-child\" data-id=\"3079830\" data-element_type=\"container\" href=\"https:\/\/respiro-zpp.ch\/birgit-maria-brunner\/\">\n\t\t\t\t<div class=\"elementor-element elementor-element-e255d28 elementor-widget elementor-widget-heading\" data-id=\"e255d28\" data-element_type=\"widget\" data-widget_type=\"heading.default\">\n\t\t\t\t<div class=\"elementor-widget-container\">\n\t\t\t\t\t<h3 class=\"elementor-heading-title elementor-size-default\">Hypnosetherapie<\/h3>\t\t\t\t<\/div>\n\t\t\t\t<\/div>\n\t\t\t\t<div class=\"elementor-element elementor-element-324be00 elementor-widget elementor-widget-jkit_team\" data-id=\"324be00\" data-element_type=\"widget\" data-widget_type=\"jkit_team.default\">\n\t\t\t\t<div class=\"elementor-widget-container\">\n\t\t\t\t\t<div  class=\"jeg-elementor-kit jkit-team style-overlay overlay-bottom jeg_module__5_69e09a2e75f28\" ><div class=\"profile-card elementor-animation-grow\"><img loading=\"lazy\" decoding=\"async\" width=\"300\" height=\"300\" src=\"https:\/\/respiro-zpp.ch\/wp-content\/uploads\/2024\/03\/Birgit-Maria-Brunner-neww1-1-300x300.webp\" class=\"attachment-medium size-medium\" alt=\"Birgit Maria Brunner\" url=\"https:\/\/respiro-zpp.ch\/wp-content\/uploads\/2024\/03\/Birgit-Maria-Brunner-neww1-1.webp\" source=\"library\" srcset=\"https:\/\/respiro-zpp.ch\/wp-content\/uploads\/2024\/03\/Birgit-Maria-Brunner-neww1-1-300x300.webp 300w, https:\/\/respiro-zpp.ch\/wp-content\/uploads\/2024\/03\/Birgit-Maria-Brunner-neww1-1-150x150.webp 150w, https:\/\/respiro-zpp.ch\/wp-content\/uploads\/2024\/03\/Birgit-Maria-Brunner-neww1-1.webp 768w\" sizes=\"(max-width: 300px) 100vw, 300px\" \/>\n                <div class=\"hover-area alignment-bottom\"><div class=\"profile-body\">\n                <h4 class=\"profile-title\">Birgit Maria Brunner<\/h4>\n                <p class=\"profile-designation\">Dipl. Entspannungscoach, Dipl. Hypnosetherapeutin <\/p>\n                \n                <ul class=\"social-list\"><\/ul>\n            <\/div><\/div>\n            <\/div><\/div>\t\t\t\t<\/div>\n\t\t\t\t<\/div>\n\t\t\t\t<\/a>\n\t\t\t\t<\/div>\n\t\t<div class=\"elementor-element elementor-element-a64fb78 e-con-full e-flex e-con e-child\" data-id=\"a64fb78\" data-element_type=\"container\">\n\t\t<a class=\"elementor-element elementor-element-c149f09 e-grid e-con-full e-con e-child\" data-id=\"c149f09\" data-element_type=\"container\" href=\"https:\/\/respiro-zpp.ch\/nesrin-gueven\/\">\n\t\t\t\t<div class=\"elementor-element elementor-element-143b587 elementor-widget elementor-widget-heading\" data-id=\"143b587\" data-element_type=\"widget\" data-widget_type=\"heading.default\">\n\t\t\t\t<div class=\"elementor-widget-container\">\n\t\t\t\t\t<h5 class=\"elementor-heading-title elementor-size-default\">Erziehungs\/Spielberatung<\/h5>\t\t\t\t<\/div>\n\t\t\t\t<\/div>\n\t\t\t\t<div class=\"elementor-element elementor-element-529ab9b elementor-widget elementor-widget-jkit_team\" data-id=\"529ab9b\" data-element_type=\"widget\" data-widget_type=\"jkit_team.default\">\n\t\t\t\t<div class=\"elementor-widget-container\">\n\t\t\t\t\t<div  class=\"jeg-elementor-kit jkit-team style-overlay overlay-bottom jeg_module__6_69e09a2e76b82\" ><div class=\"profile-card elementor-animation-grow\"><img loading=\"lazy\" decoding=\"async\" width=\"300\" height=\"300\" src=\"https:\/\/respiro-zpp.ch\/wp-content\/uploads\/2025\/06\/nesrin_png-300x300.png\" class=\"attachment-medium size-medium\" alt=\"Nesrin G\u00fcven\" url=\"https:\/\/respiro-zpp.ch\/wp-content\/uploads\/2025\/06\/nesrin_png.png\" source=\"library\" srcset=\"https:\/\/respiro-zpp.ch\/wp-content\/uploads\/2025\/06\/nesrin_png-300x300.png 300w, https:\/\/respiro-zpp.ch\/wp-content\/uploads\/2025\/06\/nesrin_png-150x150.png 150w, https:\/\/respiro-zpp.ch\/wp-content\/uploads\/2025\/06\/nesrin_png-768x768.png 768w, https:\/\/respiro-zpp.ch\/wp-content\/uploads\/2025\/06\/nesrin_png-12x12.png 12w, https:\/\/respiro-zpp.ch\/wp-content\/uploads\/2025\/06\/nesrin_png.png 1000w\" sizes=\"(max-width: 300px) 100vw, 300px\" \/>\n                <div class=\"hover-area alignment-bottom\"><div class=\"profile-body\">\n                <h4 class=\"profile-title\">Nesrin G\u00fcven<\/h4>\n                <p class=\"profile-designation\">Erziehungs- und Spielberaterin<\/p>\n                \n                <ul class=\"social-list\"><\/ul>\n            <\/div><\/div>\n            <\/div><\/div>\t\t\t\t<\/div>\n\t\t\t\t<\/div>\n\t\t\t\t<\/a>\n\t\t\t\t<\/div>\n\t\t<div class=\"elementor-element elementor-element-5bd2c0d e-con-full e-flex e-con e-child\" data-id=\"5bd2c0d\" data-element_type=\"container\">\n\t\t<a class=\"elementor-element elementor-element-e020b2e e-grid e-con-full e-con e-child\" data-id=\"e020b2e\" data-element_type=\"container\" href=\"https:\/\/respiro-zpp.ch\/aynur-akalin\/\">\n\t\t\t\t<\/a>\n\t\t\t\t<\/div>\n\t\t\t\t\t<\/div>\n\t\t\t\t<\/div>\n\t\t<div class=\"elementor-element elementor-element-eb52660 e-flex e-con-boxed e-con e-parent\" data-id=\"eb52660\" data-element_type=\"container\">\n\t\t\t\t\t<div class=\"e-con-inner\">\n\t\t<div class=\"elementor-element elementor-element-a54cb79 e-con-full e-flex e-con e-child\" data-id=\"a54cb79\" data-element_type=\"container\">\n\t\t<div class=\"elementor-element elementor-element-e103618 e-con-full e-flex e-con e-child\" data-id=\"e103618\" data-element_type=\"container\">\n\t\t<div class=\"elementor-element elementor-element-7b13fa7 e-grid e-con-full e-con e-child\" data-id=\"7b13fa7\" data-element_type=\"container\">\n\t\t\t\t<div class=\"elementor-element elementor-element-db19cc8 elementor-widget elementor-widget-heading\" data-id=\"db19cc8\" data-element_type=\"widget\" data-widget_type=\"heading.default\">\n\t\t\t\t<div class=\"elementor-widget-container\">\n\t\t\t\t\t<h3 class=\"elementor-heading-title elementor-size-default\">Arztsekret\u00e4rin<\/h3>\t\t\t\t<\/div>\n\t\t\t\t<\/div>\n\t\t\t\t<div class=\"elementor-element elementor-element-edc9789 elementor-widget elementor-widget-jkit_team\" data-id=\"edc9789\" data-element_type=\"widget\" data-widget_type=\"jkit_team.default\">\n\t\t\t\t<div class=\"elementor-widget-container\">\n\t\t\t\t\t<div  class=\"jeg-elementor-kit jkit-team style-overlay overlay-bottom jeg_module__7_69e09a2e776d5\" ><div class=\"profile-card elementor-animation-grow\"><img loading=\"lazy\" decoding=\"async\" width=\"300\" height=\"300\" src=\"https:\/\/respiro-zpp.ch\/wp-content\/uploads\/2025\/05\/resimsablon11-300x300.png\" class=\"attachment-medium size-medium\" alt=\"Aicha Kethiri\" url=\"https:\/\/respiro-zpp.ch\/wp-content\/uploads\/2025\/05\/resimsablon11.png\" source=\"library\" srcset=\"https:\/\/respiro-zpp.ch\/wp-content\/uploads\/2025\/05\/resimsablon11-300x300.png 300w, https:\/\/respiro-zpp.ch\/wp-content\/uploads\/2025\/05\/resimsablon11-150x150.png 150w, https:\/\/respiro-zpp.ch\/wp-content\/uploads\/2025\/05\/resimsablon11-768x768.png 768w, https:\/\/respiro-zpp.ch\/wp-content\/uploads\/2025\/05\/resimsablon11.png 1000w\" sizes=\"(max-width: 300px) 100vw, 300px\" \/>\n                <div class=\"hover-area alignment-bottom\"><div class=\"profile-body\">\n                <h4 class=\"profile-title\">Aicha Kethiri<\/h4>\n                <p class=\"profile-designation\">Arztsekret\u00e4rin<\/p>\n                \n                <ul class=\"social-list\"><\/ul>\n            <\/div><\/div>\n            <\/div><\/div>\t\t\t\t<\/div>\n\t\t\t\t<\/div>\n\t\t\t\t<\/div>\n\t\t\t\t<\/div>\n\t\t<div class=\"elementor-element elementor-element-461d67c e-con-full e-flex e-con e-child\" data-id=\"461d67c\" data-element_type=\"container\">\n\t\t<div class=\"elementor-element elementor-element-5239766 e-grid e-con-full e-con e-child\" data-id=\"5239766\" data-element_type=\"container\">\n\t\t\t\t<div class=\"elementor-element elementor-element-4633d8a elementor-widget elementor-widget-heading\" data-id=\"4633d8a\" data-element_type=\"widget\" data-widget_type=\"heading.default\">\n\t\t\t\t<div class=\"elementor-widget-container\">\n\t\t\t\t\t<h3 class=\"elementor-heading-title elementor-size-default\">Praktikantin<\/h3>\t\t\t\t<\/div>\n\t\t\t\t<\/div>\n\t\t\t\t<div class=\"elementor-element elementor-element-bff72f5 elementor-widget elementor-widget-jkit_team\" data-id=\"bff72f5\" data-element_type=\"widget\" data-widget_type=\"jkit_team.default\">\n\t\t\t\t<div class=\"elementor-widget-container\">\n\t\t\t\t\t<div  class=\"jeg-elementor-kit jkit-team style-overlay overlay-bottom jeg_module__8_69e09a2e78233\" ><div class=\"profile-card elementor-animation-grow\"><img loading=\"lazy\" decoding=\"async\" width=\"300\" height=\"300\" src=\"https:\/\/respiro-zpp.ch\/wp-content\/uploads\/2025\/09\/respiro-ivana2png-300x300.png\" class=\"attachment-medium size-medium\" alt=\"Ivana Grofec\" url=\"https:\/\/respiro-zpp.ch\/wp-content\/uploads\/2025\/09\/respiro-ivana2png.png\" source=\"library\" srcset=\"https:\/\/respiro-zpp.ch\/wp-content\/uploads\/2025\/09\/respiro-ivana2png-300x300.png 300w, https:\/\/respiro-zpp.ch\/wp-content\/uploads\/2025\/09\/respiro-ivana2png-100x100.png 100w, https:\/\/respiro-zpp.ch\/wp-content\/uploads\/2025\/09\/respiro-ivana2png-600x600.png 600w, https:\/\/respiro-zpp.ch\/wp-content\/uploads\/2025\/09\/respiro-ivana2png-150x150.png 150w, https:\/\/respiro-zpp.ch\/wp-content\/uploads\/2025\/09\/respiro-ivana2png-768x768.png 768w, https:\/\/respiro-zpp.ch\/wp-content\/uploads\/2025\/09\/respiro-ivana2png-12x12.png 12w, https:\/\/respiro-zpp.ch\/wp-content\/uploads\/2025\/09\/respiro-ivana2png.png 1000w\" sizes=\"(max-width: 300px) 100vw, 300px\" \/>\n                <div class=\"hover-area alignment-bottom\"><div class=\"profile-body\">\n                <h4 class=\"profile-title\">Ivana Grofec<\/h4>\n                <p class=\"profile-designation\">Arztsekret\u00e4rin<\/p>\n                \n                <ul class=\"social-list\"><\/ul>\n            <\/div><\/div>\n            <\/div><\/div>\t\t\t\t<\/div>\n\t\t\t\t<\/div>\n\t\t\t\t<\/div>\n\t\t\t\t<\/div>\n\t\t\t\t<\/div>\n\t\t\t\t\t<\/div>\n\t\t\t\t<\/div>\n\t\t\t\t<\/div>\n\t\t","protected":false},"excerpt":{"rendered":"<p>Unser Team \u00c4rztliche Leitung Metin Aysel Dr. med. univ. Praxismanagerin Somay Dalin dipl. Praxismanagerin Psychiater\/innen Maria Dokianaki Assistenz\u00e4rztin Steffen Kirsten Assistenzarzt Renate Sblendorio \u00c4rztin Hypnosetherapie Birgit Maria Brunner Dipl. Entspannungscoach, Dipl. Hypnosetherapeutin Erziehungs\/Spielberatung Nesrin G\u00fcven Erziehungs- und Spielberaterin Arztsekret\u00e4rin Aicha Kethiri Arztsekret\u00e4rin Praktikantin Ivana Grofec Arztsekret\u00e4rin<\/p>\n","protected":false},"author":2,"featured_media":0,"parent":0,"menu_order":0,"comment_status":"closed","ping_status":"closed","template":"elementor_header_footer","meta":{"_seopress_robots_primary_cat":"","_seopress_titles_title":"","_seopress_titles_desc":"","_seopress_robots_index":"","footnotes":""},"class_list":["post-153","page","type-page","status-publish","hentry"],"_links":{"self":[{"href":"https:\/\/respiro-zpp.ch\/de\/wp-json\/wp\/v2\/pages\/153","targetHints":{"allow":["GET"]}}],"collection":[{"href":"https:\/\/respiro-zpp.ch\/de\/wp-json\/wp\/v2\/pages"}],"about":[{"href":"https:\/\/respiro-zpp.ch\/de\/wp-json\/wp\/v2\/types\/page"}],"author":[{"embeddable":true,"href":"https:\/\/respiro-zpp.ch\/de\/wp-json\/wp\/v2\/users\/2"}],"replies":[{"embeddable":true,"href":"https:\/\/respiro-zpp.ch\/de\/wp-json\/wp\/v2\/comments?post=153"}],"version-history":[{"count":454,"href":"https:\/\/respiro-zpp.ch\/de\/wp-json\/wp\/v2\/pages\/153\/revisions"}],"predecessor-version":[{"id":4106,"href":"https:\/\/respiro-zpp.ch\/de\/wp-json\/wp\/v2\/pages\/153\/revisions\/4106"}],"wp:attachment":[{"href":"https:\/\/respiro-zpp.ch\/de\/wp-json\/wp\/v2\/media?parent=153"}],"curies":[{"name":"wp","href":"https:\/\/api.w.org\/{rel}","templated":true}]}}